{"id":1262,"date":"2023-10-04T19:52:34","date_gmt":"2023-10-04T19:52:34","guid":{"rendered":"https:\/\/hakuna-tv.com\/?page_id=1262"},"modified":"2023-10-04T19:54:39","modified_gmt":"2023-10-04T19:54:39","slug":"gdpr-politikasi","status":"publish","type":"page","link":"https:\/\/hakuna-tv.com\/hakuna-turq\/gdpr-politikasi\/","title":{"rendered":"GDPR Politikas\u0131"},"content":{"rendered":"<div data-elementor-type=\"wp-page\" data-elementor-id=\"1262\" class=\"elementor elementor-1262\" data-elementor-post-type=\"page\">\n\t\t\t\t\t\t<section class=\"elementor-section elementor-top-section elementor-element elementor-element-0f8a65f elementor-section-boxed elementor-section-height-default elementor-section-height-default\" data-id=\"0f8a65f\" data-element_type=\"section\" data-e-type=\"section\" data-settings=\"{&quot;background_background&quot;:&quot;classic&quot;}\">\n\t\t\t\t\t\t\t<div class=\"elementor-background-overlay\"><\/div>\n\t\t\t\t\t\t\t<div class=\"elementor-container elementor-column-gap-default\">\n\t\t\t\t\t<div class=\"elementor-column elementor-col-100 elementor-top-column elementor-element elementor-element-d09dc73\" data-id=\"d09dc73\" data-element_type=\"column\" data-e-type=\"column\">\n\t\t\t<div class=\"elementor-widget-wrap\">\n\t\t\t\t\t\t\t<\/div>\n\t\t<\/div>\n\t\t\t\t\t<\/div>\n\t\t<\/section>\n\t\t\t\t<section class=\"elementor-section elementor-top-section elementor-element elementor-element-b4cf129 elementor-section-full_width elementor-section-height-default elementor-section-height-default\" data-id=\"b4cf129\" data-element_type=\"section\" data-e-type=\"section\" data-settings=\"{&quot;background_background&quot;:&quot;slideshow&quot;,&quot;background_slideshow_gallery&quot;:[],&quot;background_slideshow_loop&quot;:&quot;yes&quot;,&quot;background_slideshow_slide_duration&quot;:5000,&quot;background_slideshow_slide_transition&quot;:&quot;fade&quot;,&quot;background_slideshow_transition_duration&quot;:500}\">\n\t\t\t\t\t\t\t<div class=\"elementor-background-overlay\"><\/div>\n\t\t\t\t\t\t\t<div class=\"elementor-container elementor-column-gap-default\">\n\t\t\t\t\t<div class=\"elementor-column elementor-col-100 elementor-top-column elementor-element elementor-element-3ec8eeb\" data-id=\"3ec8eeb\" data-element_type=\"column\" data-e-type=\"column\">\n\t\t\t<div class=\"elementor-widget-wrap elementor-element-populated\">\n\t\t\t\t\t\t<div class=\"elementor-element elementor-element-790724d elementor-widget elementor-widget-spacer\" data-id=\"790724d\" data-element_type=\"widget\" data-e-type=\"widget\" data-widget_type=\"spacer.default\">\n\t\t\t\t<div class=\"elementor-widget-container\">\n\t\t\t\t\t\t\t<div class=\"elementor-spacer\">\n\t\t\t<div class=\"elementor-spacer-inner\"><\/div>\n\t\t<\/div>\n\t\t\t\t\t\t<\/div>\n\t\t\t\t<\/div>\n\t\t\t\t<div class=\"elementor-element elementor-element-cdadb86 elementor-widget elementor-widget-heading\" data-id=\"cdadb86\" data-element_type=\"widget\" data-e-type=\"widget\" data-widget_type=\"heading.default\">\n\t\t\t\t<div class=\"elementor-widget-container\">\n\t\t\t\t\t<h2 class=\"elementor-heading-title elementor-size-default\">GDPR Politikas\u0131 - Hakuna IPTV<\/h2>\t\t\t\t<\/div>\n\t\t\t\t<\/div>\n\t\t\t\t<div class=\"elementor-element elementor-element-ea50da2 elementor-widget elementor-widget-text-editor\" data-id=\"ea50da2\" data-element_type=\"widget\" data-e-type=\"widget\" data-widget_type=\"text-editor.default\">\n\t\t\t\t<div class=\"elementor-widget-container\">\n\t\t\t\t\t\t\t\t\t<div class=\"elementor-element elementor-element-9ebf88b elementor-widget elementor-widget-text-editor\" data-id=\"9ebf88b\" data-element_type=\"widget\" data-widget_type=\"text-editor.default\"><div class=\"elementor-widget-container\"><div id=\"content\" class=\"site-content\"><div class=\"ast-container\"><div id=\"primary\" class=\"content-area primary\"><main id=\"main\" class=\"site-main\"><article id=\"post-4121\" class=\"post-4121 page type-page status-publish ast-article-single\"><div class=\"entry-content clear\"><div class=\"elementor elementor-4121\" data-elementor-type=\"wp-page\" data-elementor-id=\"4121\"><section class=\"elementor-section elementor-top-section elementor-element elementor-element-ccd8f0b elementor-section-boxed elementor-section-height-default elementor-section-height-default\" data-particle_enable=\"false\" data-particle-mobile-disabled=\"false\" data-id=\"ccd8f0b\" data-element_type=\"section\"><div class=\"elementor-container elementor-column-gap-default\"><div class=\"elementor-column elementor-col-100 elementor-top-column elementor-element elementor-element-a6e4cb1\" data-id=\"a6e4cb1\" data-element_type=\"column\"><div class=\"elementor-widget-wrap elementor-element-populated\"><div class=\"elementor-element elementor-element-3879892 elementor-widget elementor-widget-text-editor\" data-id=\"3879892\" data-element_type=\"widget\" data-widget_type=\"text-editor.default\"><div class=\"elementor-widget-container\"><p>Y\u00fcr\u00fcrl\u00fck Tarihi: 5 Nisan 2018<\/p><\/div><\/div><div class=\"elementor-element elementor-element-2a780ac elementor-widget elementor-widget-text-editor\" data-id=\"2a780ac\" data-element_type=\"widget\" data-widget_type=\"text-editor.default\"><div class=\"elementor-widget-container\"><p>Hakuna IPTV olarak kullan\u0131c\u0131lar\u0131m\u0131z\u0131n ki\u015fisel bilgilerini korumaya ve AB Genel Veri Koruma Y\u00f6netmeli\u011fi&#039;ne (\u201cGDPR\u201d) ve di\u011fer ge\u00e7erli gizlilik yasalar\u0131na uymaya kararl\u0131y\u0131z.<br \/><br \/>Veri Toplama ve Kullanma<br \/>Hesap olu\u015fturma, abonelik y\u00f6netimi ve m\u00fc\u015fteri deste\u011fi gibi hizmetlerimizi sa\u011flamak i\u00e7in kullan\u0131c\u0131lar\u0131m\u0131z hakk\u0131ndaki ki\u015fisel verileri topluyor ve i\u015fleriz. Toplad\u0131\u011f\u0131m\u0131z Ki\u015fisel Bilgiler ad\u0131n\u0131z\u0131, e-posta adresinizi, telefon numaran\u0131z\u0131, fatura bilgilerinizi ve bize sa\u011flamay\u0131 se\u00e7ti\u011finiz di\u011fer bilgileri i\u00e7erebilir.<br \/><br \/>Ki\u015fisel verileri yaln\u0131zca me\u015fru ama\u00e7larla i\u015fleriz ve bunlar\u0131 toplanma amac\u0131na uygun olmayan ama\u00e7larla kullanmay\u0131z. Ki\u015fisel bilgilerinizi ba\u015fka bir ama\u00e7la kullanmadan \u00f6nce onay\u0131n\u0131z\u0131 alaca\u011f\u0131z.<br \/><br \/>Mahremiyet<br \/>Yetkisiz veya yasa d\u0131\u015f\u0131 i\u015fleme, kazara kaybolma, imha veya hasara kar\u015f\u0131 koruma da dahil olmak \u00fczere, ki\u015fisel verilerinizin g\u00fcvenli\u011fini sa\u011flamak i\u00e7in uygun teknik ve organizasyonel \u00f6nlemleri al\u0131yoruz. Ki\u015fisel bilgilerinizi korumak i\u00e7in \u015fifreleme, g\u00fcvenlik duvarlar\u0131 ve eri\u015fim kontrolleri gibi g\u00fcvenlik \u00f6nlemlerini uygulad\u0131k.<br \/><br \/>veri sahibinin haklar\u0131<br \/>Ki\u015fisel verilerinizin bilgilendirilmesi, d\u00fczeltilmesi, silinmesi, k\u0131s\u0131tlanmas\u0131 ve i\u015flenmesine itiraz etme hakk\u0131n\u0131z bulunmaktad\u0131r. Ayr\u0131ca veri ta\u015f\u0131nabilirli\u011fi hakk\u0131na ve onay\u0131n\u0131z\u0131 istedi\u011finiz zaman geri \u00e7ekme hakk\u0131na da sahipsiniz.<br \/><br \/>Bu haklardan herhangi birini kullanmak veya ki\u015fisel verilerinizi i\u015flememiz hakk\u0131nda \u015fikayette bulunmak i\u00e7in l\u00fctfen bu GDPR Politikas\u0131n\u0131n sonunda verilen ileti\u015fim bilgilerini kullanarak bizimle ileti\u015fime ge\u00e7in.<br \/><br \/>veri aktar\u0131mlar\u0131<br \/>Ki\u015fisel bilgilerinizi Avrupa Ekonomik Alan\u0131 (\u201cAEA\u201d) d\u0131\u015f\u0131na, hizmet sa\u011flay\u0131c\u0131lar\u0131m\u0131z ve ortaklar\u0131m\u0131z da dahil olmak \u00fczere \u00fc\u00e7\u00fcnc\u00fc taraflara aktarabiliriz. Ki\u015fisel bilgilerinizi yaln\u0131zca ki\u015fisel bilgilerinizi korumak i\u00e7in uygun g\u00fcvenlik \u00f6nlemlerine sahip \u00fc\u00e7\u00fcnc\u00fc taraflarla payla\u015f\u0131r\u0131z.<br \/><br \/>veri saklama<br \/>Ki\u015fisel verilerinizi, size hizmetlerimizi sunmak ve yasal y\u00fck\u00fcml\u00fcl\u00fcklere uymak i\u00e7in gerekli oldu\u011fu s\u00fcrece saklayaca\u011f\u0131z. Ki\u015fisel bilgileriniz bu ama\u00e7lar i\u00e7in art\u0131k gerekli olmad\u0131\u011f\u0131nda, bunlar\u0131 g\u00fcvenli bir \u015fekilde silecek veya anonimle\u015ftirece\u011fiz.<br \/><br \/>Bu GDPR Politikas\u0131ndaki G\u00fcncellemeler<br \/>Uygulamalar\u0131m\u0131zdaki veya yasal gerekliliklerdeki de\u011fi\u015fiklikleri yans\u0131tacak \u015fekilde bu GDPR Politikas\u0131n\u0131 zaman zaman g\u00fcncelleyebiliriz. De\u011fi\u015fiklikler i\u00e7in bu GDPR Politikas\u0131n\u0131 d\u00fczenli aral\u0131klarla incelemenizi \u00f6neririz.<br \/><br \/>Bize Ula\u015f\u0131n<br \/>Ki\u015fisel verilerinizi i\u015flememize ili\u015fkin herhangi bir sorunuz veya endi\u015feniz varsa veya veri sahibi olarak haklar\u0131n\u0131z\u0131 kullanmak istiyorsan\u0131z l\u00fctfen bizimle \u015fu adresten ileti\u015fime ge\u00e7in:<br \/><br \/>Hakuna IPTV<br \/>contact@hakuna-iptv.com<\/p><\/div><\/div><\/div><\/div><\/div><\/section><\/div><\/div><\/article><\/main><\/div><\/div><\/div><footer id=\"colophon\" class=\"site-footer\"><div class=\"site-primary-footer-wrap ast-builder-grid-row-container site-footer-focus-item ast-builder-grid-row-4-equal ast-builder-grid-row-tablet-4-equal ast-builder-grid-row-mobile-full ast-footer-row-stack ast-footer-row-tablet-stack ast-footer-row-mobile-stack\" data-section=\"section-primary-footer-builder\"><div class=\"ast-builder-grid-row-container-inner\"><div class=\"ast-builder-footer-grid-columns site-primary-footer-inner-wrap ast-builder-grid-row\"><div class=\"site-footer-primary-section-1 site-footer-section site-footer-section-1\"><div class=\"ast-builder-layout-element ast-flex site-footer-focus-item ast-footer-copyright\" data-section=\"section-footer-builder\"><div class=\"ast-footer-copyright\">\u00a0<\/div><\/div><\/div><\/div><\/div><\/div><\/footer><\/div><\/div>\t\t\t\t\t\t\t\t<\/div>\n\t\t\t\t<\/div>\n\t\t\t\t<div class=\"elementor-element elementor-element-d3c3526 elementor-widget elementor-widget-spacer\" data-id=\"d3c3526\" data-element_type=\"widget\" data-e-type=\"widget\" data-widget_type=\"spacer.default\">\n\t\t\t\t<div class=\"elementor-widget-container\">\n\t\t\t\t\t\t\t<div class=\"elementor-spacer\">\n\t\t\t<div class=\"elementor-spacer-inner\"><\/div>\n\t\t<\/div>\n\t\t\t\t\t\t<\/div>\n\t\t\t\t<\/div>\n\t\t\t\t\t<\/div>\n\t\t<\/div>\n\t\t\t\t\t<\/div>\n\t\t<\/section>\n\t\t\t\t<\/div>","protected":false},"excerpt":{"rendered":"<p>GDPR Politikas\u0131 \u2013 Hakuna IPTV Y\u00fcr\u00fcrl\u00fck Tarihi: 5 Nisan 2018 Hakuna IPTV olarak, kullan\u0131c\u0131lar\u0131m\u0131z\u0131n ki\u015fisel bilgilerini korumaya ve AB Genel Veri Koruma Y\u00f6netmeli\u011fi&#039;ne (\u201cGDPR\u201d) ve di\u011fer ge\u00e7erli gizlilik yasalar\u0131na uymaya kararl\u0131y\u0131z. Veri Toplama ve Kullan\u0131m\u0131 A\u015fa\u011f\u0131daki gibi hizmetlerimizi sa\u011flamak i\u00e7in kullan\u0131c\u0131lar\u0131m\u0131z hakk\u0131ndaki ki\u015fisel verileri topluyor ve i\u015fliyoruz: <a title=\"GDPR Politikas\u0131\" class=\"read-more\" href=\"https:\/\/hakuna-tv.com\/hakuna-turq\/gdpr-politikasi\/\" aria-label=\"GDPR Politikas\u0131 hakk\u0131nda daha fazla bilgi edinin\">Devam\u0131n\u0131 oku<\/a><\/p>","protected":false},"author":1,"featured_media":0,"parent":0,"menu_order":0,"comment_status":"closed","ping_status":"closed","template":"","meta":{"footnotes":""},"class_list":["post-1262","page","type-page","status-publish"],"yoast_head":"<!-- This site is optimized with the Yoast SEO plugin v27.5 - https:\/\/yoast.com\/product\/yoast-seo-wordpress\/ -->\n<title>GDPR Policy - Hakuna IPTV : All-In-One Quality IPTV Service<\/title>\n<meta name=\"robots\" content=\"index, follow, max-snippet:-1, max-image-preview:large, max-video-preview:-1\" \/>\n<link rel=\"canonical\" href=\"https:\/\/hakuna-tv.com\/hakuna-turq\/gdpr-politikasi\/\" \/>\n<meta property=\"og:locale\" content=\"tr_TR\" \/>\n<meta property=\"og:type\" content=\"article\" \/>\n<meta property=\"og:title\" content=\"GDPR Policy - Hakuna IPTV : All-In-One Quality IPTV Service\" \/>\n<meta property=\"og:description\" content=\"GDPR Policy &#8211; Hakuna IPTV Effective Date: April 5, 2018 At Hakuna IPTV, we are committed to protecting our users&#8217; personal information and complying with the EU General Data Protection Regulation (\u201cGDPR\u201d) and other applicable privacy laws. Data Collection and UseWe collect and process personal data about our users to provide our services such as ... Read more\" \/>\n<meta property=\"og:url\" content=\"https:\/\/hakuna-tv.com\/hakuna-turq\/gdpr-politikasi\/\" \/>\n<meta property=\"og:site_name\" content=\"Hakuna IPTV : All-In-One Quality IPTV Service\" \/>\n<meta property=\"article:modified_time\" content=\"2023-10-04T19:54:39+00:00\" \/>\n<meta name=\"twitter:card\" content=\"summary_large_image\" \/>\n<meta name=\"twitter:label1\" content=\"Tahmini okuma s\u00fcresi\" \/>\n\t<meta name=\"twitter:data1\" content=\"14 dakika\" \/>\n<script type=\"application\/ld+json\" class=\"yoast-schema-graph\">{\"@context\":\"https:\\\/\\\/schema.org\",\"@graph\":[{\"@type\":\"WebPage\",\"@id\":\"https:\\\/\\\/hakuna-tv.com\\\/gdpr-policy\\\/\",\"url\":\"https:\\\/\\\/hakuna-tv.com\\\/gdpr-policy\\\/\",\"name\":\"GDPR Policy - Hakuna IPTV : All-In-One Quality IPTV Service\",\"isPartOf\":{\"@id\":\"https:\\\/\\\/hakuna-tv.com\\\/hakuna-swedn\\\/#website\"},\"datePublished\":\"2023-10-04T19:52:34+00:00\",\"dateModified\":\"2023-10-04T19:54:39+00:00\",\"breadcrumb\":{\"@id\":\"https:\\\/\\\/hakuna-tv.com\\\/gdpr-policy\\\/#breadcrumb\"},\"inLanguage\":\"tr\",\"potentialAction\":[{\"@type\":\"ReadAction\",\"target\":[\"https:\\\/\\\/hakuna-tv.com\\\/gdpr-policy\\\/\"]}]},{\"@type\":\"BreadcrumbList\",\"@id\":\"https:\\\/\\\/hakuna-tv.com\\\/gdpr-policy\\\/#breadcrumb\",\"itemListElement\":[{\"@type\":\"ListItem\",\"position\":1,\"name\":\"Home\",\"item\":\"https:\\\/\\\/hakuna-tv.com\\\/hakuna-swedn\\\/\"},{\"@type\":\"ListItem\",\"position\":2,\"name\":\"GDPR Policy\"}]},{\"@type\":\"WebSite\",\"@id\":\"https:\\\/\\\/hakuna-tv.com\\\/hakuna-swedn\\\/#website\",\"url\":\"https:\\\/\\\/hakuna-tv.com\\\/hakuna-swedn\\\/\",\"name\":\"Hakuna IPTV : All-In-One Quality IPTV Service\",\"description\":\"\",\"publisher\":{\"@id\":\"https:\\\/\\\/hakuna-tv.com\\\/hakuna-swedn\\\/#organization\"},\"potentialAction\":[{\"@type\":\"SearchAction\",\"target\":{\"@type\":\"EntryPoint\",\"urlTemplate\":\"https:\\\/\\\/hakuna-tv.com\\\/hakuna-swedn\\\/?s={search_term_string}\"},\"query-input\":{\"@type\":\"PropertyValueSpecification\",\"valueRequired\":true,\"valueName\":\"search_term_string\"}}],\"inLanguage\":\"tr\"},{\"@type\":\"Organization\",\"@id\":\"https:\\\/\\\/hakuna-tv.com\\\/hakuna-swedn\\\/#organization\",\"name\":\"Hakuna IPTV : All-In-One Quality IPTV Service\",\"url\":\"https:\\\/\\\/hakuna-tv.com\\\/hakuna-swedn\\\/\",\"logo\":{\"@type\":\"ImageObject\",\"inLanguage\":\"tr\",\"@id\":\"https:\\\/\\\/hakuna-tv.com\\\/hakuna-swedn\\\/#\\\/schema\\\/logo\\\/image\\\/\",\"url\":\"https:\\\/\\\/hakuna-tv.com\\\/wp-content\\\/uploads\\\/2023\\\/10\\\/cropped-hakunaiptv-logo.png\",\"contentUrl\":\"https:\\\/\\\/hakuna-tv.com\\\/wp-content\\\/uploads\\\/2023\\\/10\\\/cropped-hakunaiptv-logo.png\",\"width\":363,\"height\":342,\"caption\":\"Hakuna IPTV : All-In-One Quality IPTV Service\"},\"image\":{\"@id\":\"https:\\\/\\\/hakuna-tv.com\\\/hakuna-swedn\\\/#\\\/schema\\\/logo\\\/image\\\/\"}}]}<\/script>\n<!-- \/ Yoast SEO plugin. -->","yoast_head_json":{"title":"GDPR Politikas\u0131 - Hakuna IPTV: Hepsi Bir Arada Kaliteli IPTV Hizmeti","robots":{"index":"index","follow":"follow","max-snippet":"max-snippet:-1","max-image-preview":"max-image-preview:large","max-video-preview":"max-video-preview:-1"},"canonical":"https:\/\/hakuna-tv.com\/hakuna-turq\/gdpr-politikasi\/","og_locale":"tr_TR","og_type":"article","og_title":"GDPR Policy - Hakuna IPTV : All-In-One Quality IPTV Service","og_description":"GDPR Policy &#8211; Hakuna IPTV Effective Date: April 5, 2018 At Hakuna IPTV, we are committed to protecting our users&#8217; personal information and complying with the EU General Data Protection Regulation (\u201cGDPR\u201d) and other applicable privacy laws. Data Collection and UseWe collect and process personal data about our users to provide our services such as ... Read more","og_url":"https:\/\/hakuna-tv.com\/hakuna-turq\/gdpr-politikasi\/","og_site_name":"Hakuna IPTV : All-In-One Quality IPTV Service","article_modified_time":"2023-10-04T19:54:39+00:00","twitter_card":"summary_large_image","twitter_misc":{"Tahmini okuma s\u00fcresi":"14 dakika"},"schema":{"@context":"https:\/\/schema.org","@graph":[{"@type":"WebPage","@id":"https:\/\/hakuna-tv.com\/gdpr-policy\/","url":"https:\/\/hakuna-tv.com\/gdpr-policy\/","name":"GDPR Politikas\u0131 - Hakuna IPTV: Hepsi Bir Arada Kaliteli IPTV Hizmeti","isPartOf":{"@id":"https:\/\/hakuna-tv.com\/hakuna-swedn\/#website"},"datePublished":"2023-10-04T19:52:34+00:00","dateModified":"2023-10-04T19:54:39+00:00","breadcrumb":{"@id":"https:\/\/hakuna-tv.com\/gdpr-policy\/#breadcrumb"},"inLanguage":"tr","potentialAction":[{"@type":"ReadAction","target":["https:\/\/hakuna-tv.com\/gdpr-policy\/"]}]},{"@type":"BreadcrumbList","@id":"https:\/\/hakuna-tv.com\/gdpr-policy\/#breadcrumb","itemListElement":[{"@type":"ListItem","position":1,"name":"Home","item":"https:\/\/hakuna-tv.com\/hakuna-swedn\/"},{"@type":"ListItem","position":2,"name":"GDPR Policy"}]},{"@type":"WebSite","@id":"https:\/\/hakuna-tv.com\/hakuna-swedn\/#website","url":"https:\/\/hakuna-tv.com\/hakuna-swedn\/","name":"Hakuna IPTV : Hepsi Bir Arada Kaliteli IPTV Hizmeti","description":"","publisher":{"@id":"https:\/\/hakuna-tv.com\/hakuna-swedn\/#organization"},"potentialAction":[{"@type":"SearchAction","target":{"@type":"EntryPoint","urlTemplate":"https:\/\/hakuna-tv.com\/hakuna-swedn\/?s={search_term_string}"},"query-input":{"@type":"PropertyValueSpecification","valueRequired":true,"valueName":"search_term_string"}}],"inLanguage":"tr"},{"@type":"Organization","@id":"https:\/\/hakuna-tv.com\/hakuna-swedn\/#organization","name":"Hakuna IPTV : Hepsi Bir Arada Kaliteli IPTV Hizmeti","url":"https:\/\/hakuna-tv.com\/hakuna-swedn\/","logo":{"@type":"ImageObject","inLanguage":"tr","@id":"https:\/\/hakuna-tv.com\/hakuna-swedn\/#\/schema\/logo\/image\/","url":"https:\/\/hakuna-tv.com\/wp-content\/uploads\/2023\/10\/cropped-hakunaiptv-logo.png","contentUrl":"https:\/\/hakuna-tv.com\/wp-content\/uploads\/2023\/10\/cropped-hakunaiptv-logo.png","width":363,"height":342,"caption":"Hakuna IPTV : All-In-One Quality IPTV Service"},"image":{"@id":"https:\/\/hakuna-tv.com\/hakuna-swedn\/#\/schema\/logo\/image\/"}}]}},"_links":{"self":[{"href":"https:\/\/hakuna-tv.com\/hakuna-turq\/wp-json\/wp\/v2\/pages\/1262","targetHints":{"allow":["GET"]}}],"collection":[{"href":"https:\/\/hakuna-tv.com\/hakuna-turq\/wp-json\/wp\/v2\/pages"}],"about":[{"href":"https:\/\/hakuna-tv.com\/hakuna-turq\/wp-json\/wp\/v2\/types\/page"}],"author":[{"embeddable":true,"href":"https:\/\/hakuna-tv.com\/hakuna-turq\/wp-json\/wp\/v2\/users\/1"}],"replies":[{"embeddable":true,"href":"https:\/\/hakuna-tv.com\/hakuna-turq\/wp-json\/wp\/v2\/comments?post=1262"}],"version-history":[{"count":0,"href":"https:\/\/hakuna-tv.com\/hakuna-turq\/wp-json\/wp\/v2\/pages\/1262\/revisions"}],"wp:attachment":[{"href":"https:\/\/hakuna-tv.com\/hakuna-turq\/wp-json\/wp\/v2\/media?parent=1262"}],"curies":[{"name":"wp","href":"https:\/\/api.w.org\/{rel}","templated":true}]}}