{"id":1251,"date":"2023-10-04T19:42:46","date_gmt":"2023-10-04T19:42:46","guid":{"rendered":"https:\/\/hakuna-tv.com\/?page_id=1251"},"modified":"2025-05-15T01:26:28","modified_gmt":"2025-05-15T01:26:28","slug":"iadeler","status":"publish","type":"page","link":"https:\/\/hakuna-tv.com\/hakuna-turq\/iadeler\/","title":{"rendered":"Geri \u00f6deme politikas\u0131"},"content":{"rendered":"<div data-elementor-type=\"wp-page\" data-elementor-id=\"1251\" class=\"elementor elementor-1251\" data-elementor-post-type=\"page\">\n\t\t\t\t\t\t<section class=\"elementor-section elementor-top-section elementor-element elementor-element-0f8a65f elementor-section-boxed elementor-section-height-default elementor-section-height-default\" data-id=\"0f8a65f\" data-element_type=\"section\" data-settings=\"{&quot;background_background&quot;:&quot;classic&quot;}\">\n\t\t\t\t\t\t\t<div class=\"elementor-background-overlay\"><\/div>\n\t\t\t\t\t\t\t<div class=\"elementor-container elementor-column-gap-default\">\n\t\t\t\t\t<div class=\"elementor-column elementor-col-100 elementor-top-column elementor-element elementor-element-d09dc73\" data-id=\"d09dc73\" data-element_type=\"column\">\n\t\t\t<div class=\"elementor-widget-wrap\">\n\t\t\t\t\t\t\t<\/div>\n\t\t<\/div>\n\t\t\t\t\t<\/div>\n\t\t<\/section>\n\t\t\t\t<section class=\"elementor-section elementor-top-section elementor-element elementor-element-b4cf129 elementor-section-full_width elementor-section-height-default elementor-section-height-default\" data-id=\"b4cf129\" data-element_type=\"section\" data-settings=\"{&quot;background_background&quot;:&quot;slideshow&quot;,&quot;background_slideshow_gallery&quot;:[],&quot;background_slideshow_loop&quot;:&quot;yes&quot;,&quot;background_slideshow_slide_duration&quot;:5000,&quot;background_slideshow_slide_transition&quot;:&quot;fade&quot;,&quot;background_slideshow_transition_duration&quot;:500}\">\n\t\t\t\t\t\t\t<div class=\"elementor-background-overlay\"><\/div>\n\t\t\t\t\t\t\t<div class=\"elementor-container elementor-column-gap-default\">\n\t\t\t\t\t<div class=\"elementor-column elementor-col-100 elementor-top-column elementor-element elementor-element-3ec8eeb\" data-id=\"3ec8eeb\" data-element_type=\"column\">\n\t\t\t<div class=\"elementor-widget-wrap elementor-element-populated\">\n\t\t\t\t\t\t<div class=\"elementor-element elementor-element-790724d elementor-widget elementor-widget-spacer\" data-id=\"790724d\" data-element_type=\"widget\" data-widget_type=\"spacer.default\">\n\t\t\t\t<div class=\"elementor-widget-container\">\n\t\t\t\t\t\t\t<div class=\"elementor-spacer\">\n\t\t\t<div class=\"elementor-spacer-inner\"><\/div>\n\t\t<\/div>\n\t\t\t\t\t\t<\/div>\n\t\t\t\t<\/div>\n\t\t\t\t<div class=\"elementor-element elementor-element-cdadb86 elementor-widget elementor-widget-heading\" data-id=\"cdadb86\" data-element_type=\"widget\" data-widget_type=\"heading.default\">\n\t\t\t\t<div class=\"elementor-widget-container\">\n\t\t\t\t\t<h2 class=\"elementor-heading-title elementor-size-default\">Geri \u00f6deme politikas\u0131<\/h2>\t\t\t\t<\/div>\n\t\t\t\t<\/div>\n\t\t\t\t<div class=\"elementor-element elementor-element-ea50da2 elementor-widget elementor-widget-text-editor\" data-id=\"ea50da2\" data-element_type=\"widget\" data-widget_type=\"text-editor.default\">\n\t\t\t\t<div class=\"elementor-widget-container\">\n\t\t\t\t\t\t\t\t\t<p class=\"p1\">Hakuna TV&#039;de, y\u00fcksek kaliteli hizmetler sunmaya ve m\u00fc\u015fteri memnuniyetini sa\u011flamaya kararl\u0131y\u0131z. Operasyonlar\u0131m\u0131z\u0131n b\u00fct\u00fcnl\u00fc\u011f\u00fcn\u00fc ve tutarl\u0131l\u0131\u011f\u0131n\u0131 korumak i\u00e7in, kat\u0131 bir <b>\u0130ade Politikas\u0131 Yok<\/b>M\u00fc\u015fterilerimiz, platformumuz \u00fczerinden sipari\u015f vererek a\u015fa\u011f\u0131da belirtilen h\u00fck\u00fcm ve ko\u015fullar\u0131m\u0131z\u0131 kabul etmi\u015f say\u0131l\u0131rlar.<\/p><p class=\"p3\"><b>Sat\u0131n Almadan \u00d6nce 1 G\u00fcnl\u00fck Ge\u00e7i\u015f<\/b><b><\/b><\/p><p class=\"p1\">T\u00fcm potansiyel m\u00fc\u015fterilerimize, <b>1 G\u00fcnl\u00fck Ge\u00e7i\u015f<\/b> Abonelik yapmadan \u00f6nce hizmetlerimizi test etmek. Bu, tekliflerimizi de\u011ferlendirebilmenizi ve sat\u0131n alma i\u015flemi yapmadan \u00f6nce ihtiya\u00e7lar\u0131n\u0131z\u0131 kar\u015f\u0131lay\u0131p kar\u015f\u0131lamad\u0131klar\u0131n\u0131 belirleyebilmenizi sa\u011flar.<\/p><p class=\"p3\"><b>Politikalar\u0131n Kabul\u00fc<\/b><b><\/b><\/p><p class=\"p1\">Bir sipari\u015fi tamamlayarak <b>hakuna-tv.com<\/b>, \u015fartlar\u0131m\u0131za ve politikalar\u0131m\u0131za uymay\u0131 kabul ve taahh\u00fct edersiniz. Bu politikalar, her iki taraf i\u00e7in de \u015feffaf ve profesyonel bir ortam yaratmak \u00fczere tasarlanm\u0131\u015ft\u0131r.<\/p><p class=\"p3\"><b>Yasal Uyumluluk<\/b><b><\/b><\/p><p class=\"p1\">Bir m\u00fc\u015fteri \u0130ade Yok Politikas\u0131&#039;na itiraz ederse veya sipari\u015f verdikten sonra geri \u00f6deme talep ederse, konuyu yasal kanallar arac\u0131l\u0131\u011f\u0131yla takip etme hakk\u0131n\u0131 sakl\u0131 tutar\u0131z. Hizmetlerimizi kullanarak, anla\u015fmazl\u0131klar\u0131 ge\u00e7erli yasalara ve Hakuna TV taraf\u0131ndan sa\u011flanan hizmet \u015fartlar\u0131na uygun \u015fekilde \u00e7\u00f6zmeyi kabul edersiniz.<\/p><p class=\"p3\"><b>\u0130leti\u015fim bilgileri<\/b><b><\/b><\/p><p class=\"p1\">\u0130ade Yok Politikam\u0131z hakk\u0131nda herhangi bir sorunuz varsa veya daha fazla a\u00e7\u0131klamaya ihtiyac\u0131n\u0131z varsa l\u00fctfen bizimle ileti\u015fime ge\u00e7mekten \u00e7ekinmeyin: <b>ileti\u015fim@hakuna-iptv.com<\/b>Ekibimiz, sorular\u0131n\u0131za yard\u0131mc\u0131 olmak i\u00e7in burada.<\/p><p class=\"p1\">Politikalar\u0131m\u0131za uyma konusunda anlay\u0131\u015f\u0131n\u0131z ve i\u015f birli\u011finiz i\u00e7in te\u015fekk\u00fcr ederiz. Hakuna TV&#039;de, t\u00fcm m\u00fc\u015fterilerimize sorunsuz ve keyifli bir deneyim sunmay\u0131 hedefliyoruz.<\/p>\t\t\t\t\t\t\t\t<\/div>\n\t\t\t\t<\/div>\n\t\t\t\t<div class=\"elementor-element elementor-element-d3c3526 elementor-widget elementor-widget-spacer\" data-id=\"d3c3526\" data-element_type=\"widget\" data-widget_type=\"spacer.default\">\n\t\t\t\t<div class=\"elementor-widget-container\">\n\t\t\t\t\t\t\t<div class=\"elementor-spacer\">\n\t\t\t<div class=\"elementor-spacer-inner\"><\/div>\n\t\t<\/div>\n\t\t\t\t\t\t<\/div>\n\t\t\t\t<\/div>\n\t\t\t\t\t<\/div>\n\t\t<\/div>\n\t\t\t\t\t<\/div>\n\t\t<\/section>\n\t\t\t\t<\/div>","protected":false},"excerpt":{"rendered":"<p>\u0130ade Politikas\u0131 Hakuna TV&#039;de, y\u00fcksek kaliteli hizmetler sunmaya ve m\u00fc\u015fteri memnuniyetini sa\u011flamaya kararl\u0131y\u0131z. Operasyonlar\u0131m\u0131z\u0131n b\u00fct\u00fcnl\u00fc\u011f\u00fcn\u00fc ve tutarl\u0131l\u0131\u011f\u0131n\u0131 korumak i\u00e7in kat\u0131 bir \u0130ade Yok Politikam\u0131z var. Platformumuzda sipari\u015f vererek, m\u00fc\u015fteriler a\u015fa\u011f\u0131da belirtilen h\u00fck\u00fcm ve ko\u015fullar\u0131m\u0131z\u0131 kabul eder. Sat\u0131n Almadan \u00d6nce 1 G\u00fcnl\u00fck Ge\u00e7i\u015f Kesinlikle \u2026 <a title=\"Geri \u00f6deme politikas\u0131\" class=\"read-more\" href=\"https:\/\/hakuna-tv.com\/hakuna-turq\/iadeler\/\" aria-label=\"\u0130ade Politikas\u0131 hakk\u0131nda daha fazla bilgi edinin\">Devam\u0131n\u0131 oku<\/a><\/p>","protected":false},"author":1,"featured_media":0,"parent":0,"menu_order":0,"comment_status":"closed","ping_status":"closed","template":"","meta":{"_glsr_average":0,"_glsr_ranking":0,"_glsr_reviews":0,"footnotes":""},"class_list":["post-1251","page","type-page","status-publish"],"yoast_head":"<!-- This site is optimized with the Yoast SEO Premium plugin v25.4 (Yoast SEO v25.4) - https:\/\/yoast.com\/wordpress\/plugins\/seo\/ -->\n<title>Refund Policy - Hakuna IPTV : All-In-One Quality IPTV Service<\/title>\n<meta name=\"robots\" content=\"index, follow, max-snippet:-1, max-image-preview:large, max-video-preview:-1\" \/>\n<link rel=\"canonical\" href=\"https:\/\/hakuna-tv.com\/hakuna-turq\/iadeler\/\" \/>\n<meta property=\"og:locale\" content=\"tr_TR\" \/>\n<meta property=\"og:type\" content=\"article\" \/>\n<meta property=\"og:title\" content=\"Refund Policy\" \/>\n<meta property=\"og:description\" content=\"Refund Policy At Hakuna TV, we are committed to providing high-quality services and ensuring customer satisfaction. To maintain the integrity and consistency of our operations, we have a strict No Refund Policy. By placing an order on our platform, customers agree to our terms and conditions as outlined below. 1-Day Pass Before Purchase We strongly ... Read more\" \/>\n<meta property=\"og:url\" content=\"https:\/\/hakuna-tv.com\/hakuna-turq\/iadeler\/\" \/>\n<meta property=\"og:site_name\" content=\"Hakuna IPTV : All-In-One Quality IPTV Service\" \/>\n<meta property=\"article:modified_time\" content=\"2025-05-15T01:26:28+00:00\" \/>\n<meta name=\"twitter:card\" content=\"summary_large_image\" \/>\n<meta name=\"twitter:label1\" content=\"Tahmini okuma s\u00fcresi\" \/>\n\t<meta name=\"twitter:data1\" content=\"2 dakika\" \/>\n<script type=\"application\/ld+json\" class=\"yoast-schema-graph\">{\"@context\":\"https:\/\/schema.org\",\"@graph\":[{\"@type\":\"WebPage\",\"@id\":\"https:\/\/hakuna-tv.com\/refunds\/\",\"url\":\"https:\/\/hakuna-tv.com\/refunds\/\",\"name\":\"Refund Policy - Hakuna IPTV : All-In-One Quality IPTV Service\",\"isPartOf\":{\"@id\":\"https:\/\/hakuna-tv.com\/#website\"},\"datePublished\":\"2023-10-04T19:42:46+00:00\",\"dateModified\":\"2025-05-15T01:26:28+00:00\",\"breadcrumb\":{\"@id\":\"https:\/\/hakuna-tv.com\/refunds\/#breadcrumb\"},\"inLanguage\":\"tr\",\"potentialAction\":[{\"@type\":\"ReadAction\",\"target\":[\"https:\/\/hakuna-tv.com\/refunds\/\"]}]},{\"@type\":\"BreadcrumbList\",\"@id\":\"https:\/\/hakuna-tv.com\/refunds\/#breadcrumb\",\"itemListElement\":[{\"@type\":\"ListItem\",\"position\":1,\"name\":\"Home\",\"item\":\"https:\/\/hakuna-tv.com\/\"},{\"@type\":\"ListItem\",\"position\":2,\"name\":\"Refund Policy\"}]},{\"@type\":\"WebSite\",\"@id\":\"https:\/\/hakuna-tv.com\/#website\",\"url\":\"https:\/\/hakuna-tv.com\/\",\"name\":\"Hakuna IPTV : All-In-One Quality IPTV Service\",\"description\":\"\",\"publisher\":{\"@id\":\"https:\/\/hakuna-tv.com\/#organization\"},\"potentialAction\":[{\"@type\":\"SearchAction\",\"target\":{\"@type\":\"EntryPoint\",\"urlTemplate\":\"https:\/\/hakuna-tv.com\/?s={search_term_string}\"},\"query-input\":{\"@type\":\"PropertyValueSpecification\",\"valueRequired\":true,\"valueName\":\"search_term_string\"}}],\"inLanguage\":\"tr\"},{\"@type\":\"Organization\",\"@id\":\"https:\/\/hakuna-tv.com\/#organization\",\"name\":\"Hakuna IPTV : All-In-One Quality IPTV Service\",\"url\":\"https:\/\/hakuna-tv.com\/\",\"logo\":{\"@type\":\"ImageObject\",\"inLanguage\":\"tr\",\"@id\":\"https:\/\/hakuna-tv.com\/#\/schema\/logo\/image\/\",\"url\":\"https:\/\/hakuna-tv.com\/wp-content\/uploads\/2023\/10\/cropped-hakunaiptv-logo.png\",\"contentUrl\":\"https:\/\/hakuna-tv.com\/wp-content\/uploads\/2023\/10\/cropped-hakunaiptv-logo.png\",\"width\":363,\"height\":342,\"caption\":\"Hakuna IPTV : All-In-One Quality IPTV Service\"},\"image\":{\"@id\":\"https:\/\/hakuna-tv.com\/#\/schema\/logo\/image\/\"}}]}<\/script>\n<!-- \/ Yoast SEO Premium plugin. -->","yoast_head_json":{"title":"Refund Policy - Hakuna IPTV : All-In-One Quality IPTV Service","robots":{"index":"index","follow":"follow","max-snippet":"max-snippet:-1","max-image-preview":"max-image-preview:large","max-video-preview":"max-video-preview:-1"},"canonical":"https:\/\/hakuna-tv.com\/hakuna-turq\/iadeler\/","og_locale":"tr_TR","og_type":"article","og_title":"Refund Policy","og_description":"Refund Policy At Hakuna TV, we are committed to providing high-quality services and ensuring customer satisfaction. To maintain the integrity and consistency of our operations, we have a strict No Refund Policy. By placing an order on our platform, customers agree to our terms and conditions as outlined below. 1-Day Pass Before Purchase We strongly ... Read more","og_url":"https:\/\/hakuna-tv.com\/hakuna-turq\/iadeler\/","og_site_name":"Hakuna IPTV : All-In-One Quality IPTV Service","article_modified_time":"2025-05-15T01:26:28+00:00","twitter_card":"summary_large_image","twitter_misc":{"Tahmini okuma s\u00fcresi":"2 dakika"},"schema":{"@context":"https:\/\/schema.org","@graph":[{"@type":"WebPage","@id":"https:\/\/hakuna-tv.com\/refunds\/","url":"https:\/\/hakuna-tv.com\/refunds\/","name":"Refund Policy - Hakuna IPTV : All-In-One Quality IPTV Service","isPartOf":{"@id":"https:\/\/hakuna-tv.com\/#website"},"datePublished":"2023-10-04T19:42:46+00:00","dateModified":"2025-05-15T01:26:28+00:00","breadcrumb":{"@id":"https:\/\/hakuna-tv.com\/refunds\/#breadcrumb"},"inLanguage":"tr","potentialAction":[{"@type":"ReadAction","target":["https:\/\/hakuna-tv.com\/refunds\/"]}]},{"@type":"BreadcrumbList","@id":"https:\/\/hakuna-tv.com\/refunds\/#breadcrumb","itemListElement":[{"@type":"ListItem","position":1,"name":"Home","item":"https:\/\/hakuna-tv.com\/"},{"@type":"ListItem","position":2,"name":"Refund Policy"}]},{"@type":"WebSite","@id":"https:\/\/hakuna-tv.com\/#website","url":"https:\/\/hakuna-tv.com\/","name":"Hakuna IPTV : All-In-One Quality IPTV Service","description":"","publisher":{"@id":"https:\/\/hakuna-tv.com\/#organization"},"potentialAction":[{"@type":"SearchAction","target":{"@type":"EntryPoint","urlTemplate":"https:\/\/hakuna-tv.com\/?s={search_term_string}"},"query-input":{"@type":"PropertyValueSpecification","valueRequired":true,"valueName":"search_term_string"}}],"inLanguage":"tr"},{"@type":"Organization","@id":"https:\/\/hakuna-tv.com\/#organization","name":"Hakuna IPTV : All-In-One Quality IPTV Service","url":"https:\/\/hakuna-tv.com\/","logo":{"@type":"ImageObject","inLanguage":"tr","@id":"https:\/\/hakuna-tv.com\/#\/schema\/logo\/image\/","url":"https:\/\/hakuna-tv.com\/wp-content\/uploads\/2023\/10\/cropped-hakunaiptv-logo.png","contentUrl":"https:\/\/hakuna-tv.com\/wp-content\/uploads\/2023\/10\/cropped-hakunaiptv-logo.png","width":363,"height":342,"caption":"Hakuna IPTV : All-In-One Quality IPTV Service"},"image":{"@id":"https:\/\/hakuna-tv.com\/#\/schema\/logo\/image\/"}}]}},"_links":{"self":[{"href":"https:\/\/hakuna-tv.com\/hakuna-turq\/wp-json\/wp\/v2\/pages\/1251","targetHints":{"allow":["GET"]}}],"collection":[{"href":"https:\/\/hakuna-tv.com\/hakuna-turq\/wp-json\/wp\/v2\/pages"}],"about":[{"href":"https:\/\/hakuna-tv.com\/hakuna-turq\/wp-json\/wp\/v2\/types\/page"}],"author":[{"embeddable":true,"href":"https:\/\/hakuna-tv.com\/hakuna-turq\/wp-json\/wp\/v2\/users\/1"}],"replies":[{"embeddable":true,"href":"https:\/\/hakuna-tv.com\/hakuna-turq\/wp-json\/wp\/v2\/comments?post=1251"}],"version-history":[{"count":0,"href":"https:\/\/hakuna-tv.com\/hakuna-turq\/wp-json\/wp\/v2\/pages\/1251\/revisions"}],"wp:attachment":[{"href":"https:\/\/hakuna-tv.com\/hakuna-turq\/wp-json\/wp\/v2\/media?parent=1251"}],"curies":[{"name":"wp","href":"https:\/\/api.w.org\/{rel}","templated":true}]}}