{"id":1239,"date":"2023-10-04T19:33:14","date_gmt":"2023-10-04T19:33:14","guid":{"rendered":"https:\/\/hakuna-tv.com\/?page_id=1239"},"modified":"2025-11-05T05:22:52","modified_gmt":"2025-11-05T05:22:52","slug":"veri-koruma","status":"publish","type":"page","link":"https:\/\/hakuna-tv.com\/hakuna-turq\/veri-koruma\/","title":{"rendered":"Gizlilik Politikas\u0131"},"content":{"rendered":"<div data-elementor-type=\"wp-page\" data-elementor-id=\"1239\" class=\"elementor elementor-1239\" data-elementor-post-type=\"page\">\n\t\t\t\t\t\t<section class=\"elementor-section elementor-top-section elementor-element elementor-element-0f8a65f elementor-section-boxed elementor-section-height-default elementor-section-height-default\" data-id=\"0f8a65f\" data-element_type=\"section\" data-settings=\"{&quot;background_background&quot;:&quot;classic&quot;}\">\n\t\t\t\t\t\t\t<div class=\"elementor-background-overlay\"><\/div>\n\t\t\t\t\t\t\t<div class=\"elementor-container elementor-column-gap-default\">\n\t\t\t\t\t<div class=\"elementor-column elementor-col-100 elementor-top-column elementor-element elementor-element-d09dc73\" data-id=\"d09dc73\" data-element_type=\"column\">\n\t\t\t<div class=\"elementor-widget-wrap\">\n\t\t\t\t\t\t\t<\/div>\n\t\t<\/div>\n\t\t\t\t\t<\/div>\n\t\t<\/section>\n\t\t\t\t<section class=\"elementor-section elementor-top-section elementor-element elementor-element-b4cf129 elementor-section-full_width elementor-section-height-default elementor-section-height-default\" data-id=\"b4cf129\" data-element_type=\"section\" data-settings=\"{&quot;background_background&quot;:&quot;slideshow&quot;,&quot;background_slideshow_gallery&quot;:[],&quot;background_slideshow_loop&quot;:&quot;yes&quot;,&quot;background_slideshow_slide_duration&quot;:5000,&quot;background_slideshow_slide_transition&quot;:&quot;fade&quot;,&quot;background_slideshow_transition_duration&quot;:500}\">\n\t\t\t\t\t\t\t<div class=\"elementor-background-overlay\"><\/div>\n\t\t\t\t\t\t\t<div class=\"elementor-container elementor-column-gap-default\">\n\t\t\t\t\t<div class=\"elementor-column elementor-col-100 elementor-top-column elementor-element elementor-element-3ec8eeb\" data-id=\"3ec8eeb\" data-element_type=\"column\">\n\t\t\t<div class=\"elementor-widget-wrap elementor-element-populated\">\n\t\t\t\t\t\t<div class=\"elementor-element elementor-element-790724d elementor-widget elementor-widget-spacer\" data-id=\"790724d\" data-element_type=\"widget\" data-widget_type=\"spacer.default\">\n\t\t\t\t<div class=\"elementor-widget-container\">\n\t\t\t\t\t\t\t<div class=\"elementor-spacer\">\n\t\t\t<div class=\"elementor-spacer-inner\"><\/div>\n\t\t<\/div>\n\t\t\t\t\t\t<\/div>\n\t\t\t\t<\/div>\n\t\t\t\t<div class=\"elementor-element elementor-element-cdadb86 elementor-widget elementor-widget-heading\" data-id=\"cdadb86\" data-element_type=\"widget\" data-widget_type=\"heading.default\">\n\t\t\t\t<div class=\"elementor-widget-container\">\n\t\t\t\t\t<h2 class=\"elementor-heading-title elementor-size-default\">Gizlilik Politikas\u0131<\/h2>\t\t\t\t<\/div>\n\t\t\t\t<\/div>\n\t\t\t\t<div class=\"elementor-element elementor-element-ea50da2 elementor-widget elementor-widget-text-editor\" data-id=\"ea50da2\" data-element_type=\"widget\" data-widget_type=\"text-editor.default\">\n\t\t\t\t<div class=\"elementor-widget-container\">\n\t\t\t\t\t\t\t\t\t<p>Hakuna-tv.com web katalo\u011funda ger\u00e7ekle\u015ftirilen t\u00fcm i\u015flemler a\u015fa\u011f\u0131daki genel sat\u0131\u015f ko\u015fullar\u0131 i\u00e7in ge\u00e7erlidir.<\/p><p>Bu web sitesinde verilen t\u00fcm sipari\u015fler, m\u00fc\u015fterinin bu ko\u015fullar\u0131 ko\u015fulsuz ve geri d\u00f6n\u00fclemez \u015fekilde kabul etti\u011fi anlam\u0131na gelir.<\/p><p>Madde 1: Konu<\/p><p>\u0130\u015fbu S\u00f6zle\u015fme, IPTV \u00fcr\u00fcnlerinin internet \u00fczerinden ma\u011fazam\u0131z \u00fczerinden sat\u0131\u015f\u0131 ile ilgili olarak taraflar\u0131n hak ve y\u00fck\u00fcml\u00fcl\u00fcklerini belirlemeyi ama\u00e7layan mesafeli bir s\u00f6zle\u015fmedir.<\/p><p>Madde 2 \u2013 Fiyat<\/p><p>\u00dcr\u00fcnlerimizin fiyatlar\u0131 aksi belirtilmedi\u011fi s\u00fcrece t\u00fcm vergiler (sipari\u015f tarihinde y\u00fcr\u00fcrl\u00fckte olan KDV ve di\u011fer vergiler) dahil olarak belirtilmektedir.<\/p><p>www.hakuna-tv.com istedi\u011fi zaman fiyatlar\u0131n\u0131 de\u011fi\u015ftirme hakk\u0131n\u0131 sakl\u0131 tutar ancak \u00fcr\u00fcn, sipari\u015fin onayland\u0131\u011f\u0131 tarihte ge\u00e7erli olan fiyat esas al\u0131narak ve stok durumuna ba\u011fl\u0131 olarak fatura edilecektir.<\/p><p>Madde 3 \u2013 Emirler<\/p><p>Sipari\u015f verebilirsiniz:<\/p><p>Se\u00e7ilen y\u00f6ntemleri belirtin, \u00f6rne\u011fin:<\/p><p>\u2022 \u0130nternette: www.hakuna-tv.com<\/p><p>\u2022 Pazartesi&#039;den Pazar&#039;a 24 saat WhatsApp arac\u0131l\u0131\u011f\u0131yla.<\/p><p>Madde 4 \u2013 Sipari\u015finizin Onay\u0131<\/p><p>www.hakuna-tv.com web sitesinde g\u00f6r\u00fcnen herhangi bir sipari\u015f, bu Genel H\u00fck\u00fcm ve Ko\u015fullar\u0131n kabul edildi\u011fi anlam\u0131na gelir. Her sipari\u015f onay\u0131, bu Genel Sat\u0131\u015f Ko\u015fullar\u0131n\u0131 istisna veya \u00e7ekince olmaks\u0131z\u0131n tamamen kabul etti\u011finiz anlam\u0131na gelir.<\/p><p>Sa\u011flanan t\u00fcm veriler ve kaydedilen onaylar, i\u015flemin kan\u0131t\u0131 olarak kabul edilir.<\/p><p>Bu konuda tam bilgiye sahip oldu\u011funuzu beyan ediyorsunuz.<\/p><p>Sipari\u015f bilgilerinizin ve bu \u015eartlar ve Ko\u015fullar\u0131n bir \u00f6zeti, talep \u00fczerine e-posta adresi arac\u0131l\u0131\u011f\u0131yla PDF format\u0131nda size g\u00f6nderilecektir.<\/p><p>Madde 5 \u2013 \u00d6deme Sipari\u015finizin \u00f6demesini yapmak i\u00e7in \u00f6deme sayfas\u0131nda www.hakuna-tv.com&#039;un sundu\u011fu \u00f6deme y\u00f6ntemlerinden birini se\u00e7iniz.<\/p><p>Bu durumda kargo onay\u0131 ile birlikte i\u015flem an\u0131nda hesab\u0131n\u0131zdan tahsilata aktar\u0131lacakt\u0131r.<\/p><p>T\u00fcketici, sipari\u015f formunun do\u011frulanmas\u0131 s\u0131ras\u0131nda, se\u00e7mi\u015f oldu\u011fu \u00f6deme y\u00f6ntemini kullanmak i\u00e7in gerekli yetkilere sahip oldu\u011funu HAKUNA IPTV&#039;ye garanti eder.<\/p><p>Kredi kart\u0131yla \u00f6deme yaparken, t\u00fcketici ile kart\u0131 veren kurulu\u015f aras\u0131nda www.hakuna-tv.com ile bankas\u0131 aras\u0131nda yap\u0131lan s\u00f6zle\u015fmelerde \u00f6ng\u00f6r\u00fclen \u00f6deme ara\u00e7lar\u0131n\u0131n hileli kullan\u0131m\u0131na ili\u015fkin h\u00fck\u00fcmler uygulan\u0131r. .<\/p><p>Sipari\u015finizin onaylanmas\u0131, belirtilen fiyat\u0131 \u00f6demenizi zorunlu k\u0131lar.<\/p><p>Madde 6- Kullan\u0131labilirlik<\/p><p>\u00dcr\u00fcnlerimiz www.hakuna-tv.com sitesinde g\u00f6r\u00fcnd\u00fc\u011f\u00fc s\u00fcrece ve stoklar dahilinde sunulmaktad\u0131r.<\/p><p>Sipari\u015finizden sonra \u00fcr\u00fcn\u00fcn stoklarda bulunmamas\u0131 durumunda taraf\u0131n\u0131za e-posta ile bilgi verilecektir. Sipari\u015finiz otomatik olarak iptal edilecek ve herhangi bir banka \u00fccreti al\u0131nmayacakt\u0131r.<\/p><p>Madde 7 \u2013 Teslimat<\/p><p>\u00dcr\u00fcnler, sipari\u015f onay sayfas\u0131nda belirtilen s\u00fcre i\u00e7erisinde sipari\u015f a\u015famas\u0131nda belirtilen e-posta adresine veya telefon numaras\u0131na (Whatsapp) teslim edilecektir.<\/p><p>Teslimatta gecikme olmas\u0131 durumunda, size teklif edilen teslimat s\u00fcresi \u00fczerindeki herhangi bir etki hakk\u0131nda sizi bilgilendiren bir e-posta alacaks\u0131n\u0131z.<\/p><p>Madde 8 \u2013 Garanti<\/p><p>T\u00fcm \u00fcr\u00fcnlerimiz yasal uygunluk garantisinden ve gizli kusurlara kar\u015f\u0131 garantiden yararlanmaktad\u0131r. Sat\u0131lan \u00fcr\u00fcn\u00fcn uygunsuzlu\u011fu durumunda iade yap\u0131labilir.<\/p><p>T\u00fcm \u015fikayetler ve geri \u00f6deme talepleri e-posta yoluyla yap\u0131lmal\u0131d\u0131r: teslimattan sonraki 48 saat i\u00e7inde.<\/p><p>Madde 9 \u2013 Delillerin ar\u015fivlenmesi<\/p><p>Hakuna-IPTV, sipari\u015fleri ve faturalar\u0131 Medeni Kanun uyar\u0131nca asl\u0131na uygun bir kopyay\u0131 temsil eden g\u00fcvenilir ve dayan\u0131kl\u0131 bir ortamda ar\u015fivler.<\/p><p>Madde 10 \u2013 M\u00fccbir Sebep<\/p><p>www.hakuna-tv.com, m\u00fccbir sebep durumu bunu engellemedi\u011fi s\u00fcrece yaln\u0131zca y\u00fck\u00fcml\u00fcl\u00fcklerini yerine getirmekle y\u00fck\u00fcml\u00fcd\u00fcr.<\/p>\t\t\t\t\t\t\t\t<\/div>\n\t\t\t\t<\/div>\n\t\t\t\t<div class=\"elementor-element elementor-element-d3c3526 elementor-widget elementor-widget-spacer\" data-id=\"d3c3526\" data-element_type=\"widget\" data-widget_type=\"spacer.default\">\n\t\t\t\t<div class=\"elementor-widget-container\">\n\t\t\t\t\t\t\t<div class=\"elementor-spacer\">\n\t\t\t<div class=\"elementor-spacer-inner\"><\/div>\n\t\t<\/div>\n\t\t\t\t\t\t<\/div>\n\t\t\t\t<\/div>\n\t\t\t\t\t<\/div>\n\t\t<\/div>\n\t\t\t\t\t<\/div>\n\t\t<\/section>\n\t\t\t\t<\/div>","protected":false},"excerpt":{"rendered":"<p>Gizlilik Politikas\u0131 A\u015fa\u011f\u0131daki genel sat\u0131\u015f ko\u015fullar\u0131, hakuna-tv.com web katalo\u011funda ger\u00e7ekle\u015ftirilen t\u00fcm i\u015flemlere tabidir. Bu web sitesinde verilen t\u00fcm sipari\u015fler, m\u00fc\u015fterinin bu ko\u015fullar\u0131 ko\u015fulsuz ve geri d\u00f6n\u00fclemez \u015fekilde kabul etti\u011fi anlam\u0131na gelir. Madde 1: Konusu Bu S\u00f6zle\u015fme, taraflar\u0131n hak ve y\u00fck\u00fcml\u00fcl\u00fcklerini belirlemeyi ama\u00e7layan mesafeli bir s\u00f6zle\u015fmedir\u2026 <a title=\"Gizlilik Politikas\u0131\" class=\"read-more\" href=\"https:\/\/hakuna-tv.com\/hakuna-turq\/veri-koruma\/\" aria-label=\"Gizlilik Politikas\u0131 hakk\u0131nda daha fazla bilgi edinin\">Devam\u0131n\u0131 oku<\/a><\/p>","protected":false},"author":1,"featured_media":0,"parent":0,"menu_order":0,"comment_status":"closed","ping_status":"closed","template":"","meta":{"_glsr_average":0,"_glsr_ranking":0,"_glsr_reviews":0,"footnotes":""},"class_list":["post-1239","page","type-page","status-publish"],"yoast_head":"<!-- This site is optimized with the Yoast SEO Premium plugin v25.4 (Yoast SEO v25.4) - https:\/\/yoast.com\/wordpress\/plugins\/seo\/ -->\n<title>Privacy Policy - Hakuna IPTV : All-In-One Quality IPTV Service<\/title>\n<meta name=\"robots\" content=\"index, follow, max-snippet:-1, max-image-preview:large, max-video-preview:-1\" \/>\n<link rel=\"canonical\" href=\"https:\/\/hakuna-tv.com\/hakuna-turq\/veri-koruma\/\" \/>\n<meta property=\"og:locale\" content=\"tr_TR\" \/>\n<meta property=\"og:type\" content=\"article\" \/>\n<meta property=\"og:title\" content=\"Privacy Policy\" \/>\n<meta property=\"og:description\" content=\"Privacy Policy The following general conditions of sale govern all transactions carried out in the hakuna-tv.com web catalog. All orders placed on this website imply the unconditional and irrevocable acceptance by the customer of these conditions. Article 1: Subject This Agreement is a distance contract aimed at determining the rights and obligations of the parties ... Read more\" \/>\n<meta property=\"og:url\" content=\"https:\/\/hakuna-tv.com\/hakuna-turq\/veri-koruma\/\" \/>\n<meta property=\"og:site_name\" content=\"Hakuna IPTV : All-In-One Quality IPTV Service\" \/>\n<meta property=\"article:modified_time\" content=\"2025-11-05T05:22:52+00:00\" \/>\n<meta name=\"twitter:card\" content=\"summary_large_image\" \/>\n<meta name=\"twitter:label1\" content=\"Tahmini okuma s\u00fcresi\" \/>\n\t<meta name=\"twitter:data1\" content=\"3 dakika\" \/>\n<script type=\"application\/ld+json\" class=\"yoast-schema-graph\">{\"@context\":\"https:\/\/schema.org\",\"@graph\":[{\"@type\":\"WebPage\",\"@id\":\"https:\/\/hakuna-tv.com\/data-protection\/\",\"url\":\"https:\/\/hakuna-tv.com\/data-protection\/\",\"name\":\"Privacy Policy - Hakuna IPTV : All-In-One Quality IPTV Service\",\"isPartOf\":{\"@id\":\"https:\/\/hakuna-tv.com\/#website\"},\"datePublished\":\"2023-10-04T19:33:14+00:00\",\"dateModified\":\"2025-11-05T05:22:52+00:00\",\"breadcrumb\":{\"@id\":\"https:\/\/hakuna-tv.com\/data-protection\/#breadcrumb\"},\"inLanguage\":\"tr\",\"potentialAction\":[{\"@type\":\"ReadAction\",\"target\":[\"https:\/\/hakuna-tv.com\/data-protection\/\"]}]},{\"@type\":\"BreadcrumbList\",\"@id\":\"https:\/\/hakuna-tv.com\/data-protection\/#breadcrumb\",\"itemListElement\":[{\"@type\":\"ListItem\",\"position\":1,\"name\":\"Home\",\"item\":\"https:\/\/hakuna-tv.com\/\"},{\"@type\":\"ListItem\",\"position\":2,\"name\":\"Privacy Policy\"}]},{\"@type\":\"WebSite\",\"@id\":\"https:\/\/hakuna-tv.com\/#website\",\"url\":\"https:\/\/hakuna-tv.com\/\",\"name\":\"Hakuna IPTV : All-In-One Quality IPTV Service\",\"description\":\"\",\"publisher\":{\"@id\":\"https:\/\/hakuna-tv.com\/#organization\"},\"potentialAction\":[{\"@type\":\"SearchAction\",\"target\":{\"@type\":\"EntryPoint\",\"urlTemplate\":\"https:\/\/hakuna-tv.com\/?s={search_term_string}\"},\"query-input\":{\"@type\":\"PropertyValueSpecification\",\"valueRequired\":true,\"valueName\":\"search_term_string\"}}],\"inLanguage\":\"tr\"},{\"@type\":\"Organization\",\"@id\":\"https:\/\/hakuna-tv.com\/#organization\",\"name\":\"Hakuna IPTV : All-In-One Quality IPTV Service\",\"url\":\"https:\/\/hakuna-tv.com\/\",\"logo\":{\"@type\":\"ImageObject\",\"inLanguage\":\"tr\",\"@id\":\"https:\/\/hakuna-tv.com\/#\/schema\/logo\/image\/\",\"url\":\"https:\/\/hakuna-tv.com\/wp-content\/uploads\/2023\/10\/cropped-hakunaiptv-logo.png\",\"contentUrl\":\"https:\/\/hakuna-tv.com\/wp-content\/uploads\/2023\/10\/cropped-hakunaiptv-logo.png\",\"width\":363,\"height\":342,\"caption\":\"Hakuna IPTV : All-In-One Quality IPTV Service\"},\"image\":{\"@id\":\"https:\/\/hakuna-tv.com\/#\/schema\/logo\/image\/\"}}]}<\/script>\n<!-- \/ Yoast SEO Premium plugin. -->","yoast_head_json":{"title":"Privacy Policy - Hakuna IPTV : All-In-One Quality IPTV Service","robots":{"index":"index","follow":"follow","max-snippet":"max-snippet:-1","max-image-preview":"max-image-preview:large","max-video-preview":"max-video-preview:-1"},"canonical":"https:\/\/hakuna-tv.com\/hakuna-turq\/veri-koruma\/","og_locale":"tr_TR","og_type":"article","og_title":"Privacy Policy","og_description":"Privacy Policy The following general conditions of sale govern all transactions carried out in the hakuna-tv.com web catalog. All orders placed on this website imply the unconditional and irrevocable acceptance by the customer of these conditions. Article 1: Subject This Agreement is a distance contract aimed at determining the rights and obligations of the parties ... Read more","og_url":"https:\/\/hakuna-tv.com\/hakuna-turq\/veri-koruma\/","og_site_name":"Hakuna IPTV : All-In-One Quality IPTV Service","article_modified_time":"2025-11-05T05:22:52+00:00","twitter_card":"summary_large_image","twitter_misc":{"Tahmini okuma s\u00fcresi":"3 dakika"},"schema":{"@context":"https:\/\/schema.org","@graph":[{"@type":"WebPage","@id":"https:\/\/hakuna-tv.com\/data-protection\/","url":"https:\/\/hakuna-tv.com\/data-protection\/","name":"Privacy Policy - Hakuna IPTV : All-In-One Quality IPTV Service","isPartOf":{"@id":"https:\/\/hakuna-tv.com\/#website"},"datePublished":"2023-10-04T19:33:14+00:00","dateModified":"2025-11-05T05:22:52+00:00","breadcrumb":{"@id":"https:\/\/hakuna-tv.com\/data-protection\/#breadcrumb"},"inLanguage":"tr","potentialAction":[{"@type":"ReadAction","target":["https:\/\/hakuna-tv.com\/data-protection\/"]}]},{"@type":"BreadcrumbList","@id":"https:\/\/hakuna-tv.com\/data-protection\/#breadcrumb","itemListElement":[{"@type":"ListItem","position":1,"name":"Home","item":"https:\/\/hakuna-tv.com\/"},{"@type":"ListItem","position":2,"name":"Privacy Policy"}]},{"@type":"WebSite","@id":"https:\/\/hakuna-tv.com\/#website","url":"https:\/\/hakuna-tv.com\/","name":"Hakuna IPTV : All-In-One Quality IPTV Service","description":"","publisher":{"@id":"https:\/\/hakuna-tv.com\/#organization"},"potentialAction":[{"@type":"SearchAction","target":{"@type":"EntryPoint","urlTemplate":"https:\/\/hakuna-tv.com\/?s={search_term_string}"},"query-input":{"@type":"PropertyValueSpecification","valueRequired":true,"valueName":"search_term_string"}}],"inLanguage":"tr"},{"@type":"Organization","@id":"https:\/\/hakuna-tv.com\/#organization","name":"Hakuna IPTV : All-In-One Quality IPTV Service","url":"https:\/\/hakuna-tv.com\/","logo":{"@type":"ImageObject","inLanguage":"tr","@id":"https:\/\/hakuna-tv.com\/#\/schema\/logo\/image\/","url":"https:\/\/hakuna-tv.com\/wp-content\/uploads\/2023\/10\/cropped-hakunaiptv-logo.png","contentUrl":"https:\/\/hakuna-tv.com\/wp-content\/uploads\/2023\/10\/cropped-hakunaiptv-logo.png","width":363,"height":342,"caption":"Hakuna IPTV : All-In-One Quality IPTV Service"},"image":{"@id":"https:\/\/hakuna-tv.com\/#\/schema\/logo\/image\/"}}]}},"_links":{"self":[{"href":"https:\/\/hakuna-tv.com\/hakuna-turq\/wp-json\/wp\/v2\/pages\/1239","targetHints":{"allow":["GET"]}}],"collection":[{"href":"https:\/\/hakuna-tv.com\/hakuna-turq\/wp-json\/wp\/v2\/pages"}],"about":[{"href":"https:\/\/hakuna-tv.com\/hakuna-turq\/wp-json\/wp\/v2\/types\/page"}],"author":[{"embeddable":true,"href":"https:\/\/hakuna-tv.com\/hakuna-turq\/wp-json\/wp\/v2\/users\/1"}],"replies":[{"embeddable":true,"href":"https:\/\/hakuna-tv.com\/hakuna-turq\/wp-json\/wp\/v2\/comments?post=1239"}],"version-history":[{"count":3,"href":"https:\/\/hakuna-tv.com\/hakuna-turq\/wp-json\/wp\/v2\/pages\/1239\/revisions"}],"predecessor-version":[{"id":3066,"href":"https:\/\/hakuna-tv.com\/hakuna-turq\/wp-json\/wp\/v2\/pages\/1239\/revisions\/3066"}],"wp:attachment":[{"href":"https:\/\/hakuna-tv.com\/hakuna-turq\/wp-json\/wp\/v2\/media?parent=1239"}],"curies":[{"name":"wp","href":"https:\/\/api.w.org\/{rel}","templated":true}]}}