{"id":2382,"date":"2025-01-03T03:38:35","date_gmt":"2025-01-03T03:38:35","guid":{"rendered":"https:\/\/hakuna-tv.com\/?page_id=2382"},"modified":"2026-02-25T06:44:02","modified_gmt":"2026-02-25T06:44:02","slug":"prenumerera","status":"publish","type":"page","link":"https:\/\/hakuna-tv.com\/hakuna-swedn\/prenumerera\/","title":{"rendered":"Prenumerera p\u00e5 Hakuna TV"},"content":{"rendered":"<div data-elementor-type=\"wp-page\" data-elementor-id=\"2382\" class=\"elementor elementor-2382\" data-elementor-post-type=\"page\">\n\t\t\t\t\t\t<section class=\"elementor-section elementor-top-section elementor-element elementor-element-0f8a65f elementor-section-boxed elementor-section-height-default elementor-section-height-default\" data-id=\"0f8a65f\" data-element_type=\"section\" data-settings=\"{&quot;background_background&quot;:&quot;classic&quot;}\">\n\t\t\t\t\t\t\t<div class=\"elementor-background-overlay\"><\/div>\n\t\t\t\t\t\t\t<div class=\"elementor-container elementor-column-gap-default\">\n\t\t\t\t\t<div class=\"elementor-column elementor-col-100 elementor-top-column elementor-element elementor-element-d09dc73\" data-id=\"d09dc73\" data-element_type=\"column\">\n\t\t\t<div class=\"elementor-widget-wrap\">\n\t\t\t\t\t\t\t<\/div>\n\t\t<\/div>\n\t\t\t\t\t<\/div>\n\t\t<\/section>\n\t\t\t\t<section class=\"elementor-section elementor-top-section elementor-element elementor-element-b4cf129 elementor-section-full_width elementor-section-height-default elementor-section-height-default\" data-id=\"b4cf129\" data-element_type=\"section\" data-settings=\"{&quot;background_background&quot;:&quot;slideshow&quot;,&quot;background_slideshow_gallery&quot;:[],&quot;background_slideshow_loop&quot;:&quot;yes&quot;,&quot;background_slideshow_slide_duration&quot;:5000,&quot;background_slideshow_slide_transition&quot;:&quot;fade&quot;,&quot;background_slideshow_transition_duration&quot;:500}\">\n\t\t\t\t\t\t\t<div class=\"elementor-background-overlay\"><\/div>\n\t\t\t\t\t\t\t<div class=\"elementor-container elementor-column-gap-default\">\n\t\t\t\t\t<div class=\"elementor-column elementor-col-100 elementor-top-column elementor-element elementor-element-3ec8eeb\" data-id=\"3ec8eeb\" data-element_type=\"column\">\n\t\t\t<div class=\"elementor-widget-wrap elementor-element-populated\">\n\t\t\t\t\t\t<div class=\"elementor-element elementor-element-790724d elementor-widget elementor-widget-spacer\" data-id=\"790724d\" data-element_type=\"widget\" data-widget_type=\"spacer.default\">\n\t\t\t\t<div class=\"elementor-widget-container\">\n\t\t\t\t\t\t\t<div class=\"elementor-spacer\">\n\t\t\t<div class=\"elementor-spacer-inner\"><\/div>\n\t\t<\/div>\n\t\t\t\t\t\t<\/div>\n\t\t\t\t<\/div>\n\t\t\t\t<div class=\"elementor-element elementor-element-cdadb86 elementor-widget elementor-widget-heading\" data-id=\"cdadb86\" data-element_type=\"widget\" data-widget_type=\"heading.default\">\n\t\t\t\t<div class=\"elementor-widget-container\">\n\t\t\t\t\t<h2 class=\"elementor-heading-title elementor-size-default\">Viktig information innan du best\u00e4ller<\/h2>\t\t\t\t<\/div>\n\t\t\t\t<\/div>\n\t\t\t\t<div class=\"elementor-element elementor-element-680ffec elementor-widget elementor-widget-spacer\" data-id=\"680ffec\" data-element_type=\"widget\" data-widget_type=\"spacer.default\">\n\t\t\t\t<div class=\"elementor-widget-container\">\n\t\t\t\t\t\t\t<div class=\"elementor-spacer\">\n\t\t\t<div class=\"elementor-spacer-inner\"><\/div>\n\t\t<\/div>\n\t\t\t\t\t\t<\/div>\n\t\t\t\t<\/div>\n\t\t\t\t<div class=\"elementor-element elementor-element-ea50da2 elementor-widget elementor-widget-text-editor\" data-id=\"ea50da2\" data-element_type=\"widget\" data-widget_type=\"text-editor.default\">\n\t\t\t\t<div class=\"elementor-widget-container\">\n\t\t\t\t\t\t\t\t\t<p class=\"p1\">Tack f\u00f6r att du \u00f6verv\u00e4ger Hakuna TV f\u00f6r dina IPTV-behov! F\u00f6r att s\u00e4kerst\u00e4lla den b\u00e4sta upplevelsen f\u00f6r alla v\u00e5ra kunder, l\u00e4s noggrant f\u00f6ljande information innan du g\u00f6r din best\u00e4llning.<\/p>\t\t\t\t\t\t\t\t<\/div>\n\t\t\t\t<\/div>\n\t\t\t\t<div class=\"elementor-element elementor-element-86f1216 elementor-widget elementor-widget-text-editor\" data-id=\"86f1216\" data-element_type=\"widget\" data-widget_type=\"text-editor.default\">\n\t\t\t\t<div class=\"elementor-widget-container\">\n\t\t\t\t\t\t\t\t\t<p class=\"p3\"><b>Prova v\u00e5rt 1-dagarskort f\u00f6rst<\/b><b><\/b><\/p><p class=\"p1\">Vi rekommenderar starkt att b\u00f6rja med v\u00e5r <a href=\"https:\/\/hakuna-tv.com\/hakuna-swedn\/#trial\"><b>1-dagskort<\/b><\/a> att testa v\u00e5ra tj\u00e4nster innan du f\u00f6rbinder dig till ett m\u00e5natligt eller \u00e5rligt paket. Detta g\u00f6r att du kan uppleva kvaliteten och stabiliteten i v\u00e5ra tj\u00e4nster fr\u00e5n f\u00f6rsta hand. N\u00e4r du \u00e4r n\u00f6jd kan du forts\u00e4tta att k\u00f6pa ett av v\u00e5ra l\u00e4ngre paket.<\/p>\t\t\t\t\t\t\t\t<\/div>\n\t\t\t\t<\/div>\n\t\t\t\t<div class=\"elementor-element elementor-element-2a80879 elementor-align-center elementor-mobile-align-center elementor-widget elementor-widget-button\" data-id=\"2a80879\" data-element_type=\"widget\" data-widget_type=\"button.default\">\n\t\t\t\t<div class=\"elementor-widget-container\">\n\t\t\t\t\t\t\t\t\t<div class=\"elementor-button-wrapper\">\n\t\t\t\t\t<a class=\"elementor-button elementor-button-link elementor-size-xs\" href=\"https:\/\/bit.ly\/4kLBOig\" target=\"_blank\" rel=\"nofollow\">\n\t\t\t\t\t\t<span class=\"elementor-button-content-wrapper\">\n\t\t\t\t\t\t\t\t\t<span class=\"elementor-button-text\">F\u00e5 ditt 1-dagskort<\/span>\n\t\t\t\t\t<\/span>\n\t\t\t\t\t<\/a>\n\t\t\t\t<\/div>\n\t\t\t\t\t\t\t\t<\/div>\n\t\t\t\t<\/div>\n\t\t\t\t<div class=\"elementor-element elementor-element-938917b elementor-align-center elementor-mobile-align-center elementor-widget elementor-widget-button\" data-id=\"938917b\" data-element_type=\"widget\" data-widget_type=\"button.default\">\n\t\t\t\t<div class=\"elementor-widget-container\">\n\t\t\t\t\t<style>.elementor-element-938917b{display:none !important}<\/style>\t\t\t\t<\/div>\n\t\t\t\t<\/div>\n\t\t\t\t<div class=\"elementor-element elementor-element-d3c3526 elementor-widget elementor-widget-spacer\" data-id=\"d3c3526\" data-element_type=\"widget\" data-widget_type=\"spacer.default\">\n\t\t\t\t<div class=\"elementor-widget-container\">\n\t\t\t\t\t\t\t<div class=\"elementor-spacer\">\n\t\t\t<div class=\"elementor-spacer-inner\"><\/div>\n\t\t<\/div>\n\t\t\t\t\t\t<\/div>\n\t\t\t\t<\/div>\n\t\t\t\t<div class=\"elementor-element elementor-element-8864d5c elementor-widget elementor-widget-spacer\" data-id=\"8864d5c\" data-element_type=\"widget\" data-widget_type=\"spacer.default\">\n\t\t\t\t<div class=\"elementor-widget-container\">\n\t\t\t\t\t\t\t<div class=\"elementor-spacer\">\n\t\t\t<div class=\"elementor-spacer-inner\"><\/div>\n\t\t<\/div>\n\t\t\t\t\t\t<\/div>\n\t\t\t\t<\/div>\n\t\t\t\t<div class=\"elementor-element elementor-element-4f87a8c elementor-widget elementor-widget-text-editor\" data-id=\"4f87a8c\" data-element_type=\"widget\" data-widget_type=\"text-editor.default\">\n\t\t\t\t<div class=\"elementor-widget-container\">\n\t\t\t\t\t\t\t\t\t<h4 class=\"p1\"><strong>Best\u00e4ll din prenumeration \u2013 Kontakta oss<\/strong><b><\/b><\/h4><p class=\"p3\">F\u00f6r att g\u00f6ra en best\u00e4llning, v\u00e4nligen kontakta oss via <a href=\"https:\/\/go.crisp.chat\/chat\/embed\/?website_id=e303af1e-9ff2-4b67-a21d-6463ed2e6935\"><b>Livechatt<\/b><\/a>. V\u00e5ra agenter finns tillg\u00e4ngliga f\u00f6r att hj\u00e4lpa dig. Men under h\u00f6gtrafik kan svaren ta l\u00e4ngre tid \u00e4n vanligt. Vi ber om ert t\u00e5lamod och f\u00f6rst\u00e5else. Du kan vara s\u00e4ker p\u00e5 att vi kommer att svara p\u00e5 alla f\u00f6rfr\u00e5gningar, och om det blir en f\u00f6rsening kommer vi att f\u00f6lja upp via e-post.<\/p>\t\t\t\t\t\t\t\t<\/div>\n\t\t\t\t<\/div>\n\t\t\t\t<div class=\"elementor-element elementor-element-e7466e3 elementor-shape-circle elementor-grid-0 e-grid-align-center elementor-widget elementor-widget-social-icons\" data-id=\"e7466e3\" data-element_type=\"widget\" data-widget_type=\"social-icons.default\">\n\t\t\t\t<div class=\"elementor-widget-container\">\n\t\t\t\t\t\t\t<div class=\"elementor-social-icons-wrapper elementor-grid\">\n\t\t\t\t\t\t\t<span class=\"elementor-grid-item\">\n\t\t\t\t\t<a class=\"elementor-icon elementor-social-icon elementor-social-icon-rocketchat elementor-repeater-item-b14141a\" href=\"https:\/\/go.crisp.chat\/chat\/embed\/?website_id=e303af1e-9ff2-4b67-a21d-6463ed2e6935\" target=\"_blank\">\n\t\t\t\t\t\t<span class=\"elementor-screen-only\">Raketchatt<\/span>\n\t\t\t\t\t\t<i class=\"fab fa-rocketchat\"><\/i>\t\t\t\t\t<\/a>\n\t\t\t\t<\/span>\n\t\t\t\t\t<\/div>\n\t\t\t\t\t\t<\/div>\n\t\t\t\t<\/div>\n\t\t\t\t<div class=\"elementor-element elementor-element-ebc7d87 elementor-widget elementor-widget-spacer\" data-id=\"ebc7d87\" data-element_type=\"widget\" data-widget_type=\"spacer.default\">\n\t\t\t\t<div class=\"elementor-widget-container\">\n\t\t\t\t\t\t\t<div class=\"elementor-spacer\">\n\t\t\t<div class=\"elementor-spacer-inner\"><\/div>\n\t\t<\/div>\n\t\t\t\t\t\t<\/div>\n\t\t\t\t<\/div>\n\t\t\t\t<div class=\"elementor-element elementor-element-3b7f357 elementor-widget elementor-widget-text-editor\" data-id=\"3b7f357\" data-element_type=\"widget\" data-widget_type=\"text-editor.default\">\n\t\t\t\t<div class=\"elementor-widget-container\">\n\t\t\t\t\t\t\t\t\t<p class=\"p1\"><b>\u00c5terkrav och tvister<\/b><b><\/b><\/p><p class=\"p3\">Vi avr\u00e5der starkt fr\u00e5n att \u00f6ppna \u00e5terkrav eller tvister utan att kontakta oss f\u00f6rst. Vi \u00e4r fast beslutna att l\u00f6sa eventuella problem eller avbryta din prenumeration om det beh\u00f6vs. Men v\u00e4nligen f\u00f6rst\u00e5 att:<\/p><p class=\"p4\">\u2022 <b>Laglig efterlevnad:<\/b> Om en kund bestrider v\u00e5r policy f\u00f6r ingen \u00e5terbetalning eller kr\u00e4ver \u00e5terbetalning efter att ha lagt en best\u00e4llning, f\u00f6rbeh\u00e5ller vi oss r\u00e4tten att vidta r\u00e4ttsliga \u00e5tg\u00e4rder. Genom att anv\u00e4nda v\u00e5ra tj\u00e4nster samtycker du till att l\u00f6sa eventuella tvister i enlighet med till\u00e4mpliga lagar och de tj\u00e4nstevillkor som tillhandah\u00e5lls av Hakuna TV.<\/p><p class=\"p4\">\u2022 Innan du \u00f6ppnar en tvist, kontakta oss via livechatt och ge oss tillr\u00e4ckligt med tid f\u00f6r att hj\u00e4lpa dig.<\/p><p class=\"p1\"><b>Viktiga p\u00e5minnelser<\/b><b><\/b><\/p><p class=\"p4\">\u2022<b>T\u00e5lamod uppskattas:<\/b> V\u00e5rt team arbetar h\u00e5rt f\u00f6r att svara alla s\u00e5 snabbt som m\u00f6jligt.<\/p><p class=\"p4\">\u2022<b>L\u00e4s alla policyer:<\/b> Innan du best\u00e4ller, se till att du har l\u00e4st och f\u00f6rst\u00e5tt v\u00e5r \u00e5terbetalningspolicy och anv\u00e4ndarvillkor.<\/p>\t\t\t\t\t\t\t\t<\/div>\n\t\t\t\t<\/div>\n\t\t\t\t<div class=\"elementor-element elementor-element-cba4c7a elementor-widget elementor-widget-text-editor\" data-id=\"cba4c7a\" data-element_type=\"widget\" data-widget_type=\"text-editor.default\">\n\t\t\t\t<div class=\"elementor-widget-container\">\n\t\t\t\t\t\t\t\t\t<p class=\"p1\">Tack f\u00f6r att du valde Hakuna TV. Vi \u00e4r fast beslutna att ge dig h\u00f6gkvalitativa IPTV-tj\u00e4nster och b\u00e4sta m\u00f6jliga support<\/p>\t\t\t\t\t\t\t\t<\/div>\n\t\t\t\t<\/div>\n\t\t\t\t<div class=\"elementor-element elementor-element-91c81fa elementor-widget elementor-widget-spacer\" data-id=\"91c81fa\" data-element_type=\"widget\" data-widget_type=\"spacer.default\">\n\t\t\t\t<div class=\"elementor-widget-container\">\n\t\t\t\t\t\t\t<div class=\"elementor-spacer\">\n\t\t\t<div class=\"elementor-spacer-inner\"><\/div>\n\t\t<\/div>\n\t\t\t\t\t\t<\/div>\n\t\t\t\t<\/div>\n\t\t\t\t\t<\/div>\n\t\t<\/div>\n\t\t\t\t\t<\/div>\n\t\t<\/section>\n\t\t\t\t<\/div>","protected":false},"excerpt":{"rendered":"<p>Viktig information innan du best\u00e4ller Tack f\u00f6r att du \u00f6verv\u00e4ger Hakuna TV f\u00f6r dina IPTV-behov! F\u00f6r att s\u00e4kerst\u00e4lla den b\u00e4sta upplevelsen f\u00f6r alla v\u00e5ra kunder, l\u00e4s noggrant f\u00f6ljande information innan du g\u00f6r din best\u00e4llning. Prova v\u00e5rt 1-dagskort f\u00f6rst. Vi rekommenderar starkt att du b\u00f6rjar med v\u00e5rt 1-dagars pass f\u00f6r att testa v\u00e5ra tj\u00e4nster innan du f\u00f6rbinder dig till en \u2026 <a title=\"Prenumerera p\u00e5 Hakuna TV\" class=\"read-more\" href=\"https:\/\/hakuna-tv.com\/hakuna-swedn\/prenumerera\/\" aria-label=\"L\u00e4s mer om Prenumerera p\u00e5 Hakuna TV\">L\u00e4s mer<\/a><\/p>","protected":false},"author":1,"featured_media":0,"parent":0,"menu_order":0,"comment_status":"closed","ping_status":"closed","template":"","meta":{"_glsr_average":0,"_glsr_ranking":0,"_glsr_reviews":0,"footnotes":""},"class_list":["post-2382","page","type-page","status-publish"],"yoast_head":"<!-- This site is optimized with the Yoast SEO Premium plugin v25.4 (Yoast SEO v25.4) - https:\/\/yoast.com\/wordpress\/plugins\/seo\/ -->\n<title>Subscribe to Hakuna TV - Hakuna IPTV : All-In-One Quality IPTV Service<\/title>\n<meta name=\"robots\" content=\"index, follow, max-snippet:-1, max-image-preview:large, max-video-preview:-1\" \/>\n<link rel=\"canonical\" href=\"https:\/\/hakuna-tv.com\/hakuna-swedn\/prenumerera\/\" \/>\n<meta property=\"og:locale\" content=\"sv_SE\" \/>\n<meta property=\"og:type\" content=\"article\" \/>\n<meta property=\"og:title\" content=\"Subscribe to Hakuna TV\" \/>\n<meta property=\"og:description\" content=\"Important Information Before You Order Thank you for considering Hakuna TV for your IPTV needs! To ensure the best experience for all our clients, please carefully read the following information before placing your order. Try Our 1-Day Pass First We highly recommend starting with our 1-Day Pass to test our services before committing to a ... L\u00e4s mer\" \/>\n<meta property=\"og:url\" content=\"https:\/\/hakuna-tv.com\/hakuna-swedn\/prenumerera\/\" \/>\n<meta property=\"og:site_name\" content=\"Hakuna IPTV : All-In-One Quality IPTV Service\" \/>\n<meta property=\"article:modified_time\" content=\"2026-02-25T06:44:02+00:00\" \/>\n<meta name=\"twitter:card\" content=\"summary_large_image\" \/>\n<meta name=\"twitter:label1\" content=\"Ber\u00e4knad l\u00e4stid\" \/>\n\t<meta name=\"twitter:data1\" content=\"2 minuter\" \/>\n<script type=\"application\/ld+json\" class=\"yoast-schema-graph\">{\"@context\":\"https:\/\/schema.org\",\"@graph\":[{\"@type\":\"WebPage\",\"@id\":\"https:\/\/hakuna-tv.com\/subscribe\/\",\"url\":\"https:\/\/hakuna-tv.com\/subscribe\/\",\"name\":\"Subscribe to Hakuna TV - Hakuna IPTV : All-In-One Quality IPTV Service\",\"isPartOf\":{\"@id\":\"https:\/\/hakuna-tv.com\/#website\"},\"datePublished\":\"2025-01-03T03:38:35+00:00\",\"dateModified\":\"2026-02-25T06:44:02+00:00\",\"breadcrumb\":{\"@id\":\"https:\/\/hakuna-tv.com\/subscribe\/#breadcrumb\"},\"inLanguage\":\"sv-SE\",\"potentialAction\":[{\"@type\":\"ReadAction\",\"target\":[\"https:\/\/hakuna-tv.com\/subscribe\/\"]}]},{\"@type\":\"BreadcrumbList\",\"@id\":\"https:\/\/hakuna-tv.com\/subscribe\/#breadcrumb\",\"itemListElement\":[{\"@type\":\"ListItem\",\"position\":1,\"name\":\"Home\",\"item\":\"https:\/\/hakuna-tv.com\/\"},{\"@type\":\"ListItem\",\"position\":2,\"name\":\"Subscribe to Hakuna TV\"}]},{\"@type\":\"WebSite\",\"@id\":\"https:\/\/hakuna-tv.com\/#website\",\"url\":\"https:\/\/hakuna-tv.com\/\",\"name\":\"Hakuna IPTV : All-In-One Quality IPTV Service\",\"description\":\"\",\"publisher\":{\"@id\":\"https:\/\/hakuna-tv.com\/#organization\"},\"potentialAction\":[{\"@type\":\"SearchAction\",\"target\":{\"@type\":\"EntryPoint\",\"urlTemplate\":\"https:\/\/hakuna-tv.com\/?s={search_term_string}\"},\"query-input\":{\"@type\":\"PropertyValueSpecification\",\"valueRequired\":true,\"valueName\":\"search_term_string\"}}],\"inLanguage\":\"sv-SE\"},{\"@type\":\"Organization\",\"@id\":\"https:\/\/hakuna-tv.com\/#organization\",\"name\":\"Hakuna IPTV : All-In-One Quality IPTV Service\",\"url\":\"https:\/\/hakuna-tv.com\/\",\"logo\":{\"@type\":\"ImageObject\",\"inLanguage\":\"sv-SE\",\"@id\":\"https:\/\/hakuna-tv.com\/#\/schema\/logo\/image\/\",\"url\":\"https:\/\/hakuna-tv.com\/wp-content\/uploads\/2023\/10\/cropped-hakunaiptv-logo.png\",\"contentUrl\":\"https:\/\/hakuna-tv.com\/wp-content\/uploads\/2023\/10\/cropped-hakunaiptv-logo.png\",\"width\":363,\"height\":342,\"caption\":\"Hakuna IPTV : All-In-One Quality IPTV Service\"},\"image\":{\"@id\":\"https:\/\/hakuna-tv.com\/#\/schema\/logo\/image\/\"}}]}<\/script>\n<!-- \/ Yoast SEO Premium plugin. -->","yoast_head_json":{"title":"Subscribe to Hakuna TV - Hakuna IPTV : All-In-One Quality IPTV Service","robots":{"index":"index","follow":"follow","max-snippet":"max-snippet:-1","max-image-preview":"max-image-preview:large","max-video-preview":"max-video-preview:-1"},"canonical":"https:\/\/hakuna-tv.com\/hakuna-swedn\/prenumerera\/","og_locale":"sv_SE","og_type":"article","og_title":"Subscribe to Hakuna TV","og_description":"Important Information Before You Order Thank you for considering Hakuna TV for your IPTV needs! To ensure the best experience for all our clients, please carefully read the following information before placing your order. Try Our 1-Day Pass First We highly recommend starting with our 1-Day Pass to test our services before committing to a ... L\u00e4s mer","og_url":"https:\/\/hakuna-tv.com\/hakuna-swedn\/prenumerera\/","og_site_name":"Hakuna IPTV : All-In-One Quality IPTV Service","article_modified_time":"2026-02-25T06:44:02+00:00","twitter_card":"summary_large_image","twitter_misc":{"Ber\u00e4knad l\u00e4stid":"2 minuter"},"schema":{"@context":"https:\/\/schema.org","@graph":[{"@type":"WebPage","@id":"https:\/\/hakuna-tv.com\/subscribe\/","url":"https:\/\/hakuna-tv.com\/subscribe\/","name":"Subscribe to Hakuna TV - Hakuna IPTV : All-In-One Quality IPTV Service","isPartOf":{"@id":"https:\/\/hakuna-tv.com\/#website"},"datePublished":"2025-01-03T03:38:35+00:00","dateModified":"2026-02-25T06:44:02+00:00","breadcrumb":{"@id":"https:\/\/hakuna-tv.com\/subscribe\/#breadcrumb"},"inLanguage":"sv-SE","potentialAction":[{"@type":"ReadAction","target":["https:\/\/hakuna-tv.com\/subscribe\/"]}]},{"@type":"BreadcrumbList","@id":"https:\/\/hakuna-tv.com\/subscribe\/#breadcrumb","itemListElement":[{"@type":"ListItem","position":1,"name":"Home","item":"https:\/\/hakuna-tv.com\/"},{"@type":"ListItem","position":2,"name":"Subscribe to Hakuna TV"}]},{"@type":"WebSite","@id":"https:\/\/hakuna-tv.com\/#website","url":"https:\/\/hakuna-tv.com\/","name":"Hakuna IPTV : All-In-One Quality IPTV Service","description":"","publisher":{"@id":"https:\/\/hakuna-tv.com\/#organization"},"potentialAction":[{"@type":"SearchAction","target":{"@type":"EntryPoint","urlTemplate":"https:\/\/hakuna-tv.com\/?s={search_term_string}"},"query-input":{"@type":"PropertyValueSpecification","valueRequired":true,"valueName":"search_term_string"}}],"inLanguage":"sv-SE"},{"@type":"Organization","@id":"https:\/\/hakuna-tv.com\/#organization","name":"Hakuna IPTV : All-In-One Quality IPTV Service","url":"https:\/\/hakuna-tv.com\/","logo":{"@type":"ImageObject","inLanguage":"sv-SE","@id":"https:\/\/hakuna-tv.com\/#\/schema\/logo\/image\/","url":"https:\/\/hakuna-tv.com\/wp-content\/uploads\/2023\/10\/cropped-hakunaiptv-logo.png","contentUrl":"https:\/\/hakuna-tv.com\/wp-content\/uploads\/2023\/10\/cropped-hakunaiptv-logo.png","width":363,"height":342,"caption":"Hakuna IPTV : All-In-One Quality IPTV Service"},"image":{"@id":"https:\/\/hakuna-tv.com\/#\/schema\/logo\/image\/"}}]}},"_links":{"self":[{"href":"https:\/\/hakuna-tv.com\/hakuna-swedn\/wp-json\/wp\/v2\/pages\/2382","targetHints":{"allow":["GET"]}}],"collection":[{"href":"https:\/\/hakuna-tv.com\/hakuna-swedn\/wp-json\/wp\/v2\/pages"}],"about":[{"href":"https:\/\/hakuna-tv.com\/hakuna-swedn\/wp-json\/wp\/v2\/types\/page"}],"author":[{"embeddable":true,"href":"https:\/\/hakuna-tv.com\/hakuna-swedn\/wp-json\/wp\/v2\/users\/1"}],"replies":[{"embeddable":true,"href":"https:\/\/hakuna-tv.com\/hakuna-swedn\/wp-json\/wp\/v2\/comments?post=2382"}],"version-history":[{"count":222,"href":"https:\/\/hakuna-tv.com\/hakuna-swedn\/wp-json\/wp\/v2\/pages\/2382\/revisions"}],"predecessor-version":[{"id":3452,"href":"https:\/\/hakuna-tv.com\/hakuna-swedn\/wp-json\/wp\/v2\/pages\/2382\/revisions\/3452"}],"wp:attachment":[{"href":"https:\/\/hakuna-tv.com\/hakuna-swedn\/wp-json\/wp\/v2\/media?parent=2382"}],"curies":[{"name":"wp","href":"https:\/\/api.w.org\/{rel}","templated":true}]}}