{"id":1262,"date":"2023-10-04T19:52:34","date_gmt":"2023-10-04T19:52:34","guid":{"rendered":"https:\/\/hakuna-tv.com\/?page_id=1262"},"modified":"2023-10-04T19:54:39","modified_gmt":"2023-10-04T19:54:39","slug":"bnp-policy","status":"publish","type":"page","link":"https:\/\/hakuna-tv.com\/hakuna-swedn\/bnp-policy\/","title":{"rendered":"GDPR Policy"},"content":{"rendered":"<div data-elementor-type=\"wp-page\" data-elementor-id=\"1262\" class=\"elementor elementor-1262\" data-elementor-post-type=\"page\">\n\t\t\t\t\t\t<section class=\"elementor-section elementor-top-section elementor-element elementor-element-0f8a65f elementor-section-boxed elementor-section-height-default elementor-section-height-default\" data-id=\"0f8a65f\" data-element_type=\"section\" data-e-type=\"section\" data-settings=\"{&quot;background_background&quot;:&quot;classic&quot;}\">\n\t\t\t\t\t\t\t<div class=\"elementor-background-overlay\"><\/div>\n\t\t\t\t\t\t\t<div class=\"elementor-container elementor-column-gap-default\">\n\t\t\t\t\t<div class=\"elementor-column elementor-col-100 elementor-top-column elementor-element elementor-element-d09dc73\" data-id=\"d09dc73\" data-element_type=\"column\" data-e-type=\"column\">\n\t\t\t<div class=\"elementor-widget-wrap\">\n\t\t\t\t\t\t\t<\/div>\n\t\t<\/div>\n\t\t\t\t\t<\/div>\n\t\t<\/section>\n\t\t\t\t<section class=\"elementor-section elementor-top-section elementor-element elementor-element-b4cf129 elementor-section-full_width elementor-section-height-default elementor-section-height-default\" data-id=\"b4cf129\" data-element_type=\"section\" data-e-type=\"section\" data-settings=\"{&quot;background_background&quot;:&quot;slideshow&quot;,&quot;background_slideshow_gallery&quot;:[],&quot;background_slideshow_loop&quot;:&quot;yes&quot;,&quot;background_slideshow_slide_duration&quot;:5000,&quot;background_slideshow_slide_transition&quot;:&quot;fade&quot;,&quot;background_slideshow_transition_duration&quot;:500}\">\n\t\t\t\t\t\t\t<div class=\"elementor-background-overlay\"><\/div>\n\t\t\t\t\t\t\t<div class=\"elementor-container elementor-column-gap-default\">\n\t\t\t\t\t<div class=\"elementor-column elementor-col-100 elementor-top-column elementor-element elementor-element-3ec8eeb\" data-id=\"3ec8eeb\" data-element_type=\"column\" data-e-type=\"column\">\n\t\t\t<div class=\"elementor-widget-wrap elementor-element-populated\">\n\t\t\t\t\t\t<div class=\"elementor-element elementor-element-790724d elementor-widget elementor-widget-spacer\" data-id=\"790724d\" data-element_type=\"widget\" data-e-type=\"widget\" data-widget_type=\"spacer.default\">\n\t\t\t\t<div class=\"elementor-widget-container\">\n\t\t\t\t\t\t\t<div class=\"elementor-spacer\">\n\t\t\t<div class=\"elementor-spacer-inner\"><\/div>\n\t\t<\/div>\n\t\t\t\t\t\t<\/div>\n\t\t\t\t<\/div>\n\t\t\t\t<div class=\"elementor-element elementor-element-cdadb86 elementor-widget elementor-widget-heading\" data-id=\"cdadb86\" data-element_type=\"widget\" data-e-type=\"widget\" data-widget_type=\"heading.default\">\n\t\t\t\t<div class=\"elementor-widget-container\">\n\t\t\t\t\t<h2 class=\"elementor-heading-title elementor-size-default\">GDPR-policy - Hakuna IPTV<\/h2>\t\t\t\t<\/div>\n\t\t\t\t<\/div>\n\t\t\t\t<div class=\"elementor-element elementor-element-ea50da2 elementor-widget elementor-widget-text-editor\" data-id=\"ea50da2\" data-element_type=\"widget\" data-e-type=\"widget\" data-widget_type=\"text-editor.default\">\n\t\t\t\t<div class=\"elementor-widget-container\">\n\t\t\t\t\t\t\t\t\t<div class=\"elementor-element elementor-element-9ebf88b elementor-widget elementor-widget-text-editor\" data-id=\"9ebf88b\" data-element_type=\"widget\" data-widget_type=\"text-editor.default\"><div class=\"elementor-widget-container\"><div id=\"content\" class=\"site-content\"><div class=\"ast-container\"><div id=\"primary\" class=\"content-area primary\"><main id=\"main\" class=\"site-main\"><article id=\"post-4121\" class=\"post-4121 page type-page status-publish ast-article-single\"><div class=\"entry-content clear\"><div class=\"elementor elementor-4121\" data-elementor-type=\"wp-page\" data-elementor-id=\"4121\"><section class=\"elementor-section elementor-top-section elementor-element elementor-element-ccd8f0b elementor-section-boxed elementor-section-height-default elementor-section-height-default\" data-particle_enable=\"false\" data-particle-mobile-disabled=\"false\" data-id=\"ccd8f0b\" data-element_type=\"section\"><div class=\"elementor-container elementor-column-gap-default\"><div class=\"elementor-column elementor-col-100 elementor-top-column elementor-element elementor-element-a6e4cb1\" data-id=\"a6e4cb1\" data-element_type=\"column\"><div class=\"elementor-widget-wrap elementor-element-populated\"><div class=\"elementor-element elementor-element-3879892 elementor-widget elementor-widget-text-editor\" data-id=\"3879892\" data-element_type=\"widget\" data-widget_type=\"text-editor.default\"><div class=\"elementor-widget-container\"><p>Ikrafttr\u00e4dandedatum: 5 april 2018<\/p><\/div><\/div><div class=\"elementor-element elementor-element-2a780ac elementor-widget elementor-widget-text-editor\" data-id=\"2a780ac\" data-element_type=\"widget\" data-widget_type=\"text-editor.default\"><div class=\"elementor-widget-container\"><p>P\u00e5 Hakuna IPTV har vi \u00e5tagit oss att skydda v\u00e5ra anv\u00e4ndares personliga information och att f\u00f6lja EU:s allm\u00e4nna dataskyddsf\u00f6rordning (\u201cGDPR\u201d) och andra till\u00e4mpliga integritetslagar.<br \/><br \/>Datainsamling och anv\u00e4ndning<br \/>Vi samlar in och behandlar personuppgifter om v\u00e5ra anv\u00e4ndare f\u00f6r att tillhandah\u00e5lla v\u00e5ra tj\u00e4nster s\u00e5som kontoskapande, prenumerationshantering och kundsupport. Den personliga information vi samlar in kan inkludera ditt namn, e-postadress, telefonnummer, faktureringsinformation och annan information som du v\u00e4ljer att tillhandah\u00e5lla oss.<br \/><br \/>Vi behandlar endast personuppgifter f\u00f6r legitima \u00e4ndam\u00e5l och anv\u00e4nder dem inte f\u00f6r \u00e4ndam\u00e5l som \u00e4r of\u00f6renliga med det ursprungliga syftet f\u00f6r vilket de samlades in. Vi kommer att f\u00e5 ditt samtycke innan vi anv\u00e4nder din personliga information f\u00f6r n\u00e5got annat \u00e4ndam\u00e5l.<br \/><br \/>Integritet<br \/>Vi vidtar l\u00e4mpliga tekniska och organisatoriska \u00e5tg\u00e4rder f\u00f6r att s\u00e4kerst\u00e4lla s\u00e4kerheten f\u00f6r dina personuppgifter, inklusive skydd mot obeh\u00f6rig eller olaglig behandling, oavsiktlig f\u00f6rlust, f\u00f6rst\u00f6relse eller skada. Vi har implementerat s\u00e4kerhets\u00e5tg\u00e4rder som kryptering, brandv\u00e4ggar och \u00e5tkomstkontroller f\u00f6r att skydda din personliga information.<br \/><br \/>den registrerades r\u00e4ttigheter<br \/>Du har r\u00e4tt till information, r\u00e4ttelse, radering, begr\u00e4nsning och inv\u00e4ndning mot behandlingen av dina personuppgifter. Du har ocks\u00e5 r\u00e4tt till dataportabilitet och r\u00e4tt att n\u00e4r som helst \u00e5terkalla ditt samtycke.<br \/><br \/>F\u00f6r att ut\u00f6va n\u00e5gon av dessa r\u00e4ttigheter, eller f\u00f6r att l\u00e4mna in ett klagom\u00e5l om v\u00e5r behandling av dina personuppgifter, v\u00e4nligen kontakta oss med hj\u00e4lp av kontaktinformationen som finns i slutet av denna GDPR-policy.<br \/><br \/>data\u00f6verf\u00f6ringar<br \/>Vi kan komma att \u00f6verf\u00f6ra din personliga information utanf\u00f6r Europeiska ekonomiska samarbetsomr\u00e5det (&quot;EES&quot;) till tredje part, inklusive v\u00e5ra tj\u00e4nsteleverant\u00f6rer och partners. Vi delar endast din personliga information med tredje part som har l\u00e4mpliga skydds\u00e5tg\u00e4rder p\u00e5 plats f\u00f6r att skydda din personliga information.<br \/><br \/>datalagring<br \/>Vi kommer att beh\u00e5lla dina personuppgifter s\u00e5 l\u00e4nge det \u00e4r n\u00f6dv\u00e4ndigt f\u00f6r att tillhandah\u00e5lla v\u00e5ra tj\u00e4nster till dig och f\u00f6r att uppfylla r\u00e4ttsliga skyldigheter. N\u00e4r din personliga information inte l\u00e4ngre beh\u00f6vs f\u00f6r dessa \u00e4ndam\u00e5l kommer vi att radera eller anonymisera dem p\u00e5 ett s\u00e4kert s\u00e4tt.<br \/><br \/>Uppdateringar av denna GDPR-policy<br \/>Vi kan uppdatera denna GDPR-policy d\u00e5 och d\u00e5 f\u00f6r att \u00e5terspegla f\u00f6r\u00e4ndringar i v\u00e5r praxis eller juridiska krav. Vi uppmuntrar dig att regelbundet granska denna GDPR-policy f\u00f6r \u00e4ndringar.<br \/><br \/>Kontakta oss<br \/>Om du har n\u00e5gra fr\u00e5gor eller funderingar ang\u00e5ende v\u00e5r behandling av dina personuppgifter, eller vill ut\u00f6va dina r\u00e4ttigheter som registrerad, v\u00e4nligen kontakta oss p\u00e5:<br \/><br \/>Hakuna IPTV<br \/>contact@hakuna-iptv.com<\/p><\/div><\/div><\/div><\/div><\/div><\/section><\/div><\/div><\/article><\/main><\/div><\/div><\/div><footer id=\"colophon\" class=\"site-footer\"><div class=\"site-primary-footer-wrap ast-builder-grid-row-container site-footer-focus-item ast-builder-grid-row-4-equal ast-builder-grid-row-tablet-4-equal ast-builder-grid-row-mobile-full ast-footer-row-stack ast-footer-row-tablet-stack ast-footer-row-mobile-stack\" data-section=\"section-primary-footer-builder\"><div class=\"ast-builder-grid-row-container-inner\"><div class=\"ast-builder-footer-grid-columns site-primary-footer-inner-wrap ast-builder-grid-row\"><div class=\"site-footer-primary-section-1 site-footer-section site-footer-section-1\"><div class=\"ast-builder-layout-element ast-flex site-footer-focus-item ast-footer-copyright\" data-section=\"section-footer-builder\"><div class=\"ast-footer-copyright\">\u00a0<\/div><\/div><\/div><\/div><\/div><\/div><\/footer><\/div><\/div>\t\t\t\t\t\t\t\t<\/div>\n\t\t\t\t<\/div>\n\t\t\t\t<div class=\"elementor-element elementor-element-d3c3526 elementor-widget elementor-widget-spacer\" data-id=\"d3c3526\" data-element_type=\"widget\" data-e-type=\"widget\" data-widget_type=\"spacer.default\">\n\t\t\t\t<div class=\"elementor-widget-container\">\n\t\t\t\t\t\t\t<div class=\"elementor-spacer\">\n\t\t\t<div class=\"elementor-spacer-inner\"><\/div>\n\t\t<\/div>\n\t\t\t\t\t\t<\/div>\n\t\t\t\t<\/div>\n\t\t\t\t\t<\/div>\n\t\t<\/div>\n\t\t\t\t\t<\/div>\n\t\t<\/section>\n\t\t\t\t<\/div>","protected":false},"excerpt":{"rendered":"<p>GDPR-policy \u2013 Hakuna IPTV Ikrafttr\u00e4dandedatum: 5 april 2018 P\u00e5 Hakuna IPTV har vi \u00e5tagit oss att skydda v\u00e5ra anv\u00e4ndares personliga information och f\u00f6lja EU:s allm\u00e4nna dataskyddsf\u00f6rordning (\u201cGDPR\u201d) och andra till\u00e4mpliga integritetslagar. Datainsamling och anv\u00e4ndningVi samlar in och behandlar personuppgifter om v\u00e5ra anv\u00e4ndare f\u00f6r att tillhandah\u00e5lla v\u00e5ra tj\u00e4nster som ... <a title=\"GDPR Policy\" class=\"read-more\" href=\"https:\/\/hakuna-tv.com\/hakuna-swedn\/bnp-policy\/\" aria-label=\"L\u00e4s mer om GDPR-policyn\">L\u00e4s mer<\/a><\/p>","protected":false},"author":1,"featured_media":0,"parent":0,"menu_order":0,"comment_status":"closed","ping_status":"closed","template":"","meta":{"footnotes":""},"class_list":["post-1262","page","type-page","status-publish"],"yoast_head":"<!-- This site is optimized with the Yoast SEO plugin v27.5 - https:\/\/yoast.com\/product\/yoast-seo-wordpress\/ -->\n<title>GDPR Policy - Hakuna IPTV : All-In-One Quality IPTV Service<\/title>\n<meta name=\"robots\" content=\"index, follow, max-snippet:-1, max-image-preview:large, max-video-preview:-1\" \/>\n<link rel=\"canonical\" href=\"https:\/\/hakuna-tv.com\/hakuna-swedn\/bnp-policy\/\" \/>\n<meta property=\"og:locale\" content=\"sv_SE\" \/>\n<meta property=\"og:type\" content=\"article\" \/>\n<meta property=\"og:title\" content=\"GDPR Policy - Hakuna IPTV : All-In-One Quality IPTV Service\" \/>\n<meta property=\"og:description\" content=\"GDPR Policy &#8211; Hakuna IPTV Effective Date: April 5, 2018 At Hakuna IPTV, we are committed to protecting our users&#8217; personal information and complying with the EU General Data Protection Regulation (\u201cGDPR\u201d) and other applicable privacy laws. Data Collection and UseWe collect and process personal data about our users to provide our services such as ... L\u00e4s mer\" \/>\n<meta property=\"og:url\" content=\"https:\/\/hakuna-tv.com\/hakuna-swedn\/bnp-policy\/\" \/>\n<meta property=\"og:site_name\" content=\"Hakuna IPTV : All-In-One Quality IPTV Service\" \/>\n<meta property=\"article:modified_time\" content=\"2023-10-04T19:54:39+00:00\" \/>\n<meta name=\"twitter:card\" content=\"summary_large_image\" \/>\n<meta name=\"twitter:label1\" content=\"Ber\u00e4knad l\u00e4stid\" \/>\n\t<meta name=\"twitter:data1\" content=\"14 minuter\" \/>\n<script type=\"application\/ld+json\" class=\"yoast-schema-graph\">{\"@context\":\"https:\\\/\\\/schema.org\",\"@graph\":[{\"@type\":\"WebPage\",\"@id\":\"https:\\\/\\\/hakuna-tv.com\\\/gdpr-policy\\\/\",\"url\":\"https:\\\/\\\/hakuna-tv.com\\\/gdpr-policy\\\/\",\"name\":\"GDPR Policy - Hakuna IPTV : All-In-One Quality IPTV Service\",\"isPartOf\":{\"@id\":\"https:\\\/\\\/hakuna-tv.com\\\/hakuna-swedn\\\/#website\"},\"datePublished\":\"2023-10-04T19:52:34+00:00\",\"dateModified\":\"2023-10-04T19:54:39+00:00\",\"breadcrumb\":{\"@id\":\"https:\\\/\\\/hakuna-tv.com\\\/gdpr-policy\\\/#breadcrumb\"},\"inLanguage\":\"sv-SE\",\"potentialAction\":[{\"@type\":\"ReadAction\",\"target\":[\"https:\\\/\\\/hakuna-tv.com\\\/gdpr-policy\\\/\"]}]},{\"@type\":\"BreadcrumbList\",\"@id\":\"https:\\\/\\\/hakuna-tv.com\\\/gdpr-policy\\\/#breadcrumb\",\"itemListElement\":[{\"@type\":\"ListItem\",\"position\":1,\"name\":\"Home\",\"item\":\"https:\\\/\\\/hakuna-tv.com\\\/\"},{\"@type\":\"ListItem\",\"position\":2,\"name\":\"GDPR Policy\"}]},{\"@type\":\"WebSite\",\"@id\":\"https:\\\/\\\/hakuna-tv.com\\\/hakuna-swedn\\\/#website\",\"url\":\"https:\\\/\\\/hakuna-tv.com\\\/hakuna-swedn\\\/\",\"name\":\"Hakuna IPTV : All-In-One Quality IPTV Service\",\"description\":\"\",\"publisher\":{\"@id\":\"https:\\\/\\\/hakuna-tv.com\\\/hakuna-swedn\\\/#organization\"},\"potentialAction\":[{\"@type\":\"SearchAction\",\"target\":{\"@type\":\"EntryPoint\",\"urlTemplate\":\"https:\\\/\\\/hakuna-tv.com\\\/hakuna-swedn\\\/?s={search_term_string}\"},\"query-input\":{\"@type\":\"PropertyValueSpecification\",\"valueRequired\":true,\"valueName\":\"search_term_string\"}}],\"inLanguage\":\"sv-SE\"},{\"@type\":\"Organization\",\"@id\":\"https:\\\/\\\/hakuna-tv.com\\\/hakuna-swedn\\\/#organization\",\"name\":\"Hakuna IPTV : All-In-One Quality IPTV Service\",\"url\":\"https:\\\/\\\/hakuna-tv.com\\\/hakuna-swedn\\\/\",\"logo\":{\"@type\":\"ImageObject\",\"inLanguage\":\"sv-SE\",\"@id\":\"https:\\\/\\\/hakuna-tv.com\\\/hakuna-swedn\\\/#\\\/schema\\\/logo\\\/image\\\/\",\"url\":\"https:\\\/\\\/hakuna-tv.com\\\/wp-content\\\/uploads\\\/2023\\\/10\\\/cropped-hakunaiptv-logo.png\",\"contentUrl\":\"https:\\\/\\\/hakuna-tv.com\\\/wp-content\\\/uploads\\\/2023\\\/10\\\/cropped-hakunaiptv-logo.png\",\"width\":363,\"height\":342,\"caption\":\"Hakuna IPTV : All-In-One Quality IPTV Service\"},\"image\":{\"@id\":\"https:\\\/\\\/hakuna-tv.com\\\/hakuna-swedn\\\/#\\\/schema\\\/logo\\\/image\\\/\"}}]}<\/script>\n<!-- \/ Yoast SEO plugin. -->","yoast_head_json":{"title":"GDPR-policy - Hakuna IPTV: Allt-i-ett-kvalitets-IPTV-tj\u00e4nst","robots":{"index":"index","follow":"follow","max-snippet":"max-snippet:-1","max-image-preview":"max-image-preview:large","max-video-preview":"max-video-preview:-1"},"canonical":"https:\/\/hakuna-tv.com\/hakuna-swedn\/bnp-policy\/","og_locale":"sv_SE","og_type":"article","og_title":"GDPR Policy - Hakuna IPTV : All-In-One Quality IPTV Service","og_description":"GDPR Policy &#8211; Hakuna IPTV Effective Date: April 5, 2018 At Hakuna IPTV, we are committed to protecting our users&#8217; personal information and complying with the EU General Data Protection Regulation (\u201cGDPR\u201d) and other applicable privacy laws. Data Collection and UseWe collect and process personal data about our users to provide our services such as ... L\u00e4s mer","og_url":"https:\/\/hakuna-tv.com\/hakuna-swedn\/bnp-policy\/","og_site_name":"Hakuna IPTV : All-In-One Quality IPTV Service","article_modified_time":"2023-10-04T19:54:39+00:00","twitter_card":"summary_large_image","twitter_misc":{"Ber\u00e4knad l\u00e4stid":"14 minuter"},"schema":{"@context":"https:\/\/schema.org","@graph":[{"@type":"WebPage","@id":"https:\/\/hakuna-tv.com\/gdpr-policy\/","url":"https:\/\/hakuna-tv.com\/gdpr-policy\/","name":"GDPR-policy - Hakuna IPTV: Allt-i-ett-kvalitets-IPTV-tj\u00e4nst","isPartOf":{"@id":"https:\/\/hakuna-tv.com\/hakuna-swedn\/#website"},"datePublished":"2023-10-04T19:52:34+00:00","dateModified":"2023-10-04T19:54:39+00:00","breadcrumb":{"@id":"https:\/\/hakuna-tv.com\/gdpr-policy\/#breadcrumb"},"inLanguage":"sv-SE","potentialAction":[{"@type":"ReadAction","target":["https:\/\/hakuna-tv.com\/gdpr-policy\/"]}]},{"@type":"BreadcrumbList","@id":"https:\/\/hakuna-tv.com\/gdpr-policy\/#breadcrumb","itemListElement":[{"@type":"ListItem","position":1,"name":"Home","item":"https:\/\/hakuna-tv.com\/"},{"@type":"ListItem","position":2,"name":"GDPR Policy"}]},{"@type":"WebSite","@id":"https:\/\/hakuna-tv.com\/hakuna-swedn\/#website","url":"https:\/\/hakuna-tv.com\/hakuna-swedn\/","name":"Hakuna IPTV: Allt-i-ett-kvalitets IPTV-tj\u00e4nst","description":"","publisher":{"@id":"https:\/\/hakuna-tv.com\/hakuna-swedn\/#organization"},"potentialAction":[{"@type":"SearchAction","target":{"@type":"EntryPoint","urlTemplate":"https:\/\/hakuna-tv.com\/hakuna-swedn\/?s={search_term_string}"},"query-input":{"@type":"PropertyValueSpecification","valueRequired":true,"valueName":"search_term_string"}}],"inLanguage":"sv-SE"},{"@type":"Organization","@id":"https:\/\/hakuna-tv.com\/hakuna-swedn\/#organization","name":"Hakuna IPTV: Allt-i-ett-kvalitets IPTV-tj\u00e4nst","url":"https:\/\/hakuna-tv.com\/hakuna-swedn\/","logo":{"@type":"ImageObject","inLanguage":"sv-SE","@id":"https:\/\/hakuna-tv.com\/hakuna-swedn\/#\/schema\/logo\/image\/","url":"https:\/\/hakuna-tv.com\/wp-content\/uploads\/2023\/10\/cropped-hakunaiptv-logo.png","contentUrl":"https:\/\/hakuna-tv.com\/wp-content\/uploads\/2023\/10\/cropped-hakunaiptv-logo.png","width":363,"height":342,"caption":"Hakuna IPTV : All-In-One Quality IPTV Service"},"image":{"@id":"https:\/\/hakuna-tv.com\/hakuna-swedn\/#\/schema\/logo\/image\/"}}]}},"_links":{"self":[{"href":"https:\/\/hakuna-tv.com\/hakuna-swedn\/wp-json\/wp\/v2\/pages\/1262","targetHints":{"allow":["GET"]}}],"collection":[{"href":"https:\/\/hakuna-tv.com\/hakuna-swedn\/wp-json\/wp\/v2\/pages"}],"about":[{"href":"https:\/\/hakuna-tv.com\/hakuna-swedn\/wp-json\/wp\/v2\/types\/page"}],"author":[{"embeddable":true,"href":"https:\/\/hakuna-tv.com\/hakuna-swedn\/wp-json\/wp\/v2\/users\/1"}],"replies":[{"embeddable":true,"href":"https:\/\/hakuna-tv.com\/hakuna-swedn\/wp-json\/wp\/v2\/comments?post=1262"}],"version-history":[{"count":0,"href":"https:\/\/hakuna-tv.com\/hakuna-swedn\/wp-json\/wp\/v2\/pages\/1262\/revisions"}],"wp:attachment":[{"href":"https:\/\/hakuna-tv.com\/hakuna-swedn\/wp-json\/wp\/v2\/media?parent=1262"}],"curies":[{"name":"wp","href":"https:\/\/api.w.org\/{rel}","templated":true}]}}