{"id":1239,"date":"2023-10-04T19:33:14","date_gmt":"2023-10-04T19:33:14","guid":{"rendered":"https:\/\/hakuna-tv.com\/?page_id=1239"},"modified":"2025-11-05T05:22:52","modified_gmt":"2025-11-05T05:22:52","slug":"dataskydd","status":"publish","type":"page","link":"https:\/\/hakuna-tv.com\/hakuna-swedn\/dataskydd\/","title":{"rendered":"Integritetspolicy"},"content":{"rendered":"<div data-elementor-type=\"wp-page\" data-elementor-id=\"1239\" class=\"elementor elementor-1239\" data-elementor-post-type=\"page\">\n\t\t\t\t\t\t<section class=\"elementor-section elementor-top-section elementor-element elementor-element-0f8a65f elementor-section-boxed elementor-section-height-default elementor-section-height-default\" data-id=\"0f8a65f\" data-element_type=\"section\" data-settings=\"{&quot;background_background&quot;:&quot;classic&quot;}\">\n\t\t\t\t\t\t\t<div class=\"elementor-background-overlay\"><\/div>\n\t\t\t\t\t\t\t<div class=\"elementor-container elementor-column-gap-default\">\n\t\t\t\t\t<div class=\"elementor-column elementor-col-100 elementor-top-column elementor-element elementor-element-d09dc73\" data-id=\"d09dc73\" data-element_type=\"column\">\n\t\t\t<div class=\"elementor-widget-wrap\">\n\t\t\t\t\t\t\t<\/div>\n\t\t<\/div>\n\t\t\t\t\t<\/div>\n\t\t<\/section>\n\t\t\t\t<section class=\"elementor-section elementor-top-section elementor-element elementor-element-b4cf129 elementor-section-full_width elementor-section-height-default elementor-section-height-default\" data-id=\"b4cf129\" data-element_type=\"section\" data-settings=\"{&quot;background_background&quot;:&quot;slideshow&quot;,&quot;background_slideshow_gallery&quot;:[],&quot;background_slideshow_loop&quot;:&quot;yes&quot;,&quot;background_slideshow_slide_duration&quot;:5000,&quot;background_slideshow_slide_transition&quot;:&quot;fade&quot;,&quot;background_slideshow_transition_duration&quot;:500}\">\n\t\t\t\t\t\t\t<div class=\"elementor-background-overlay\"><\/div>\n\t\t\t\t\t\t\t<div class=\"elementor-container elementor-column-gap-default\">\n\t\t\t\t\t<div class=\"elementor-column elementor-col-100 elementor-top-column elementor-element elementor-element-3ec8eeb\" data-id=\"3ec8eeb\" data-element_type=\"column\">\n\t\t\t<div class=\"elementor-widget-wrap elementor-element-populated\">\n\t\t\t\t\t\t<div class=\"elementor-element elementor-element-790724d elementor-widget elementor-widget-spacer\" data-id=\"790724d\" data-element_type=\"widget\" data-widget_type=\"spacer.default\">\n\t\t\t\t<div class=\"elementor-widget-container\">\n\t\t\t\t\t\t\t<div class=\"elementor-spacer\">\n\t\t\t<div class=\"elementor-spacer-inner\"><\/div>\n\t\t<\/div>\n\t\t\t\t\t\t<\/div>\n\t\t\t\t<\/div>\n\t\t\t\t<div class=\"elementor-element elementor-element-cdadb86 elementor-widget elementor-widget-heading\" data-id=\"cdadb86\" data-element_type=\"widget\" data-widget_type=\"heading.default\">\n\t\t\t\t<div class=\"elementor-widget-container\">\n\t\t\t\t\t<h2 class=\"elementor-heading-title elementor-size-default\">Integritetspolicy<\/h2>\t\t\t\t<\/div>\n\t\t\t\t<\/div>\n\t\t\t\t<div class=\"elementor-element elementor-element-ea50da2 elementor-widget elementor-widget-text-editor\" data-id=\"ea50da2\" data-element_type=\"widget\" data-widget_type=\"text-editor.default\">\n\t\t\t\t<div class=\"elementor-widget-container\">\n\t\t\t\t\t\t\t\t\t<p>F\u00f6ljande allm\u00e4nna f\u00f6rs\u00e4ljningsvillkor reglerar alla transaktioner som utf\u00f6rs i hakuna-tv.com webbkatalog.<\/p><p>Alla best\u00e4llningar som g\u00f6rs p\u00e5 denna webbplats inneb\u00e4r ett ovillkorligt och o\u00e5terkalleligt godk\u00e4nnande av kunden av dessa villkor.<\/p><p>Artikel 1: \u00c4mne<\/p><p>Detta avtal \u00e4r ett distansavtal som syftar till att fastst\u00e4lla parternas r\u00e4ttigheter och skyldigheter i samband med f\u00f6rs\u00e4ljning av IPTV-produkter p\u00e5 Internet via v\u00e5r butik.<\/p><p>Artikel 2 \u2013 Pris<\/p><p>Priserna p\u00e5 v\u00e5ra produkter anges inklusive alla skatter (moms och andra skatter som g\u00e4ller p\u00e5 best\u00e4llningsdagen), om inte annat anges.<\/p><p>www.hakuna-tv.com f\u00f6rbeh\u00e5ller sig r\u00e4tten att \u00e4ndra sina priser n\u00e4r som helst, men produkten kommer att faktureras baserat p\u00e5 det pris som g\u00e4ller n\u00e4r best\u00e4llningen bekr\u00e4ftas och i m\u00e5n av tillg\u00e5ng.<\/p><p>Artikel 3 \u2013 Best\u00e4llningar<\/p><p>Du kan best\u00e4lla:<\/p><p>Ange de valda metoderna, till exempel:<\/p><p>\u2022 P\u00e5 Internet: www.hakuna-tv.com<\/p><p>\u2022 Via WhatsApp fr\u00e5n m\u00e5ndag till s\u00f6ndag dygnet runt.<\/p><p>Artikel 4 \u2013 Bekr\u00e4ftelse av din best\u00e4llning<\/p><p>Varje best\u00e4llning som visas p\u00e5 webbplatsen www.hakuna-tv.com inneb\u00e4r att du accepterar dessa allm\u00e4nna villkor. Varje orderbekr\u00e4ftelse inneb\u00e4r att du accepterar dessa allm\u00e4nna f\u00f6rs\u00e4ljningsvillkor, utan undantag eller reservation.<\/p><p>All tillhandah\u00e5llen data och registrerad bekr\u00e4ftelse anses vara bevis p\u00e5 transaktionen.<\/p><p>Du f\u00f6rklarar att du har full k\u00e4nnedom om detta.<\/p><p>En sammanfattning av din best\u00e4llningsinformation och dessa villkor kommer att skickas till dig p\u00e5 beg\u00e4ran i PDF-format via e-postadress.<\/p><p>Artikel 5 \u2013 Betalning F\u00f6r att betala f\u00f6r din best\u00e4llning, v\u00e4lj en av betalningsmetoderna som erbjuds av www.hakuna-tv.com p\u00e5 betalningssidan.<\/p><p>I detta fall kommer transaktionen att \u00f6verf\u00f6ras till att debitera ditt konto omedelbart med fraktbekr\u00e4ftelsen.<\/p><p>Konsumenten garanterar HAKUNA IPTV att han under valideringen av best\u00e4llningsformul\u00e4ret har de n\u00f6dv\u00e4ndiga beh\u00f6righeterna att anv\u00e4nda den betalningsmetod han har valt.<\/p><p>Vid betalning med kreditkort g\u00e4ller best\u00e4mmelserna om bedr\u00e4gligt anv\u00e4ndande av betalningsmedel enligt de avtal som slutits mellan konsumenten och kortutgivaren mellan www.hakuna-tv.com och dennes bank. .<\/p><p>Bekr\u00e4ftelse av din best\u00e4llning f\u00f6rpliktar dig att betala det angivna priset.<\/p><p>Artikel 6 - Tillg\u00e4nglighet<\/p><p>V\u00e5ra produkter erbjuds s\u00e5 l\u00e4nge de \u00e4r synliga p\u00e5 webbplatsen www.hakuna-tv.com och inom gr\u00e4nserna f\u00f6r tillg\u00e4ngliga lager.<\/p><p>I h\u00e4ndelse av att produkten inte \u00e4r tillg\u00e4nglig efter din best\u00e4llning kommer vi att informera dig via e-post. Din best\u00e4llning kommer att annulleras automatiskt och ingen bankavgift kommer att tas ut.<\/p><p>Artikel 7 \u2013 Leverans<\/p><p>Produkterna kommer att levereras till den e-postadress eller telefonnummer (Whatsapp) som anges under best\u00e4llningsprocessen inom den tid som anges p\u00e5 orderbekr\u00e4ftelsesidan.<\/p><p>I h\u00e4ndelse av en leveransf\u00f6rsening kommer du att f\u00e5 ett e-postmeddelande f\u00f6r att informera dig om eventuell p\u00e5verkan p\u00e5 leveranstiden som anges till dig.<\/p><p>Artikel 8 \u2013 Garanti<\/p><p>Alla v\u00e5ra produkter omfattas av den lagliga garantin f\u00f6r \u00f6verensst\u00e4mmelse och garantin mot dolda defekter. I h\u00e4ndelse av bristande \u00f6verensst\u00e4mmelse f\u00f6r en s\u00e5ld produkt kan den \u00e5terbetalas.<\/p><p>Alla klagom\u00e5l, beg\u00e4randen om \u00e5terbetalning m\u00e5ste g\u00f6ras via e-post: inom 48 timmar efter leverans.<\/p><p>Artikel 9 \u2013 Arkivering av bevis<\/p><p>Hakuna-IPTV arkiverar best\u00e4llningar och fakturor p\u00e5 ett tillf\u00f6rlitligt och h\u00e5llbart medium som representerar en trogen kopia i enlighet med civillagen.<\/p><p>Artikel 10 \u2013 Force Majeure<\/p><p>www.hakuna-tv.com \u00e4r endast skyldig att fullg\u00f6ra sina skyldigheter om inte en h\u00e4ndelse av force majeure f\u00f6rhindrar detta<\/p>\t\t\t\t\t\t\t\t<\/div>\n\t\t\t\t<\/div>\n\t\t\t\t<div class=\"elementor-element elementor-element-d3c3526 elementor-widget elementor-widget-spacer\" data-id=\"d3c3526\" data-element_type=\"widget\" data-widget_type=\"spacer.default\">\n\t\t\t\t<div class=\"elementor-widget-container\">\n\t\t\t\t\t\t\t<div class=\"elementor-spacer\">\n\t\t\t<div class=\"elementor-spacer-inner\"><\/div>\n\t\t<\/div>\n\t\t\t\t\t\t<\/div>\n\t\t\t\t<\/div>\n\t\t\t\t\t<\/div>\n\t\t<\/div>\n\t\t\t\t\t<\/div>\n\t\t<\/section>\n\t\t\t\t<\/div>","protected":false},"excerpt":{"rendered":"<p>Sekretesspolicy F\u00f6ljande allm\u00e4nna f\u00f6rs\u00e4ljningsvillkor reglerar alla transaktioner som utf\u00f6rs i hakuna-tv.com webbkatalog. Alla best\u00e4llningar som g\u00f6rs p\u00e5 denna webbplats inneb\u00e4r ett ovillkorligt och o\u00e5terkalleligt godk\u00e4nnande av kunden av dessa villkor. Artikel 1: \u00c4mne Detta avtal \u00e4r ett distansavtal som syftar till att fastst\u00e4lla parternas r\u00e4ttigheter och skyldigheter... <a title=\"Integritetspolicy\" class=\"read-more\" href=\"https:\/\/hakuna-tv.com\/hakuna-swedn\/dataskydd\/\" aria-label=\"L\u00e4s mer om Integritetspolicy\">L\u00e4s mer<\/a><\/p>","protected":false},"author":1,"featured_media":0,"parent":0,"menu_order":0,"comment_status":"closed","ping_status":"closed","template":"","meta":{"_glsr_average":0,"_glsr_ranking":0,"_glsr_reviews":0,"footnotes":""},"class_list":["post-1239","page","type-page","status-publish"],"yoast_head":"<!-- This site is optimized with the Yoast SEO Premium plugin v25.4 (Yoast SEO v25.4) - https:\/\/yoast.com\/wordpress\/plugins\/seo\/ -->\n<title>Privacy Policy - Hakuna IPTV : All-In-One Quality IPTV Service<\/title>\n<meta name=\"robots\" content=\"index, follow, max-snippet:-1, max-image-preview:large, max-video-preview:-1\" \/>\n<link rel=\"canonical\" href=\"https:\/\/hakuna-tv.com\/hakuna-swedn\/dataskydd\/\" \/>\n<meta property=\"og:locale\" content=\"sv_SE\" \/>\n<meta property=\"og:type\" content=\"article\" \/>\n<meta property=\"og:title\" content=\"Privacy Policy\" \/>\n<meta property=\"og:description\" content=\"Privacy Policy The following general conditions of sale govern all transactions carried out in the hakuna-tv.com web catalog. All orders placed on this website imply the unconditional and irrevocable acceptance by the customer of these conditions. Article 1: Subject This Agreement is a distance contract aimed at determining the rights and obligations of the parties ... L\u00e4s mer\" \/>\n<meta property=\"og:url\" content=\"https:\/\/hakuna-tv.com\/hakuna-swedn\/dataskydd\/\" \/>\n<meta property=\"og:site_name\" content=\"Hakuna IPTV : All-In-One Quality IPTV Service\" \/>\n<meta property=\"article:modified_time\" content=\"2025-11-05T05:22:52+00:00\" \/>\n<meta name=\"twitter:card\" content=\"summary_large_image\" \/>\n<meta name=\"twitter:label1\" content=\"Ber\u00e4knad l\u00e4stid\" \/>\n\t<meta name=\"twitter:data1\" content=\"3 minuter\" \/>\n<script type=\"application\/ld+json\" class=\"yoast-schema-graph\">{\"@context\":\"https:\/\/schema.org\",\"@graph\":[{\"@type\":\"WebPage\",\"@id\":\"https:\/\/hakuna-tv.com\/data-protection\/\",\"url\":\"https:\/\/hakuna-tv.com\/data-protection\/\",\"name\":\"Privacy Policy - Hakuna IPTV : All-In-One Quality IPTV Service\",\"isPartOf\":{\"@id\":\"https:\/\/hakuna-tv.com\/#website\"},\"datePublished\":\"2023-10-04T19:33:14+00:00\",\"dateModified\":\"2025-11-05T05:22:52+00:00\",\"breadcrumb\":{\"@id\":\"https:\/\/hakuna-tv.com\/data-protection\/#breadcrumb\"},\"inLanguage\":\"sv-SE\",\"potentialAction\":[{\"@type\":\"ReadAction\",\"target\":[\"https:\/\/hakuna-tv.com\/data-protection\/\"]}]},{\"@type\":\"BreadcrumbList\",\"@id\":\"https:\/\/hakuna-tv.com\/data-protection\/#breadcrumb\",\"itemListElement\":[{\"@type\":\"ListItem\",\"position\":1,\"name\":\"Home\",\"item\":\"https:\/\/hakuna-tv.com\/\"},{\"@type\":\"ListItem\",\"position\":2,\"name\":\"Privacy Policy\"}]},{\"@type\":\"WebSite\",\"@id\":\"https:\/\/hakuna-tv.com\/#website\",\"url\":\"https:\/\/hakuna-tv.com\/\",\"name\":\"Hakuna IPTV : All-In-One Quality IPTV Service\",\"description\":\"\",\"publisher\":{\"@id\":\"https:\/\/hakuna-tv.com\/#organization\"},\"potentialAction\":[{\"@type\":\"SearchAction\",\"target\":{\"@type\":\"EntryPoint\",\"urlTemplate\":\"https:\/\/hakuna-tv.com\/?s={search_term_string}\"},\"query-input\":{\"@type\":\"PropertyValueSpecification\",\"valueRequired\":true,\"valueName\":\"search_term_string\"}}],\"inLanguage\":\"sv-SE\"},{\"@type\":\"Organization\",\"@id\":\"https:\/\/hakuna-tv.com\/#organization\",\"name\":\"Hakuna IPTV : All-In-One Quality IPTV Service\",\"url\":\"https:\/\/hakuna-tv.com\/\",\"logo\":{\"@type\":\"ImageObject\",\"inLanguage\":\"sv-SE\",\"@id\":\"https:\/\/hakuna-tv.com\/#\/schema\/logo\/image\/\",\"url\":\"https:\/\/hakuna-tv.com\/wp-content\/uploads\/2023\/10\/cropped-hakunaiptv-logo.png\",\"contentUrl\":\"https:\/\/hakuna-tv.com\/wp-content\/uploads\/2023\/10\/cropped-hakunaiptv-logo.png\",\"width\":363,\"height\":342,\"caption\":\"Hakuna IPTV : All-In-One Quality IPTV Service\"},\"image\":{\"@id\":\"https:\/\/hakuna-tv.com\/#\/schema\/logo\/image\/\"}}]}<\/script>\n<!-- \/ Yoast SEO Premium plugin. -->","yoast_head_json":{"title":"Privacy Policy - Hakuna IPTV : All-In-One Quality IPTV Service","robots":{"index":"index","follow":"follow","max-snippet":"max-snippet:-1","max-image-preview":"max-image-preview:large","max-video-preview":"max-video-preview:-1"},"canonical":"https:\/\/hakuna-tv.com\/hakuna-swedn\/dataskydd\/","og_locale":"sv_SE","og_type":"article","og_title":"Privacy Policy","og_description":"Privacy Policy The following general conditions of sale govern all transactions carried out in the hakuna-tv.com web catalog. All orders placed on this website imply the unconditional and irrevocable acceptance by the customer of these conditions. Article 1: Subject This Agreement is a distance contract aimed at determining the rights and obligations of the parties ... L\u00e4s mer","og_url":"https:\/\/hakuna-tv.com\/hakuna-swedn\/dataskydd\/","og_site_name":"Hakuna IPTV : All-In-One Quality IPTV Service","article_modified_time":"2025-11-05T05:22:52+00:00","twitter_card":"summary_large_image","twitter_misc":{"Ber\u00e4knad l\u00e4stid":"3 minuter"},"schema":{"@context":"https:\/\/schema.org","@graph":[{"@type":"WebPage","@id":"https:\/\/hakuna-tv.com\/data-protection\/","url":"https:\/\/hakuna-tv.com\/data-protection\/","name":"Privacy Policy - Hakuna IPTV : All-In-One Quality IPTV Service","isPartOf":{"@id":"https:\/\/hakuna-tv.com\/#website"},"datePublished":"2023-10-04T19:33:14+00:00","dateModified":"2025-11-05T05:22:52+00:00","breadcrumb":{"@id":"https:\/\/hakuna-tv.com\/data-protection\/#breadcrumb"},"inLanguage":"sv-SE","potentialAction":[{"@type":"ReadAction","target":["https:\/\/hakuna-tv.com\/data-protection\/"]}]},{"@type":"BreadcrumbList","@id":"https:\/\/hakuna-tv.com\/data-protection\/#breadcrumb","itemListElement":[{"@type":"ListItem","position":1,"name":"Home","item":"https:\/\/hakuna-tv.com\/"},{"@type":"ListItem","position":2,"name":"Privacy Policy"}]},{"@type":"WebSite","@id":"https:\/\/hakuna-tv.com\/#website","url":"https:\/\/hakuna-tv.com\/","name":"Hakuna IPTV : All-In-One Quality IPTV Service","description":"","publisher":{"@id":"https:\/\/hakuna-tv.com\/#organization"},"potentialAction":[{"@type":"SearchAction","target":{"@type":"EntryPoint","urlTemplate":"https:\/\/hakuna-tv.com\/?s={search_term_string}"},"query-input":{"@type":"PropertyValueSpecification","valueRequired":true,"valueName":"search_term_string"}}],"inLanguage":"sv-SE"},{"@type":"Organization","@id":"https:\/\/hakuna-tv.com\/#organization","name":"Hakuna IPTV : All-In-One Quality IPTV Service","url":"https:\/\/hakuna-tv.com\/","logo":{"@type":"ImageObject","inLanguage":"sv-SE","@id":"https:\/\/hakuna-tv.com\/#\/schema\/logo\/image\/","url":"https:\/\/hakuna-tv.com\/wp-content\/uploads\/2023\/10\/cropped-hakunaiptv-logo.png","contentUrl":"https:\/\/hakuna-tv.com\/wp-content\/uploads\/2023\/10\/cropped-hakunaiptv-logo.png","width":363,"height":342,"caption":"Hakuna IPTV : All-In-One Quality IPTV Service"},"image":{"@id":"https:\/\/hakuna-tv.com\/#\/schema\/logo\/image\/"}}]}},"_links":{"self":[{"href":"https:\/\/hakuna-tv.com\/hakuna-swedn\/wp-json\/wp\/v2\/pages\/1239","targetHints":{"allow":["GET"]}}],"collection":[{"href":"https:\/\/hakuna-tv.com\/hakuna-swedn\/wp-json\/wp\/v2\/pages"}],"about":[{"href":"https:\/\/hakuna-tv.com\/hakuna-swedn\/wp-json\/wp\/v2\/types\/page"}],"author":[{"embeddable":true,"href":"https:\/\/hakuna-tv.com\/hakuna-swedn\/wp-json\/wp\/v2\/users\/1"}],"replies":[{"embeddable":true,"href":"https:\/\/hakuna-tv.com\/hakuna-swedn\/wp-json\/wp\/v2\/comments?post=1239"}],"version-history":[{"count":3,"href":"https:\/\/hakuna-tv.com\/hakuna-swedn\/wp-json\/wp\/v2\/pages\/1239\/revisions"}],"predecessor-version":[{"id":3066,"href":"https:\/\/hakuna-tv.com\/hakuna-swedn\/wp-json\/wp\/v2\/pages\/1239\/revisions\/3066"}],"wp:attachment":[{"href":"https:\/\/hakuna-tv.com\/hakuna-swedn\/wp-json\/wp\/v2\/media?parent=1239"}],"curies":[{"name":"wp","href":"https:\/\/api.w.org\/{rel}","templated":true}]}}