{"id":2382,"date":"2025-01-03T03:38:35","date_gmt":"2025-01-03T03:38:35","guid":{"rendered":"https:\/\/hakuna-tv.com\/?page_id=2382"},"modified":"2026-02-25T06:44:02","modified_gmt":"2026-02-25T06:44:02","slug":"subskrybowac","status":"publish","type":"page","link":"https:\/\/hakuna-tv.com\/hakuna-poln\/subskrybowac\/","title":{"rendered":"Subskrybuj Hakuna TV"},"content":{"rendered":"<div data-elementor-type=\"wp-page\" data-elementor-id=\"2382\" class=\"elementor elementor-2382\" data-elementor-post-type=\"page\">\n\t\t\t\t\t\t<section class=\"elementor-section elementor-top-section elementor-element elementor-element-0f8a65f elementor-section-boxed elementor-section-height-default elementor-section-height-default\" data-id=\"0f8a65f\" data-element_type=\"section\" data-settings=\"{&quot;background_background&quot;:&quot;classic&quot;}\">\n\t\t\t\t\t\t\t<div class=\"elementor-background-overlay\"><\/div>\n\t\t\t\t\t\t\t<div class=\"elementor-container elementor-column-gap-default\">\n\t\t\t\t\t<div class=\"elementor-column elementor-col-100 elementor-top-column elementor-element elementor-element-d09dc73\" data-id=\"d09dc73\" data-element_type=\"column\">\n\t\t\t<div class=\"elementor-widget-wrap\">\n\t\t\t\t\t\t\t<\/div>\n\t\t<\/div>\n\t\t\t\t\t<\/div>\n\t\t<\/section>\n\t\t\t\t<section class=\"elementor-section elementor-top-section elementor-element elementor-element-b4cf129 elementor-section-full_width elementor-section-height-default elementor-section-height-default\" data-id=\"b4cf129\" data-element_type=\"section\" data-settings=\"{&quot;background_background&quot;:&quot;slideshow&quot;,&quot;background_slideshow_gallery&quot;:[],&quot;background_slideshow_loop&quot;:&quot;yes&quot;,&quot;background_slideshow_slide_duration&quot;:5000,&quot;background_slideshow_slide_transition&quot;:&quot;fade&quot;,&quot;background_slideshow_transition_duration&quot;:500}\">\n\t\t\t\t\t\t\t<div class=\"elementor-background-overlay\"><\/div>\n\t\t\t\t\t\t\t<div class=\"elementor-container elementor-column-gap-default\">\n\t\t\t\t\t<div class=\"elementor-column elementor-col-100 elementor-top-column elementor-element elementor-element-3ec8eeb\" data-id=\"3ec8eeb\" data-element_type=\"column\">\n\t\t\t<div class=\"elementor-widget-wrap elementor-element-populated\">\n\t\t\t\t\t\t<div class=\"elementor-element elementor-element-790724d elementor-widget elementor-widget-spacer\" data-id=\"790724d\" data-element_type=\"widget\" data-widget_type=\"spacer.default\">\n\t\t\t\t<div class=\"elementor-widget-container\">\n\t\t\t\t\t\t\t<div class=\"elementor-spacer\">\n\t\t\t<div class=\"elementor-spacer-inner\"><\/div>\n\t\t<\/div>\n\t\t\t\t\t\t<\/div>\n\t\t\t\t<\/div>\n\t\t\t\t<div class=\"elementor-element elementor-element-cdadb86 elementor-widget elementor-widget-heading\" data-id=\"cdadb86\" data-element_type=\"widget\" data-widget_type=\"heading.default\">\n\t\t\t\t<div class=\"elementor-widget-container\">\n\t\t\t\t\t<h2 class=\"elementor-heading-title elementor-size-default\">Wa\u017cne informacje przed z\u0142o\u017ceniem zam\u00f3wienia<\/h2>\t\t\t\t<\/div>\n\t\t\t\t<\/div>\n\t\t\t\t<div class=\"elementor-element elementor-element-680ffec elementor-widget elementor-widget-spacer\" data-id=\"680ffec\" data-element_type=\"widget\" data-widget_type=\"spacer.default\">\n\t\t\t\t<div class=\"elementor-widget-container\">\n\t\t\t\t\t\t\t<div class=\"elementor-spacer\">\n\t\t\t<div class=\"elementor-spacer-inner\"><\/div>\n\t\t<\/div>\n\t\t\t\t\t\t<\/div>\n\t\t\t\t<\/div>\n\t\t\t\t<div class=\"elementor-element elementor-element-ea50da2 elementor-widget elementor-widget-text-editor\" data-id=\"ea50da2\" data-element_type=\"widget\" data-widget_type=\"text-editor.default\">\n\t\t\t\t<div class=\"elementor-widget-container\">\n\t\t\t\t\t\t\t\t\t<p class=\"p1\">Dzi\u0119kujemy za rozwa\u017cenie Hakuna TV dla Twoich potrzeb IPTV! Aby zapewni\u0107 najlepsze do\u015bwiadczenia wszystkim naszym klientom, prosimy o uwa\u017cne przeczytanie poni\u017cszych informacji przed z\u0142o\u017ceniem zam\u00f3wienia.<\/p>\t\t\t\t\t\t\t\t<\/div>\n\t\t\t\t<\/div>\n\t\t\t\t<div class=\"elementor-element elementor-element-86f1216 elementor-widget elementor-widget-text-editor\" data-id=\"86f1216\" data-element_type=\"widget\" data-widget_type=\"text-editor.default\">\n\t\t\t\t<div class=\"elementor-widget-container\">\n\t\t\t\t\t\t\t\t\t<p class=\"p3\"><b>Wypr\u00f3buj najpierw nasz 1-dniowy karnet<\/b><b><\/b><\/p><p class=\"p1\">Zdecydowanie polecamy zacz\u0105\u0107 od naszego <a href=\"https:\/\/hakuna-tv.com\/hakuna-poln\/#trial\"><b>Karnet 1-dniowy<\/b><\/a> aby przetestowa\u0107 nasze us\u0142ugi przed zobowi\u0105zaniem si\u0119 do miesi\u0119cznego lub rocznego pakietu. Pozwala to na do\u015bwiadczenie jako\u015bci i stabilno\u015bci naszych us\u0142ug z pierwszej r\u0119ki. Gdy b\u0119dziesz zadowolony, mo\u017cesz przyst\u0105pi\u0107 do zakupu jednego z naszych d\u0142ugoterminowych pakiet\u00f3w.<\/p>\t\t\t\t\t\t\t\t<\/div>\n\t\t\t\t<\/div>\n\t\t\t\t<div class=\"elementor-element elementor-element-2a80879 elementor-align-center elementor-mobile-align-center elementor-widget elementor-widget-button\" data-id=\"2a80879\" data-element_type=\"widget\" data-widget_type=\"button.default\">\n\t\t\t\t<div class=\"elementor-widget-container\">\n\t\t\t\t\t\t\t\t\t<div class=\"elementor-button-wrapper\">\n\t\t\t\t\t<a class=\"elementor-button elementor-button-link elementor-size-xs\" href=\"https:\/\/t.co\/69wMDdAMOx\" target=\"_blank\" rel=\"nofollow\">\n\t\t\t\t\t\t<span class=\"elementor-button-content-wrapper\">\n\t\t\t\t\t\t\t\t\t<span class=\"elementor-button-text\">Zdob\u0105d\u017a sw\u00f3j 1-dniowy karnet<\/span>\n\t\t\t\t\t<\/span>\n\t\t\t\t\t<\/a>\n\t\t\t\t<\/div>\n\t\t\t\t\t\t\t\t<\/div>\n\t\t\t\t<\/div>\n\t\t\t\t<div class=\"elementor-element elementor-element-938917b elementor-align-center elementor-mobile-align-center elementor-widget elementor-widget-button\" data-id=\"938917b\" data-element_type=\"widget\" data-widget_type=\"button.default\">\n\t\t\t\t<div class=\"elementor-widget-container\">\n\t\t\t\t\t<style>.elementor-element-938917b{display:none !important}<\/style>\t\t\t\t<\/div>\n\t\t\t\t<\/div>\n\t\t\t\t<div class=\"elementor-element elementor-element-d3c3526 elementor-widget elementor-widget-spacer\" data-id=\"d3c3526\" data-element_type=\"widget\" data-widget_type=\"spacer.default\">\n\t\t\t\t<div class=\"elementor-widget-container\">\n\t\t\t\t\t\t\t<div class=\"elementor-spacer\">\n\t\t\t<div class=\"elementor-spacer-inner\"><\/div>\n\t\t<\/div>\n\t\t\t\t\t\t<\/div>\n\t\t\t\t<\/div>\n\t\t\t\t<div class=\"elementor-element elementor-element-8864d5c elementor-widget elementor-widget-spacer\" data-id=\"8864d5c\" data-element_type=\"widget\" data-widget_type=\"spacer.default\">\n\t\t\t\t<div class=\"elementor-widget-container\">\n\t\t\t\t\t\t\t<div class=\"elementor-spacer\">\n\t\t\t<div class=\"elementor-spacer-inner\"><\/div>\n\t\t<\/div>\n\t\t\t\t\t\t<\/div>\n\t\t\t\t<\/div>\n\t\t\t\t<div class=\"elementor-element elementor-element-4f87a8c elementor-widget elementor-widget-text-editor\" data-id=\"4f87a8c\" data-element_type=\"widget\" data-widget_type=\"text-editor.default\">\n\t\t\t\t<div class=\"elementor-widget-container\">\n\t\t\t\t\t\t\t\t\t<h4 class=\"p1\"><strong>Zam\u00f3w swoj\u0105 subskrypcj\u0119 \u2013 Skontaktuj si\u0119 z nami<\/strong><b><\/b><\/h4><p class=\"p3\">Aby z\u0142o\u017cy\u0107 zam\u00f3wienie, skontaktuj si\u0119 z nami za po\u015brednictwem <a href=\"https:\/\/go.crisp.chat\/chat\/embed\/?website_id=e303af1e-9ff2-4b67-a21d-6463ed2e6935\"><b>Czat na \u017cywo<\/b><\/a>Nasi agenci s\u0105 dost\u0119pni, aby Ci pom\u00f3c. Jednak w godzinach szczytu odpowiedzi mog\u0105 trwa\u0107 d\u0142u\u017cej ni\u017c zwykle. Uprzejmie prosimy o cierpliwo\u015b\u0107 i zrozumienie. Zapewniamy, \u017ce odpowiemy na wszystkie zapytania, a w przypadku op\u00f3\u017anienia skontaktujemy si\u0119 z Tob\u0105 za po\u015brednictwem poczty e-mail.<\/p>\t\t\t\t\t\t\t\t<\/div>\n\t\t\t\t<\/div>\n\t\t\t\t<div class=\"elementor-element elementor-element-e7466e3 elementor-shape-circle elementor-grid-0 e-grid-align-center elementor-widget elementor-widget-social-icons\" data-id=\"e7466e3\" data-element_type=\"widget\" data-widget_type=\"social-icons.default\">\n\t\t\t\t<div class=\"elementor-widget-container\">\n\t\t\t\t\t\t\t<div class=\"elementor-social-icons-wrapper elementor-grid\">\n\t\t\t\t\t\t\t<span class=\"elementor-grid-item\">\n\t\t\t\t\t<a class=\"elementor-icon elementor-social-icon elementor-social-icon-rocketchat elementor-repeater-item-b14141a\" href=\"https:\/\/go.crisp.chat\/chat\/embed\/?website_id=e303af1e-9ff2-4b67-a21d-6463ed2e6935\" target=\"_blank\">\n\t\t\t\t\t\t<span class=\"elementor-screen-only\">Rakietowy czat<\/span>\n\t\t\t\t\t\t<i class=\"fab fa-rocketchat\"><\/i>\t\t\t\t\t<\/a>\n\t\t\t\t<\/span>\n\t\t\t\t\t<\/div>\n\t\t\t\t\t\t<\/div>\n\t\t\t\t<\/div>\n\t\t\t\t<div class=\"elementor-element elementor-element-ebc7d87 elementor-widget elementor-widget-spacer\" data-id=\"ebc7d87\" data-element_type=\"widget\" data-widget_type=\"spacer.default\">\n\t\t\t\t<div class=\"elementor-widget-container\">\n\t\t\t\t\t\t\t<div class=\"elementor-spacer\">\n\t\t\t<div class=\"elementor-spacer-inner\"><\/div>\n\t\t<\/div>\n\t\t\t\t\t\t<\/div>\n\t\t\t\t<\/div>\n\t\t\t\t<div class=\"elementor-element elementor-element-3b7f357 elementor-widget elementor-widget-text-editor\" data-id=\"3b7f357\" data-element_type=\"widget\" data-widget_type=\"text-editor.default\">\n\t\t\t\t<div class=\"elementor-widget-container\">\n\t\t\t\t\t\t\t\t\t<p class=\"p1\"><b>Zwroty op\u0142at i spory<\/b><b><\/b><\/p><p class=\"p3\">Zdecydowanie odradzamy otwieranie obci\u0105\u017ce\u0144 zwrotnych lub spor\u00f3w bez wcze\u015bniejszego skontaktowania si\u0119 z nami. Zobowi\u0105zujemy si\u0119 do rozwi\u0105zania wszelkich problem\u00f3w lub anulowania subskrypcji, je\u015bli b\u0119dzie to konieczne. Nale\u017cy jednak zrozumie\u0107, \u017ce:<\/p><p class=\"p4\">\u2022 <b>Zgodno\u015b\u0107 z przepisami prawnymi:<\/b> Je\u015bli klient kwestionuje nasz\u0105 Polityk\u0119 braku zwrot\u00f3w lub \u017c\u0105da zwrotu pieni\u0119dzy po z\u0142o\u017ceniu zam\u00f3wienia, zastrzegamy sobie prawo do podj\u0119cia krok\u00f3w prawnych. Korzystaj\u0105c z naszych us\u0142ug, zgadzasz si\u0119 rozstrzyga\u0107 wszelkie spory zgodnie z obowi\u0105zuj\u0105cymi przepisami prawa i warunkami \u015bwiadczenia us\u0142ug przez Hakuna TV.<\/p><p class=\"p4\">\u2022 Przed otwarciem sporu skontaktuj si\u0119 z nami za po\u015brednictwem czatu na \u017cywo i daj nam wystarczaj\u0105co du\u017co czasu, aby Ci pom\u00f3c.<\/p><p class=\"p1\"><b>Wa\u017cne przypomnienia<\/b><b><\/b><\/p><p class=\"p4\">\u2022<b>Doceniamy cierpliwo\u015b\u0107:<\/b> Nasz zesp\u00f3\u0142 ci\u0119\u017cko pracuje, aby odpowiedzie\u0107 wszystkim tak szybko, jak to mo\u017cliwe.<\/p><p class=\"p4\">\u2022<b>Przeczytaj wszystkie zasady:<\/b> Przed z\u0142o\u017ceniem zam\u00f3wienia zapoznaj si\u0119 z nasz\u0105 Polityk\u0105 zwrot\u00f3w i Warunkami \u015bwiadczenia us\u0142ug.<\/p>\t\t\t\t\t\t\t\t<\/div>\n\t\t\t\t<\/div>\n\t\t\t\t<div class=\"elementor-element elementor-element-cba4c7a elementor-widget elementor-widget-text-editor\" data-id=\"cba4c7a\" data-element_type=\"widget\" data-widget_type=\"text-editor.default\">\n\t\t\t\t<div class=\"elementor-widget-container\">\n\t\t\t\t\t\t\t\t\t<p class=\"p1\">Dzi\u0119kujemy za wybranie Hakuna TV. Jeste\u015bmy zobowi\u0105zani do zapewnienia Ci wysokiej jako\u015bci us\u0142ug IPTV i najlepszego mo\u017cliwego wsparcia<\/p>\t\t\t\t\t\t\t\t<\/div>\n\t\t\t\t<\/div>\n\t\t\t\t<div class=\"elementor-element elementor-element-91c81fa elementor-widget elementor-widget-spacer\" data-id=\"91c81fa\" data-element_type=\"widget\" data-widget_type=\"spacer.default\">\n\t\t\t\t<div class=\"elementor-widget-container\">\n\t\t\t\t\t\t\t<div class=\"elementor-spacer\">\n\t\t\t<div class=\"elementor-spacer-inner\"><\/div>\n\t\t<\/div>\n\t\t\t\t\t\t<\/div>\n\t\t\t\t<\/div>\n\t\t\t\t\t<\/div>\n\t\t<\/div>\n\t\t\t\t\t<\/div>\n\t\t<\/section>\n\t\t\t\t<\/div>","protected":false},"excerpt":{"rendered":"<p>Wa\u017cne informacje przed z\u0142o\u017ceniem zam\u00f3wienia Dzi\u0119kujemy za rozwa\u017cenie Hakuna TV w zakresie potrzeb IPTV! Aby zapewni\u0107 najlepsze do\u015bwiadczenia wszystkim naszym klientom, prosimy o uwa\u017cne przeczytanie poni\u017cszych informacji przed z\u0142o\u017ceniem zam\u00f3wienia. Najpierw wypr\u00f3buj nasz 1-dniowy karnet Zdecydowanie zalecamy rozpocz\u0119cie od naszego 1-dniowego karnetu, aby przetestowa\u0107 nasze us\u0142ugi przed zobowi\u0105zaniem si\u0119 do \u2026 <a title=\"Subskrybuj Hakuna TV\" class=\"read-more\" href=\"https:\/\/hakuna-tv.com\/hakuna-poln\/subskrybowac\/\" aria-label=\"Dowiedz si\u0119 wi\u0119cej o subskrypcji Hakuna TV\">Czytaj dalej<\/a><\/p>","protected":false},"author":1,"featured_media":0,"parent":0,"menu_order":0,"comment_status":"closed","ping_status":"closed","template":"","meta":{"_glsr_average":0,"_glsr_ranking":0,"_glsr_reviews":0,"footnotes":""},"class_list":["post-2382","page","type-page","status-publish"],"yoast_head":"<!-- This site is optimized with the Yoast SEO Premium plugin v25.4 (Yoast SEO v25.4) - https:\/\/yoast.com\/wordpress\/plugins\/seo\/ -->\n<title>Subscribe to Hakuna TV - Hakuna IPTV : All-In-One Quality IPTV Service<\/title>\n<meta name=\"robots\" content=\"index, follow, max-snippet:-1, max-image-preview:large, max-video-preview:-1\" \/>\n<link rel=\"canonical\" href=\"https:\/\/hakuna-tv.com\/hakuna-poln\/subskrybowac\/\" \/>\n<meta property=\"og:locale\" content=\"pl_PL\" \/>\n<meta property=\"og:type\" content=\"article\" \/>\n<meta property=\"og:title\" content=\"Subscribe to Hakuna TV\" \/>\n<meta property=\"og:description\" content=\"Important Information Before You Order Thank you for considering Hakuna TV for your IPTV needs! To ensure the best experience for all our clients, please carefully read the following information before placing your order. Try Our 1-Day Pass First We highly recommend starting with our 1-Day Pass to test our services before committing to a ... Czytaj dalej\" \/>\n<meta property=\"og:url\" content=\"https:\/\/hakuna-tv.com\/hakuna-poln\/subskrybowac\/\" \/>\n<meta property=\"og:site_name\" content=\"Hakuna IPTV : All-In-One Quality IPTV Service\" \/>\n<meta property=\"article:modified_time\" content=\"2026-02-25T06:44:02+00:00\" \/>\n<meta name=\"twitter:card\" content=\"summary_large_image\" \/>\n<meta name=\"twitter:label1\" content=\"Szacowany czas czytania\" \/>\n\t<meta name=\"twitter:data1\" content=\"2 minuty\" \/>\n<script type=\"application\/ld+json\" class=\"yoast-schema-graph\">{\"@context\":\"https:\/\/schema.org\",\"@graph\":[{\"@type\":\"WebPage\",\"@id\":\"https:\/\/hakuna-tv.com\/subscribe\/\",\"url\":\"https:\/\/hakuna-tv.com\/subscribe\/\",\"name\":\"Subscribe to Hakuna TV - Hakuna IPTV : All-In-One Quality IPTV Service\",\"isPartOf\":{\"@id\":\"https:\/\/hakuna-tv.com\/#website\"},\"datePublished\":\"2025-01-03T03:38:35+00:00\",\"dateModified\":\"2026-02-25T06:44:02+00:00\",\"breadcrumb\":{\"@id\":\"https:\/\/hakuna-tv.com\/subscribe\/#breadcrumb\"},\"inLanguage\":\"pl-PL\",\"potentialAction\":[{\"@type\":\"ReadAction\",\"target\":[\"https:\/\/hakuna-tv.com\/subscribe\/\"]}]},{\"@type\":\"BreadcrumbList\",\"@id\":\"https:\/\/hakuna-tv.com\/subscribe\/#breadcrumb\",\"itemListElement\":[{\"@type\":\"ListItem\",\"position\":1,\"name\":\"Home\",\"item\":\"https:\/\/hakuna-tv.com\/\"},{\"@type\":\"ListItem\",\"position\":2,\"name\":\"Subscribe to Hakuna TV\"}]},{\"@type\":\"WebSite\",\"@id\":\"https:\/\/hakuna-tv.com\/#website\",\"url\":\"https:\/\/hakuna-tv.com\/\",\"name\":\"Hakuna IPTV : All-In-One Quality IPTV Service\",\"description\":\"\",\"publisher\":{\"@id\":\"https:\/\/hakuna-tv.com\/#organization\"},\"potentialAction\":[{\"@type\":\"SearchAction\",\"target\":{\"@type\":\"EntryPoint\",\"urlTemplate\":\"https:\/\/hakuna-tv.com\/?s={search_term_string}\"},\"query-input\":{\"@type\":\"PropertyValueSpecification\",\"valueRequired\":true,\"valueName\":\"search_term_string\"}}],\"inLanguage\":\"pl-PL\"},{\"@type\":\"Organization\",\"@id\":\"https:\/\/hakuna-tv.com\/#organization\",\"name\":\"Hakuna IPTV : All-In-One Quality IPTV Service\",\"url\":\"https:\/\/hakuna-tv.com\/\",\"logo\":{\"@type\":\"ImageObject\",\"inLanguage\":\"pl-PL\",\"@id\":\"https:\/\/hakuna-tv.com\/#\/schema\/logo\/image\/\",\"url\":\"https:\/\/hakuna-tv.com\/wp-content\/uploads\/2023\/10\/cropped-hakunaiptv-logo.png\",\"contentUrl\":\"https:\/\/hakuna-tv.com\/wp-content\/uploads\/2023\/10\/cropped-hakunaiptv-logo.png\",\"width\":363,\"height\":342,\"caption\":\"Hakuna IPTV : All-In-One Quality IPTV Service\"},\"image\":{\"@id\":\"https:\/\/hakuna-tv.com\/#\/schema\/logo\/image\/\"}}]}<\/script>\n<!-- \/ Yoast SEO Premium plugin. -->","yoast_head_json":{"title":"Subscribe to Hakuna TV - Hakuna IPTV : All-In-One Quality IPTV Service","robots":{"index":"index","follow":"follow","max-snippet":"max-snippet:-1","max-image-preview":"max-image-preview:large","max-video-preview":"max-video-preview:-1"},"canonical":"https:\/\/hakuna-tv.com\/hakuna-poln\/subskrybowac\/","og_locale":"pl_PL","og_type":"article","og_title":"Subscribe to Hakuna TV","og_description":"Important Information Before You Order Thank you for considering Hakuna TV for your IPTV needs! To ensure the best experience for all our clients, please carefully read the following information before placing your order. Try Our 1-Day Pass First We highly recommend starting with our 1-Day Pass to test our services before committing to a ... Czytaj dalej","og_url":"https:\/\/hakuna-tv.com\/hakuna-poln\/subskrybowac\/","og_site_name":"Hakuna IPTV : All-In-One Quality IPTV Service","article_modified_time":"2026-02-25T06:44:02+00:00","twitter_card":"summary_large_image","twitter_misc":{"Szacowany czas czytania":"2 minuty"},"schema":{"@context":"https:\/\/schema.org","@graph":[{"@type":"WebPage","@id":"https:\/\/hakuna-tv.com\/subscribe\/","url":"https:\/\/hakuna-tv.com\/subscribe\/","name":"Subscribe to Hakuna TV - Hakuna IPTV : All-In-One Quality IPTV Service","isPartOf":{"@id":"https:\/\/hakuna-tv.com\/#website"},"datePublished":"2025-01-03T03:38:35+00:00","dateModified":"2026-02-25T06:44:02+00:00","breadcrumb":{"@id":"https:\/\/hakuna-tv.com\/subscribe\/#breadcrumb"},"inLanguage":"pl-PL","potentialAction":[{"@type":"ReadAction","target":["https:\/\/hakuna-tv.com\/subscribe\/"]}]},{"@type":"BreadcrumbList","@id":"https:\/\/hakuna-tv.com\/subscribe\/#breadcrumb","itemListElement":[{"@type":"ListItem","position":1,"name":"Home","item":"https:\/\/hakuna-tv.com\/"},{"@type":"ListItem","position":2,"name":"Subscribe to Hakuna TV"}]},{"@type":"WebSite","@id":"https:\/\/hakuna-tv.com\/#website","url":"https:\/\/hakuna-tv.com\/","name":"Hakuna IPTV : All-In-One Quality IPTV Service","description":"","publisher":{"@id":"https:\/\/hakuna-tv.com\/#organization"},"potentialAction":[{"@type":"SearchAction","target":{"@type":"EntryPoint","urlTemplate":"https:\/\/hakuna-tv.com\/?s={search_term_string}"},"query-input":{"@type":"PropertyValueSpecification","valueRequired":true,"valueName":"search_term_string"}}],"inLanguage":"pl-PL"},{"@type":"Organization","@id":"https:\/\/hakuna-tv.com\/#organization","name":"Hakuna IPTV : All-In-One Quality IPTV Service","url":"https:\/\/hakuna-tv.com\/","logo":{"@type":"ImageObject","inLanguage":"pl-PL","@id":"https:\/\/hakuna-tv.com\/#\/schema\/logo\/image\/","url":"https:\/\/hakuna-tv.com\/wp-content\/uploads\/2023\/10\/cropped-hakunaiptv-logo.png","contentUrl":"https:\/\/hakuna-tv.com\/wp-content\/uploads\/2023\/10\/cropped-hakunaiptv-logo.png","width":363,"height":342,"caption":"Hakuna IPTV : All-In-One Quality IPTV Service"},"image":{"@id":"https:\/\/hakuna-tv.com\/#\/schema\/logo\/image\/"}}]}},"_links":{"self":[{"href":"https:\/\/hakuna-tv.com\/hakuna-poln\/wp-json\/wp\/v2\/pages\/2382","targetHints":{"allow":["GET"]}}],"collection":[{"href":"https:\/\/hakuna-tv.com\/hakuna-poln\/wp-json\/wp\/v2\/pages"}],"about":[{"href":"https:\/\/hakuna-tv.com\/hakuna-poln\/wp-json\/wp\/v2\/types\/page"}],"author":[{"embeddable":true,"href":"https:\/\/hakuna-tv.com\/hakuna-poln\/wp-json\/wp\/v2\/users\/1"}],"replies":[{"embeddable":true,"href":"https:\/\/hakuna-tv.com\/hakuna-poln\/wp-json\/wp\/v2\/comments?post=2382"}],"version-history":[{"count":222,"href":"https:\/\/hakuna-tv.com\/hakuna-poln\/wp-json\/wp\/v2\/pages\/2382\/revisions"}],"predecessor-version":[{"id":3452,"href":"https:\/\/hakuna-tv.com\/hakuna-poln\/wp-json\/wp\/v2\/pages\/2382\/revisions\/3452"}],"wp:attachment":[{"href":"https:\/\/hakuna-tv.com\/hakuna-poln\/wp-json\/wp\/v2\/media?parent=2382"}],"curies":[{"name":"wp","href":"https:\/\/api.w.org\/{rel}","templated":true}]}}