{"id":1262,"date":"2023-10-04T19:52:34","date_gmt":"2023-10-04T19:52:34","guid":{"rendered":"https:\/\/hakuna-tv.com\/?page_id=1262"},"modified":"2023-10-04T19:54:39","modified_gmt":"2023-10-04T19:54:39","slug":"polityka-rodo","status":"publish","type":"page","link":"https:\/\/hakuna-tv.com\/hakuna-poln\/polityka-rodo\/","title":{"rendered":"Polityka RODO"},"content":{"rendered":"<div data-elementor-type=\"wp-page\" data-elementor-id=\"1262\" class=\"elementor elementor-1262\" data-elementor-post-type=\"page\">\n\t\t\t\t\t\t<section class=\"elementor-section elementor-top-section elementor-element elementor-element-0f8a65f elementor-section-boxed elementor-section-height-default elementor-section-height-default\" data-id=\"0f8a65f\" data-element_type=\"section\" data-e-type=\"section\" data-settings=\"{&quot;background_background&quot;:&quot;classic&quot;}\">\n\t\t\t\t\t\t\t<div class=\"elementor-background-overlay\"><\/div>\n\t\t\t\t\t\t\t<div class=\"elementor-container elementor-column-gap-default\">\n\t\t\t\t\t<div class=\"elementor-column elementor-col-100 elementor-top-column elementor-element elementor-element-d09dc73\" data-id=\"d09dc73\" data-element_type=\"column\" data-e-type=\"column\">\n\t\t\t<div class=\"elementor-widget-wrap\">\n\t\t\t\t\t\t\t<\/div>\n\t\t<\/div>\n\t\t\t\t\t<\/div>\n\t\t<\/section>\n\t\t\t\t<section class=\"elementor-section elementor-top-section elementor-element elementor-element-b4cf129 elementor-section-full_width elementor-section-height-default elementor-section-height-default\" data-id=\"b4cf129\" data-element_type=\"section\" data-e-type=\"section\" data-settings=\"{&quot;background_background&quot;:&quot;slideshow&quot;,&quot;background_slideshow_gallery&quot;:[],&quot;background_slideshow_loop&quot;:&quot;yes&quot;,&quot;background_slideshow_slide_duration&quot;:5000,&quot;background_slideshow_slide_transition&quot;:&quot;fade&quot;,&quot;background_slideshow_transition_duration&quot;:500}\">\n\t\t\t\t\t\t\t<div class=\"elementor-background-overlay\"><\/div>\n\t\t\t\t\t\t\t<div class=\"elementor-container elementor-column-gap-default\">\n\t\t\t\t\t<div class=\"elementor-column elementor-col-100 elementor-top-column elementor-element elementor-element-3ec8eeb\" data-id=\"3ec8eeb\" data-element_type=\"column\" data-e-type=\"column\">\n\t\t\t<div class=\"elementor-widget-wrap elementor-element-populated\">\n\t\t\t\t\t\t<div class=\"elementor-element elementor-element-790724d elementor-widget elementor-widget-spacer\" data-id=\"790724d\" data-element_type=\"widget\" data-e-type=\"widget\" data-widget_type=\"spacer.default\">\n\t\t\t\t<div class=\"elementor-widget-container\">\n\t\t\t\t\t\t\t<div class=\"elementor-spacer\">\n\t\t\t<div class=\"elementor-spacer-inner\"><\/div>\n\t\t<\/div>\n\t\t\t\t\t\t<\/div>\n\t\t\t\t<\/div>\n\t\t\t\t<div class=\"elementor-element elementor-element-cdadb86 elementor-widget elementor-widget-heading\" data-id=\"cdadb86\" data-element_type=\"widget\" data-e-type=\"widget\" data-widget_type=\"heading.default\">\n\t\t\t\t<div class=\"elementor-widget-container\">\n\t\t\t\t\t<h2 class=\"elementor-heading-title elementor-size-default\">Polityka RODO - Hakuna IPTV<\/h2>\t\t\t\t<\/div>\n\t\t\t\t<\/div>\n\t\t\t\t<div class=\"elementor-element elementor-element-ea50da2 elementor-widget elementor-widget-text-editor\" data-id=\"ea50da2\" data-element_type=\"widget\" data-e-type=\"widget\" data-widget_type=\"text-editor.default\">\n\t\t\t\t<div class=\"elementor-widget-container\">\n\t\t\t\t\t\t\t\t\t<div class=\"elementor-element elementor-element-9ebf88b elementor-widget elementor-widget-text-editor\" data-id=\"9ebf88b\" data-element_type=\"widget\" data-widget_type=\"text-editor.default\"><div class=\"elementor-widget-container\"><div id=\"content\" class=\"site-content\"><div class=\"ast-container\"><div id=\"primary\" class=\"content-area primary\"><main id=\"main\" class=\"site-main\"><article id=\"post-4121\" class=\"post-4121 page type-page status-publish ast-article-single\"><div class=\"entry-content clear\"><div class=\"elementor elementor-4121\" data-elementor-type=\"wp-page\" data-elementor-id=\"4121\"><section class=\"elementor-section elementor-top-section elementor-element elementor-element-ccd8f0b elementor-section-boxed elementor-section-height-default elementor-section-height-default\" data-particle_enable=\"false\" data-particle-mobile-disabled=\"false\" data-id=\"ccd8f0b\" data-element_type=\"section\"><div class=\"elementor-container elementor-column-gap-default\"><div class=\"elementor-column elementor-col-100 elementor-top-column elementor-element elementor-element-a6e4cb1\" data-id=\"a6e4cb1\" data-element_type=\"column\"><div class=\"elementor-widget-wrap elementor-element-populated\"><div class=\"elementor-element elementor-element-3879892 elementor-widget elementor-widget-text-editor\" data-id=\"3879892\" data-element_type=\"widget\" data-widget_type=\"text-editor.default\"><div class=\"elementor-widget-container\"><p>Data wej\u015bcia w \u017cycie: 5 kwietnia 2018 r<\/p><\/div><\/div><div class=\"elementor-element elementor-element-2a780ac elementor-widget elementor-widget-text-editor\" data-id=\"2a780ac\" data-element_type=\"widget\" data-widget_type=\"text-editor.default\"><div class=\"elementor-widget-container\"><p>W Hakuna IPTV zobowi\u0105zujemy si\u0119 do ochrony danych osobowych naszych u\u017cytkownik\u00f3w i przestrzegania Og\u00f3lnego rozporz\u0105dzenia UE o ochronie danych (\u201eRODO\u201d) i innych obowi\u0105zuj\u0105cych przepis\u00f3w dotycz\u0105cych prywatno\u015bci.<br \/><br \/>Gromadzenie i wykorzystywanie danych<br \/>Gromadzimy i przetwarzamy dane osobowe naszych u\u017cytkownik\u00f3w w celu \u015bwiadczenia naszych us\u0142ug, takich jak tworzenie kont, zarz\u0105dzanie subskrypcjami i obs\u0142uga klienta. Gromadzone przez nas dane osobowe mog\u0105 obejmowa\u0107 Twoje imi\u0119 i nazwisko, adres e-mail, numer telefonu, informacje rozliczeniowe i inne informacje, kt\u00f3re zdecydujesz si\u0119 nam przekaza\u0107.<br \/><br \/>Przetwarzamy dane osobowe wy\u0142\u0105cznie w celach zgodnych z prawem i nie wykorzystujemy ich do cel\u00f3w niezgodnych z pierwotnym celem, dla kt\u00f3rego zosta\u0142y zebrane. Uzyskamy Twoj\u0105 zgod\u0119 przed wykorzystaniem Twoich danych osobowych w jakimkolwiek innym celu.<br \/><br \/>Prywatno\u015b\u0107<br \/>Podejmujemy odpowiednie \u015brodki techniczne i organizacyjne, aby zapewni\u0107 bezpiecze\u0144stwo Twoich danych osobowych, w tym ochron\u0119 przed niedozwolonym lub niezgodnym z prawem przetwarzaniem, przypadkow\u0105 utrat\u0105, zniszczeniem lub uszkodzeniem. Wdro\u017cyli\u015bmy \u015brodki bezpiecze\u0144stwa, takie jak szyfrowanie, zapory ogniowe i kontrola dost\u0119pu, aby chroni\u0107 Twoje dane osobowe.<br \/><br \/>prawa osoby, kt\u00f3rej dane dotycz\u0105<br \/>Masz prawo do informacji, sprostowania, usuni\u0119cia, ograniczenia oraz sprzeciwu wobec przetwarzania Twoich danych osobowych. Masz r\u00f3wnie\u017c prawo do przenoszenia danych oraz prawo do wycofania zgody w dowolnym momencie.<br \/><br \/>Aby skorzysta\u0107 z kt\u00f3regokolwiek z tych praw lub z\u0142o\u017cy\u0107 skarg\u0119 dotycz\u0105c\u0105 przetwarzania przez nas Twoich danych osobowych, skontaktuj si\u0119 z nami, korzystaj\u0105c z danych kontaktowych podanych na ko\u0144cu niniejszej Polityki RODO.<br \/><br \/>transfery danych<br \/>Mo\u017cemy przekazywa\u0107 Twoje dane osobowe poza Europejski Obszar Gospodarczy (\u201eEOG\u201d) stronom trzecim, w tym naszym us\u0142ugodawcom i partnerom. Udost\u0119pniamy Twoje dane osobowe wy\u0142\u0105cznie stronom trzecim, kt\u00f3re posiadaj\u0105 odpowiednie zabezpieczenia w celu ochrony Twoich danych osobowych.<br \/><br \/>przechowywanie danych<br \/>B\u0119dziemy przechowywa\u0107 Twoje dane osobowe tak d\u0142ugo, jak b\u0119dzie to konieczne do \u015bwiadczenia Ci naszych us\u0142ug i wywi\u0105zania si\u0119 z obowi\u0105zk\u00f3w prawnych. Kiedy Twoje dane osobowe nie b\u0119d\u0105 ju\u017c potrzebne do tych cel\u00f3w, bezpiecznie je usuniemy lub zanonimizujemy.<br \/><br \/>Aktualizacje niniejszej Polityki RODO<br \/>Mo\u017cemy od czasu do czasu aktualizowa\u0107 niniejsz\u0105 Polityk\u0119 RODO, aby odzwierciedli\u0107 zmiany w naszych praktykach lub wymaganiach prawnych. Zach\u0119camy do okresowego przegl\u0105dania niniejszej Polityki RODO pod k\u0105tem zmian.<br \/><br \/>Skontaktuj si\u0119 z nami<br \/>Je\u015bli masz pytania lub w\u0105tpliwo\u015bci dotycz\u0105ce przetwarzania przez nas Twoich danych osobowych lub chcesz skorzysta\u0107 z praw przys\u0142uguj\u0105cych Ci jako osobie, kt\u00f3rej dane dotycz\u0105, skontaktuj si\u0119 z nami pod adresem:<br \/><br \/>Hakuna IPTV<br \/>contact@hakuna-iptv.com<\/p><\/div><\/div><\/div><\/div><\/div><\/section><\/div><\/div><\/article><\/main><\/div><\/div><\/div><footer id=\"colophon\" class=\"site-footer\"><div class=\"site-primary-footer-wrap ast-builder-grid-row-container site-footer-focus-item ast-builder-grid-row-4-equal ast-builder-grid-row-tablet-4-equal ast-builder-grid-row-mobile-full ast-footer-row-stack ast-footer-row-tablet-stack ast-footer-row-mobile-stack\" data-section=\"section-primary-footer-builder\"><div class=\"ast-builder-grid-row-container-inner\"><div class=\"ast-builder-footer-grid-columns site-primary-footer-inner-wrap ast-builder-grid-row\"><div class=\"site-footer-primary-section-1 site-footer-section site-footer-section-1\"><div class=\"ast-builder-layout-element ast-flex site-footer-focus-item ast-footer-copyright\" data-section=\"section-footer-builder\"><div class=\"ast-footer-copyright\">\u00a0<\/div><\/div><\/div><\/div><\/div><\/div><\/footer><\/div><\/div>\t\t\t\t\t\t\t\t<\/div>\n\t\t\t\t<\/div>\n\t\t\t\t<div class=\"elementor-element elementor-element-d3c3526 elementor-widget elementor-widget-spacer\" data-id=\"d3c3526\" data-element_type=\"widget\" data-e-type=\"widget\" data-widget_type=\"spacer.default\">\n\t\t\t\t<div class=\"elementor-widget-container\">\n\t\t\t\t\t\t\t<div class=\"elementor-spacer\">\n\t\t\t<div class=\"elementor-spacer-inner\"><\/div>\n\t\t<\/div>\n\t\t\t\t\t\t<\/div>\n\t\t\t\t<\/div>\n\t\t\t\t\t<\/div>\n\t\t<\/div>\n\t\t\t\t\t<\/div>\n\t\t<\/section>\n\t\t\t\t<\/div>","protected":false},"excerpt":{"rendered":"<p>Polityka RODO \u2013 Hakuna IPTV Data wej\u015bcia w \u017cycie: 5 kwietnia 2018 r. W Hakuna IPTV zobowi\u0105zujemy si\u0119 do ochrony danych osobowych naszych u\u017cytkownik\u00f3w i przestrzegania Og\u00f3lnego rozporz\u0105dzenia UE o ochronie danych (\u201eRODO\u201d) i innych obowi\u0105zuj\u0105cych przepis\u00f3w dotycz\u0105cych prywatno\u015bci. Zbieranie i wykorzystywanie danychZbieramy i przetwarzamy dane osobowe naszych u\u017cytkownik\u00f3w w celu \u015bwiadczenia naszych us\u0142ug, takich jak\u2026 <a title=\"Polityka RODO\" class=\"read-more\" href=\"https:\/\/hakuna-tv.com\/hakuna-poln\/polityka-rodo\/\" aria-label=\"Dowiedz si\u0119 wi\u0119cej o GDPR Policy\">Czytaj dalej<\/a><\/p>","protected":false},"author":1,"featured_media":0,"parent":0,"menu_order":0,"comment_status":"closed","ping_status":"closed","template":"","meta":{"footnotes":""},"class_list":["post-1262","page","type-page","status-publish"],"yoast_head":"<!-- This site is optimized with the Yoast SEO plugin v27.5 - https:\/\/yoast.com\/product\/yoast-seo-wordpress\/ -->\n<title>GDPR Policy - Hakuna IPTV : All-In-One Quality IPTV Service<\/title>\n<meta name=\"robots\" content=\"index, follow, max-snippet:-1, max-image-preview:large, max-video-preview:-1\" \/>\n<link rel=\"canonical\" href=\"https:\/\/hakuna-tv.com\/hakuna-poln\/polityka-rodo\/\" \/>\n<meta property=\"og:locale\" content=\"pl_PL\" \/>\n<meta property=\"og:type\" content=\"article\" \/>\n<meta property=\"og:title\" content=\"GDPR Policy - Hakuna IPTV : All-In-One Quality IPTV Service\" \/>\n<meta property=\"og:description\" content=\"GDPR Policy &#8211; Hakuna IPTV Effective Date: April 5, 2018 At Hakuna IPTV, we are committed to protecting our users&#8217; personal information and complying with the EU General Data Protection Regulation (\u201cGDPR\u201d) and other applicable privacy laws. Data Collection and UseWe collect and process personal data about our users to provide our services such as ... Czytaj dalej\" \/>\n<meta property=\"og:url\" content=\"https:\/\/hakuna-tv.com\/hakuna-poln\/polityka-rodo\/\" \/>\n<meta property=\"og:site_name\" content=\"Hakuna IPTV : All-In-One Quality IPTV Service\" \/>\n<meta property=\"article:modified_time\" content=\"2023-10-04T19:54:39+00:00\" \/>\n<meta name=\"twitter:card\" content=\"summary_large_image\" \/>\n<meta name=\"twitter:label1\" content=\"Szacowany czas czytania\" \/>\n\t<meta name=\"twitter:data1\" content=\"14 minut\" \/>\n<script type=\"application\/ld+json\" class=\"yoast-schema-graph\">{\"@context\":\"https:\\\/\\\/schema.org\",\"@graph\":[{\"@type\":\"WebPage\",\"@id\":\"https:\\\/\\\/hakuna-tv.com\\\/gdpr-policy\\\/\",\"url\":\"https:\\\/\\\/hakuna-tv.com\\\/gdpr-policy\\\/\",\"name\":\"GDPR Policy - Hakuna IPTV : All-In-One Quality IPTV Service\",\"isPartOf\":{\"@id\":\"https:\\\/\\\/hakuna-tv.com\\\/hakuna-swedn\\\/#website\"},\"datePublished\":\"2023-10-04T19:52:34+00:00\",\"dateModified\":\"2023-10-04T19:54:39+00:00\",\"breadcrumb\":{\"@id\":\"https:\\\/\\\/hakuna-tv.com\\\/gdpr-policy\\\/#breadcrumb\"},\"inLanguage\":\"pl-PL\",\"potentialAction\":[{\"@type\":\"ReadAction\",\"target\":[\"https:\\\/\\\/hakuna-tv.com\\\/gdpr-policy\\\/\"]}]},{\"@type\":\"BreadcrumbList\",\"@id\":\"https:\\\/\\\/hakuna-tv.com\\\/gdpr-policy\\\/#breadcrumb\",\"itemListElement\":[{\"@type\":\"ListItem\",\"position\":1,\"name\":\"Home\",\"item\":\"https:\\\/\\\/hakuna-tv.com\\\/\"},{\"@type\":\"ListItem\",\"position\":2,\"name\":\"GDPR Policy\"}]},{\"@type\":\"WebSite\",\"@id\":\"https:\\\/\\\/hakuna-tv.com\\\/hakuna-swedn\\\/#website\",\"url\":\"https:\\\/\\\/hakuna-tv.com\\\/hakuna-swedn\\\/\",\"name\":\"Hakuna IPTV : All-In-One Quality IPTV Service\",\"description\":\"\",\"publisher\":{\"@id\":\"https:\\\/\\\/hakuna-tv.com\\\/hakuna-swedn\\\/#organization\"},\"potentialAction\":[{\"@type\":\"SearchAction\",\"target\":{\"@type\":\"EntryPoint\",\"urlTemplate\":\"https:\\\/\\\/hakuna-tv.com\\\/hakuna-swedn\\\/?s={search_term_string}\"},\"query-input\":{\"@type\":\"PropertyValueSpecification\",\"valueRequired\":true,\"valueName\":\"search_term_string\"}}],\"inLanguage\":\"pl-PL\"},{\"@type\":\"Organization\",\"@id\":\"https:\\\/\\\/hakuna-tv.com\\\/hakuna-swedn\\\/#organization\",\"name\":\"Hakuna IPTV : All-In-One Quality IPTV Service\",\"url\":\"https:\\\/\\\/hakuna-tv.com\\\/hakuna-swedn\\\/\",\"logo\":{\"@type\":\"ImageObject\",\"inLanguage\":\"pl-PL\",\"@id\":\"https:\\\/\\\/hakuna-tv.com\\\/hakuna-swedn\\\/#\\\/schema\\\/logo\\\/image\\\/\",\"url\":\"https:\\\/\\\/hakuna-tv.com\\\/wp-content\\\/uploads\\\/2023\\\/10\\\/cropped-hakunaiptv-logo.png\",\"contentUrl\":\"https:\\\/\\\/hakuna-tv.com\\\/wp-content\\\/uploads\\\/2023\\\/10\\\/cropped-hakunaiptv-logo.png\",\"width\":363,\"height\":342,\"caption\":\"Hakuna IPTV : All-In-One Quality IPTV Service\"},\"image\":{\"@id\":\"https:\\\/\\\/hakuna-tv.com\\\/hakuna-swedn\\\/#\\\/schema\\\/logo\\\/image\\\/\"}}]}<\/script>\n<!-- \/ Yoast SEO plugin. -->","yoast_head_json":{"title":"Polityka GDPR - Hakuna IPTV: kompleksowa, wysokiej jako\u015bci us\u0142uga IPTV","robots":{"index":"index","follow":"follow","max-snippet":"max-snippet:-1","max-image-preview":"max-image-preview:large","max-video-preview":"max-video-preview:-1"},"canonical":"https:\/\/hakuna-tv.com\/hakuna-poln\/polityka-rodo\/","og_locale":"pl_PL","og_type":"article","og_title":"GDPR Policy - Hakuna IPTV : All-In-One Quality IPTV Service","og_description":"GDPR Policy &#8211; Hakuna IPTV Effective Date: April 5, 2018 At Hakuna IPTV, we are committed to protecting our users&#8217; personal information and complying with the EU General Data Protection Regulation (\u201cGDPR\u201d) and other applicable privacy laws. Data Collection and UseWe collect and process personal data about our users to provide our services such as ... Czytaj dalej","og_url":"https:\/\/hakuna-tv.com\/hakuna-poln\/polityka-rodo\/","og_site_name":"Hakuna IPTV : All-In-One Quality IPTV Service","article_modified_time":"2023-10-04T19:54:39+00:00","twitter_card":"summary_large_image","twitter_misc":{"Szacowany czas czytania":"14 minut"},"schema":{"@context":"https:\/\/schema.org","@graph":[{"@type":"WebPage","@id":"https:\/\/hakuna-tv.com\/gdpr-policy\/","url":"https:\/\/hakuna-tv.com\/gdpr-policy\/","name":"Polityka GDPR - Hakuna IPTV: kompleksowa, wysokiej jako\u015bci us\u0142uga IPTV","isPartOf":{"@id":"https:\/\/hakuna-tv.com\/hakuna-swedn\/#website"},"datePublished":"2023-10-04T19:52:34+00:00","dateModified":"2023-10-04T19:54:39+00:00","breadcrumb":{"@id":"https:\/\/hakuna-tv.com\/gdpr-policy\/#breadcrumb"},"inLanguage":"pl-PL","potentialAction":[{"@type":"ReadAction","target":["https:\/\/hakuna-tv.com\/gdpr-policy\/"]}]},{"@type":"BreadcrumbList","@id":"https:\/\/hakuna-tv.com\/gdpr-policy\/#breadcrumb","itemListElement":[{"@type":"ListItem","position":1,"name":"Home","item":"https:\/\/hakuna-tv.com\/"},{"@type":"ListItem","position":2,"name":"GDPR Policy"}]},{"@type":"WebSite","@id":"https:\/\/hakuna-tv.com\/hakuna-swedn\/#website","url":"https:\/\/hakuna-tv.com\/hakuna-swedn\/","name":"Hakuna IPTV: kompleksowa us\u0142uga IPTV wysokiej jako\u015bci","description":"","publisher":{"@id":"https:\/\/hakuna-tv.com\/hakuna-swedn\/#organization"},"potentialAction":[{"@type":"SearchAction","target":{"@type":"EntryPoint","urlTemplate":"https:\/\/hakuna-tv.com\/hakuna-swedn\/?s={search_term_string}"},"query-input":{"@type":"PropertyValueSpecification","valueRequired":true,"valueName":"search_term_string"}}],"inLanguage":"pl-PL"},{"@type":"Organization","@id":"https:\/\/hakuna-tv.com\/hakuna-swedn\/#organization","name":"Hakuna IPTV: kompleksowa us\u0142uga IPTV wysokiej jako\u015bci","url":"https:\/\/hakuna-tv.com\/hakuna-swedn\/","logo":{"@type":"ImageObject","inLanguage":"pl-PL","@id":"https:\/\/hakuna-tv.com\/hakuna-swedn\/#\/schema\/logo\/image\/","url":"https:\/\/hakuna-tv.com\/wp-content\/uploads\/2023\/10\/cropped-hakunaiptv-logo.png","contentUrl":"https:\/\/hakuna-tv.com\/wp-content\/uploads\/2023\/10\/cropped-hakunaiptv-logo.png","width":363,"height":342,"caption":"Hakuna IPTV : All-In-One Quality IPTV Service"},"image":{"@id":"https:\/\/hakuna-tv.com\/hakuna-swedn\/#\/schema\/logo\/image\/"}}]}},"_links":{"self":[{"href":"https:\/\/hakuna-tv.com\/hakuna-poln\/wp-json\/wp\/v2\/pages\/1262","targetHints":{"allow":["GET"]}}],"collection":[{"href":"https:\/\/hakuna-tv.com\/hakuna-poln\/wp-json\/wp\/v2\/pages"}],"about":[{"href":"https:\/\/hakuna-tv.com\/hakuna-poln\/wp-json\/wp\/v2\/types\/page"}],"author":[{"embeddable":true,"href":"https:\/\/hakuna-tv.com\/hakuna-poln\/wp-json\/wp\/v2\/users\/1"}],"replies":[{"embeddable":true,"href":"https:\/\/hakuna-tv.com\/hakuna-poln\/wp-json\/wp\/v2\/comments?post=1262"}],"version-history":[{"count":0,"href":"https:\/\/hakuna-tv.com\/hakuna-poln\/wp-json\/wp\/v2\/pages\/1262\/revisions"}],"wp:attachment":[{"href":"https:\/\/hakuna-tv.com\/hakuna-poln\/wp-json\/wp\/v2\/media?parent=1262"}],"curies":[{"name":"wp","href":"https:\/\/api.w.org\/{rel}","templated":true}]}}