{"id":1239,"date":"2023-10-04T19:33:14","date_gmt":"2023-10-04T19:33:14","guid":{"rendered":"https:\/\/hakuna-tv.com\/?page_id=1239"},"modified":"2025-11-05T05:22:52","modified_gmt":"2025-11-05T05:22:52","slug":"ochrona-danych","status":"publish","type":"page","link":"https:\/\/hakuna-tv.com\/hakuna-poln\/ochrona-danych\/","title":{"rendered":"Polityka prywatno\u015bci"},"content":{"rendered":"<div data-elementor-type=\"wp-page\" data-elementor-id=\"1239\" class=\"elementor elementor-1239\" data-elementor-post-type=\"page\">\n\t\t\t\t\t\t<section class=\"elementor-section elementor-top-section elementor-element elementor-element-0f8a65f elementor-section-boxed elementor-section-height-default elementor-section-height-default\" data-id=\"0f8a65f\" data-element_type=\"section\" data-settings=\"{&quot;background_background&quot;:&quot;classic&quot;}\">\n\t\t\t\t\t\t\t<div class=\"elementor-background-overlay\"><\/div>\n\t\t\t\t\t\t\t<div class=\"elementor-container elementor-column-gap-default\">\n\t\t\t\t\t<div class=\"elementor-column elementor-col-100 elementor-top-column elementor-element elementor-element-d09dc73\" data-id=\"d09dc73\" data-element_type=\"column\">\n\t\t\t<div class=\"elementor-widget-wrap\">\n\t\t\t\t\t\t\t<\/div>\n\t\t<\/div>\n\t\t\t\t\t<\/div>\n\t\t<\/section>\n\t\t\t\t<section class=\"elementor-section elementor-top-section elementor-element elementor-element-b4cf129 elementor-section-full_width elementor-section-height-default elementor-section-height-default\" data-id=\"b4cf129\" data-element_type=\"section\" data-settings=\"{&quot;background_background&quot;:&quot;slideshow&quot;,&quot;background_slideshow_gallery&quot;:[],&quot;background_slideshow_loop&quot;:&quot;yes&quot;,&quot;background_slideshow_slide_duration&quot;:5000,&quot;background_slideshow_slide_transition&quot;:&quot;fade&quot;,&quot;background_slideshow_transition_duration&quot;:500}\">\n\t\t\t\t\t\t\t<div class=\"elementor-background-overlay\"><\/div>\n\t\t\t\t\t\t\t<div class=\"elementor-container elementor-column-gap-default\">\n\t\t\t\t\t<div class=\"elementor-column elementor-col-100 elementor-top-column elementor-element elementor-element-3ec8eeb\" data-id=\"3ec8eeb\" data-element_type=\"column\">\n\t\t\t<div class=\"elementor-widget-wrap elementor-element-populated\">\n\t\t\t\t\t\t<div class=\"elementor-element elementor-element-790724d elementor-widget elementor-widget-spacer\" data-id=\"790724d\" data-element_type=\"widget\" data-widget_type=\"spacer.default\">\n\t\t\t\t<div class=\"elementor-widget-container\">\n\t\t\t\t\t\t\t<div class=\"elementor-spacer\">\n\t\t\t<div class=\"elementor-spacer-inner\"><\/div>\n\t\t<\/div>\n\t\t\t\t\t\t<\/div>\n\t\t\t\t<\/div>\n\t\t\t\t<div class=\"elementor-element elementor-element-cdadb86 elementor-widget elementor-widget-heading\" data-id=\"cdadb86\" data-element_type=\"widget\" data-widget_type=\"heading.default\">\n\t\t\t\t<div class=\"elementor-widget-container\">\n\t\t\t\t\t<h2 class=\"elementor-heading-title elementor-size-default\">Polityka prywatno\u015bci<\/h2>\t\t\t\t<\/div>\n\t\t\t\t<\/div>\n\t\t\t\t<div class=\"elementor-element elementor-element-ea50da2 elementor-widget elementor-widget-text-editor\" data-id=\"ea50da2\" data-element_type=\"widget\" data-widget_type=\"text-editor.default\">\n\t\t\t\t<div class=\"elementor-widget-container\">\n\t\t\t\t\t\t\t\t\t<p>Poni\u017csze og\u00f3lne warunki sprzeda\u017cy reguluj\u0105 wszystkie transakcje przeprowadzane w katalogu internetowym hakuna-tv.com.<\/p><p>Wszystkie zam\u00f3wienia z\u0142o\u017cone na tej stronie internetowej oznaczaj\u0105 bezwarunkow\u0105 i nieodwo\u0142aln\u0105 akceptacj\u0119 przez klienta niniejszych warunk\u00f3w.<\/p><p>Artyku\u0142 1: Temat<\/p><p>Niniejsza Umowa jest umow\u0105 zawieran\u0105 na odleg\u0142o\u015b\u0107, maj\u0105c\u0105 na celu okre\u015blenie praw i obowi\u0105zk\u00f3w stron w zwi\u0105zku ze sprzeda\u017c\u0105 produkt\u00f3w IPTV w Internecie za po\u015brednictwem naszego sklepu.<\/p><p>Artyku\u0142 2 \u2013 Cena<\/p><p>Ceny naszych produkt\u00f3w podawane s\u0105 ze wszystkimi podatkami (VAT i innymi podatkami obowi\u0105zuj\u0105cymi w dniu z\u0142o\u017cenia zam\u00f3wienia), chyba \u017ce zaznaczono inaczej.<\/p><p>www.hakuna-tv.com zastrzega sobie prawo do zmiany cen w dowolnym momencie, jednak\u017ce faktura za produkt zostanie wystawiona na podstawie ceny obowi\u0105zuj\u0105cej w chwili potwierdzenia zam\u00f3wienia i b\u0119dzie uzale\u017cniona od dost\u0119pno\u015bci.<\/p><p>Artyku\u0142 3 \u2013 Zam\u00f3wienia<\/p><p>Mo\u017cesz zam\u00f3wi\u0107:<\/p><p>Okre\u015bl wybrane metody, na przyk\u0142ad:<\/p><p>\u2022 W Internecie: www.hakuna-tv.com<\/p><p>\u2022 Przez WhatsApp od poniedzia\u0142ku do niedzieli przez ca\u0142\u0105 dob\u0119.<\/p><p>Artyku\u0142 4 \u2013 Potwierdzenie zam\u00f3wienia<\/p><p>Ka\u017cde zam\u00f3wienie pojawiaj\u0105ce si\u0119 na stronie internetowej www.hakuna-tv.com oznacza akceptacj\u0119 niniejszych Og\u00f3lnych Warunk\u00f3w. Ka\u017cde potwierdzenie zam\u00f3wienia oznacza pe\u0142n\u0105 akceptacj\u0119 niniejszych Og\u00f3lnych Warunk\u00f3w Sprzeda\u017cy, bez wyj\u0105tk\u00f3w i zastrze\u017ce\u0144.<\/p><p>Wszelkie podane dane oraz zarejestrowane potwierdzenie stanowi\u0105 dow\u00f3d zawarcia transakcji.<\/p><p>O\u015bwiadczasz, \u017ce posiadasz pe\u0142n\u0105 wiedz\u0119 na ten temat.<\/p><p>Podsumowanie informacji o zam\u00f3wieniu i niniejsze Warunki zostan\u0105 przes\u0142ane na \u017c\u0105danie w formacie PDF na adres e-mail.<\/p><p>Artyku\u0142 5 \u2013 P\u0142atno\u015b\u0107 Aby zap\u0142aci\u0107 za zam\u00f3wienie, wybierz jedn\u0105 z metod p\u0142atno\u015bci oferowanych przez www.hakuna-tv.com na stronie p\u0142atno\u015bci.<\/p><p>W takim przypadku transakcja zostanie przeniesiona w ci\u0119\u017car Twojego konta natychmiast wraz z potwierdzeniem wysy\u0142ki.<\/p><p>Konsument gwarantuje HAKUNA IPTV, \u017ce podczas zatwierdzania formularza zam\u00f3wienia posiada niezb\u0119dne uprawnienia do korzystania z wybranej przez siebie metody p\u0142atno\u015bci.<\/p><p>W przypadku p\u0142atno\u015bci kart\u0105 kredytow\u0105 obowi\u0105zuj\u0105 przepisy dotycz\u0105ce bezprawnego pos\u0142ugiwania si\u0119 \u015brodkami p\u0142atniczymi, przewidziane w umowach zawartych pomi\u0119dzy konsumentem a wydawc\u0105 karty pomi\u0119dzy www.hakuna-tv.com a jego bankiem. .<\/p><p>Potwierdzenie zam\u00f3wienia zobowi\u0105zuje Ci\u0119 do zap\u0142aty podanej ceny.<\/p><p>Artyku\u0142 6 - Dost\u0119pno\u015b\u0107<\/p><p>Nasze produkty oferowane s\u0105 tak d\u0142ugo, jak s\u0105 widoczne na stronie internetowej www.hakuna-tv.com oraz w ramach dost\u0119pnych stan\u00f3w magazynowych.<\/p><p>W przypadku niedost\u0119pno\u015bci produktu po z\u0142o\u017ceniu zam\u00f3wienia, poinformujemy Ci\u0119 o tym drog\u0105 mailow\u0105. Twoje zam\u00f3wienie zostanie automatycznie anulowane i nie zostan\u0105 pobrane \u017cadne op\u0142aty bankowe.<\/p><p>Artyku\u0142 7 \u2013 Dostawa<\/p><p>Produkty zostan\u0105 dostarczone na adres e-mail lub numer telefonu (Whatsapp) podany podczas procesu sk\u0142adania zam\u00f3wienia, w terminie okre\u015blonym na stronie potwierdzenia zam\u00f3wienia.<\/p><p>W przypadku op\u00f3\u017anienia w dostawie otrzymasz wiadomo\u015b\u0107 e-mail z informacj\u0105 o jakimkolwiek wp\u0142ywie na podany Ci czas dostawy.<\/p><p>Artyku\u0142 8 \u2013 Gwarancja<\/p><p>Wszystkie nasze produkty obj\u0119te s\u0105 prawn\u0105 gwarancj\u0105 zgodno\u015bci oraz gwarancj\u0105 na wady ukryte. W przypadku niezgodno\u015bci sprzedanego produktu, istnieje mo\u017cliwo\u015b\u0107 jego zwrotu.<\/p><p>Wszelkie reklamacje i wnioski o zwrot pieni\u0119dzy nale\u017cy sk\u0142ada\u0107 e-mailem: w ci\u0105gu 48 godzin od dostawy.<\/p><p>Artyku\u0142 9 \u2013 Archiwizacja materia\u0142u dowodowego<\/p><p>Hakuna-IPTV archiwizuje zam\u00f3wienia i faktury na niezawodnym i trwa\u0142ym no\u015bniku stanowi\u0105cym wiern\u0105 kopi\u0119 w rozumieniu Kodeksu Cywilnego.<\/p><p>Artyku\u0142 10 \u2013 Si\u0142a wy\u017csza<\/p><p>www.hakuna-tv.com ma obowi\u0105zek wype\u0142nia\u0107 swoje obowi\u0105zki jedynie, chyba \u017ce uniemo\u017cliwia to dzia\u0142anie si\u0142y wy\u017cszej<\/p>\t\t\t\t\t\t\t\t<\/div>\n\t\t\t\t<\/div>\n\t\t\t\t<div class=\"elementor-element elementor-element-d3c3526 elementor-widget elementor-widget-spacer\" data-id=\"d3c3526\" data-element_type=\"widget\" data-widget_type=\"spacer.default\">\n\t\t\t\t<div class=\"elementor-widget-container\">\n\t\t\t\t\t\t\t<div class=\"elementor-spacer\">\n\t\t\t<div class=\"elementor-spacer-inner\"><\/div>\n\t\t<\/div>\n\t\t\t\t\t\t<\/div>\n\t\t\t\t<\/div>\n\t\t\t\t\t<\/div>\n\t\t<\/div>\n\t\t\t\t\t<\/div>\n\t\t<\/section>\n\t\t\t\t<\/div>","protected":false},"excerpt":{"rendered":"<p>Polityka prywatno\u015bci Poni\u017csze og\u00f3lne warunki sprzeda\u017cy reguluj\u0105 wszystkie transakcje przeprowadzane w katalogu internetowym hakuna-tv.com. Wszystkie zam\u00f3wienia z\u0142o\u017cone na tej stronie internetowej oznaczaj\u0105 bezwarunkow\u0105 i nieodwo\u0142aln\u0105 akceptacj\u0119 przez klienta niniejszych warunk\u00f3w. Artyku\u0142 1: Przedmiot Niniejsza Umowa jest umow\u0105 zawieran\u0105 na odleg\u0142o\u015b\u0107, maj\u0105c\u0105 na celu okre\u015blenie praw i obowi\u0105zk\u00f3w stron\u2026 <a title=\"Polityka prywatno\u015bci\" class=\"read-more\" href=\"https:\/\/hakuna-tv.com\/hakuna-poln\/ochrona-danych\/\" aria-label=\"Przeczytaj wi\u0119cej o Polityce prywatno\u015bci\">Czytaj dalej<\/a><\/p>","protected":false},"author":1,"featured_media":0,"parent":0,"menu_order":0,"comment_status":"closed","ping_status":"closed","template":"","meta":{"_glsr_average":0,"_glsr_ranking":0,"_glsr_reviews":0,"footnotes":""},"class_list":["post-1239","page","type-page","status-publish"],"yoast_head":"<!-- This site is optimized with the Yoast SEO Premium plugin v25.4 (Yoast SEO v25.4) - https:\/\/yoast.com\/wordpress\/plugins\/seo\/ -->\n<title>Privacy Policy - Hakuna IPTV : All-In-One Quality IPTV Service<\/title>\n<meta name=\"robots\" content=\"index, follow, max-snippet:-1, max-image-preview:large, max-video-preview:-1\" \/>\n<link rel=\"canonical\" href=\"https:\/\/hakuna-tv.com\/hakuna-poln\/ochrona-danych\/\" \/>\n<meta property=\"og:locale\" content=\"pl_PL\" \/>\n<meta property=\"og:type\" content=\"article\" \/>\n<meta property=\"og:title\" content=\"Privacy Policy\" \/>\n<meta property=\"og:description\" content=\"Privacy Policy The following general conditions of sale govern all transactions carried out in the hakuna-tv.com web catalog. All orders placed on this website imply the unconditional and irrevocable acceptance by the customer of these conditions. Article 1: Subject This Agreement is a distance contract aimed at determining the rights and obligations of the parties ... Czytaj dalej\" \/>\n<meta property=\"og:url\" content=\"https:\/\/hakuna-tv.com\/hakuna-poln\/ochrona-danych\/\" \/>\n<meta property=\"og:site_name\" content=\"Hakuna IPTV : All-In-One Quality IPTV Service\" \/>\n<meta property=\"article:modified_time\" content=\"2025-11-05T05:22:52+00:00\" \/>\n<meta name=\"twitter:card\" content=\"summary_large_image\" \/>\n<meta name=\"twitter:label1\" content=\"Szacowany czas czytania\" \/>\n\t<meta name=\"twitter:data1\" content=\"3 minuty\" \/>\n<script type=\"application\/ld+json\" class=\"yoast-schema-graph\">{\"@context\":\"https:\/\/schema.org\",\"@graph\":[{\"@type\":\"WebPage\",\"@id\":\"https:\/\/hakuna-tv.com\/data-protection\/\",\"url\":\"https:\/\/hakuna-tv.com\/data-protection\/\",\"name\":\"Privacy Policy - Hakuna IPTV : All-In-One Quality IPTV Service\",\"isPartOf\":{\"@id\":\"https:\/\/hakuna-tv.com\/#website\"},\"datePublished\":\"2023-10-04T19:33:14+00:00\",\"dateModified\":\"2025-11-05T05:22:52+00:00\",\"breadcrumb\":{\"@id\":\"https:\/\/hakuna-tv.com\/data-protection\/#breadcrumb\"},\"inLanguage\":\"pl-PL\",\"potentialAction\":[{\"@type\":\"ReadAction\",\"target\":[\"https:\/\/hakuna-tv.com\/data-protection\/\"]}]},{\"@type\":\"BreadcrumbList\",\"@id\":\"https:\/\/hakuna-tv.com\/data-protection\/#breadcrumb\",\"itemListElement\":[{\"@type\":\"ListItem\",\"position\":1,\"name\":\"Home\",\"item\":\"https:\/\/hakuna-tv.com\/\"},{\"@type\":\"ListItem\",\"position\":2,\"name\":\"Privacy Policy\"}]},{\"@type\":\"WebSite\",\"@id\":\"https:\/\/hakuna-tv.com\/#website\",\"url\":\"https:\/\/hakuna-tv.com\/\",\"name\":\"Hakuna IPTV : All-In-One Quality IPTV Service\",\"description\":\"\",\"publisher\":{\"@id\":\"https:\/\/hakuna-tv.com\/#organization\"},\"potentialAction\":[{\"@type\":\"SearchAction\",\"target\":{\"@type\":\"EntryPoint\",\"urlTemplate\":\"https:\/\/hakuna-tv.com\/?s={search_term_string}\"},\"query-input\":{\"@type\":\"PropertyValueSpecification\",\"valueRequired\":true,\"valueName\":\"search_term_string\"}}],\"inLanguage\":\"pl-PL\"},{\"@type\":\"Organization\",\"@id\":\"https:\/\/hakuna-tv.com\/#organization\",\"name\":\"Hakuna IPTV : All-In-One Quality IPTV Service\",\"url\":\"https:\/\/hakuna-tv.com\/\",\"logo\":{\"@type\":\"ImageObject\",\"inLanguage\":\"pl-PL\",\"@id\":\"https:\/\/hakuna-tv.com\/#\/schema\/logo\/image\/\",\"url\":\"https:\/\/hakuna-tv.com\/wp-content\/uploads\/2023\/10\/cropped-hakunaiptv-logo.png\",\"contentUrl\":\"https:\/\/hakuna-tv.com\/wp-content\/uploads\/2023\/10\/cropped-hakunaiptv-logo.png\",\"width\":363,\"height\":342,\"caption\":\"Hakuna IPTV : All-In-One Quality IPTV Service\"},\"image\":{\"@id\":\"https:\/\/hakuna-tv.com\/#\/schema\/logo\/image\/\"}}]}<\/script>\n<!-- \/ Yoast SEO Premium plugin. -->","yoast_head_json":{"title":"Privacy Policy - Hakuna IPTV : All-In-One Quality IPTV Service","robots":{"index":"index","follow":"follow","max-snippet":"max-snippet:-1","max-image-preview":"max-image-preview:large","max-video-preview":"max-video-preview:-1"},"canonical":"https:\/\/hakuna-tv.com\/hakuna-poln\/ochrona-danych\/","og_locale":"pl_PL","og_type":"article","og_title":"Privacy Policy","og_description":"Privacy Policy The following general conditions of sale govern all transactions carried out in the hakuna-tv.com web catalog. All orders placed on this website imply the unconditional and irrevocable acceptance by the customer of these conditions. Article 1: Subject This Agreement is a distance contract aimed at determining the rights and obligations of the parties ... Czytaj dalej","og_url":"https:\/\/hakuna-tv.com\/hakuna-poln\/ochrona-danych\/","og_site_name":"Hakuna IPTV : All-In-One Quality IPTV Service","article_modified_time":"2025-11-05T05:22:52+00:00","twitter_card":"summary_large_image","twitter_misc":{"Szacowany czas czytania":"3 minuty"},"schema":{"@context":"https:\/\/schema.org","@graph":[{"@type":"WebPage","@id":"https:\/\/hakuna-tv.com\/data-protection\/","url":"https:\/\/hakuna-tv.com\/data-protection\/","name":"Privacy Policy - Hakuna IPTV : All-In-One Quality IPTV Service","isPartOf":{"@id":"https:\/\/hakuna-tv.com\/#website"},"datePublished":"2023-10-04T19:33:14+00:00","dateModified":"2025-11-05T05:22:52+00:00","breadcrumb":{"@id":"https:\/\/hakuna-tv.com\/data-protection\/#breadcrumb"},"inLanguage":"pl-PL","potentialAction":[{"@type":"ReadAction","target":["https:\/\/hakuna-tv.com\/data-protection\/"]}]},{"@type":"BreadcrumbList","@id":"https:\/\/hakuna-tv.com\/data-protection\/#breadcrumb","itemListElement":[{"@type":"ListItem","position":1,"name":"Home","item":"https:\/\/hakuna-tv.com\/"},{"@type":"ListItem","position":2,"name":"Privacy Policy"}]},{"@type":"WebSite","@id":"https:\/\/hakuna-tv.com\/#website","url":"https:\/\/hakuna-tv.com\/","name":"Hakuna IPTV : All-In-One Quality IPTV Service","description":"","publisher":{"@id":"https:\/\/hakuna-tv.com\/#organization"},"potentialAction":[{"@type":"SearchAction","target":{"@type":"EntryPoint","urlTemplate":"https:\/\/hakuna-tv.com\/?s={search_term_string}"},"query-input":{"@type":"PropertyValueSpecification","valueRequired":true,"valueName":"search_term_string"}}],"inLanguage":"pl-PL"},{"@type":"Organization","@id":"https:\/\/hakuna-tv.com\/#organization","name":"Hakuna IPTV : All-In-One Quality IPTV Service","url":"https:\/\/hakuna-tv.com\/","logo":{"@type":"ImageObject","inLanguage":"pl-PL","@id":"https:\/\/hakuna-tv.com\/#\/schema\/logo\/image\/","url":"https:\/\/hakuna-tv.com\/wp-content\/uploads\/2023\/10\/cropped-hakunaiptv-logo.png","contentUrl":"https:\/\/hakuna-tv.com\/wp-content\/uploads\/2023\/10\/cropped-hakunaiptv-logo.png","width":363,"height":342,"caption":"Hakuna IPTV : All-In-One Quality IPTV Service"},"image":{"@id":"https:\/\/hakuna-tv.com\/#\/schema\/logo\/image\/"}}]}},"_links":{"self":[{"href":"https:\/\/hakuna-tv.com\/hakuna-poln\/wp-json\/wp\/v2\/pages\/1239","targetHints":{"allow":["GET"]}}],"collection":[{"href":"https:\/\/hakuna-tv.com\/hakuna-poln\/wp-json\/wp\/v2\/pages"}],"about":[{"href":"https:\/\/hakuna-tv.com\/hakuna-poln\/wp-json\/wp\/v2\/types\/page"}],"author":[{"embeddable":true,"href":"https:\/\/hakuna-tv.com\/hakuna-poln\/wp-json\/wp\/v2\/users\/1"}],"replies":[{"embeddable":true,"href":"https:\/\/hakuna-tv.com\/hakuna-poln\/wp-json\/wp\/v2\/comments?post=1239"}],"version-history":[{"count":3,"href":"https:\/\/hakuna-tv.com\/hakuna-poln\/wp-json\/wp\/v2\/pages\/1239\/revisions"}],"predecessor-version":[{"id":3066,"href":"https:\/\/hakuna-tv.com\/hakuna-poln\/wp-json\/wp\/v2\/pages\/1239\/revisions\/3066"}],"wp:attachment":[{"href":"https:\/\/hakuna-tv.com\/hakuna-poln\/wp-json\/wp\/v2\/media?parent=1239"}],"curies":[{"name":"wp","href":"https:\/\/api.w.org\/{rel}","templated":true}]}}