{"id":2382,"date":"2025-01-03T03:38:35","date_gmt":"2025-01-03T03:38:35","guid":{"rendered":"https:\/\/hakuna-tv.com\/?page_id=2382"},"modified":"2026-02-25T06:44:02","modified_gmt":"2026-02-25T06:44:02","slug":"tilaa","status":"publish","type":"page","link":"https:\/\/hakuna-tv.com\/hakuna-finl\/tilaa\/","title":{"rendered":"Tilaa Hakuna TV"},"content":{"rendered":"<div data-elementor-type=\"wp-page\" data-elementor-id=\"2382\" class=\"elementor elementor-2382\" data-elementor-post-type=\"page\">\n\t\t\t\t\t\t<section class=\"elementor-section elementor-top-section elementor-element elementor-element-0f8a65f elementor-section-boxed elementor-section-height-default elementor-section-height-default\" data-id=\"0f8a65f\" data-element_type=\"section\" data-settings=\"{&quot;background_background&quot;:&quot;classic&quot;}\">\n\t\t\t\t\t\t\t<div class=\"elementor-background-overlay\"><\/div>\n\t\t\t\t\t\t\t<div class=\"elementor-container elementor-column-gap-default\">\n\t\t\t\t\t<div class=\"elementor-column elementor-col-100 elementor-top-column elementor-element elementor-element-d09dc73\" data-id=\"d09dc73\" data-element_type=\"column\">\n\t\t\t<div class=\"elementor-widget-wrap\">\n\t\t\t\t\t\t\t<\/div>\n\t\t<\/div>\n\t\t\t\t\t<\/div>\n\t\t<\/section>\n\t\t\t\t<section class=\"elementor-section elementor-top-section elementor-element elementor-element-b4cf129 elementor-section-full_width elementor-section-height-default elementor-section-height-default\" data-id=\"b4cf129\" data-element_type=\"section\" data-settings=\"{&quot;background_background&quot;:&quot;slideshow&quot;,&quot;background_slideshow_gallery&quot;:[],&quot;background_slideshow_loop&quot;:&quot;yes&quot;,&quot;background_slideshow_slide_duration&quot;:5000,&quot;background_slideshow_slide_transition&quot;:&quot;fade&quot;,&quot;background_slideshow_transition_duration&quot;:500}\">\n\t\t\t\t\t\t\t<div class=\"elementor-background-overlay\"><\/div>\n\t\t\t\t\t\t\t<div class=\"elementor-container elementor-column-gap-default\">\n\t\t\t\t\t<div class=\"elementor-column elementor-col-100 elementor-top-column elementor-element elementor-element-3ec8eeb\" data-id=\"3ec8eeb\" data-element_type=\"column\">\n\t\t\t<div class=\"elementor-widget-wrap elementor-element-populated\">\n\t\t\t\t\t\t<div class=\"elementor-element elementor-element-790724d elementor-widget elementor-widget-spacer\" data-id=\"790724d\" data-element_type=\"widget\" data-widget_type=\"spacer.default\">\n\t\t\t\t<div class=\"elementor-widget-container\">\n\t\t\t\t\t\t\t<div class=\"elementor-spacer\">\n\t\t\t<div class=\"elementor-spacer-inner\"><\/div>\n\t\t<\/div>\n\t\t\t\t\t\t<\/div>\n\t\t\t\t<\/div>\n\t\t\t\t<div class=\"elementor-element elementor-element-cdadb86 elementor-widget elementor-widget-heading\" data-id=\"cdadb86\" data-element_type=\"widget\" data-widget_type=\"heading.default\">\n\t\t\t\t<div class=\"elementor-widget-container\">\n\t\t\t\t\t<h2 class=\"elementor-heading-title elementor-size-default\">T\u00e4rkeit\u00e4 tietoja ennen tilaamista<\/h2>\t\t\t\t<\/div>\n\t\t\t\t<\/div>\n\t\t\t\t<div class=\"elementor-element elementor-element-680ffec elementor-widget elementor-widget-spacer\" data-id=\"680ffec\" data-element_type=\"widget\" data-widget_type=\"spacer.default\">\n\t\t\t\t<div class=\"elementor-widget-container\">\n\t\t\t\t\t\t\t<div class=\"elementor-spacer\">\n\t\t\t<div class=\"elementor-spacer-inner\"><\/div>\n\t\t<\/div>\n\t\t\t\t\t\t<\/div>\n\t\t\t\t<\/div>\n\t\t\t\t<div class=\"elementor-element elementor-element-ea50da2 elementor-widget elementor-widget-text-editor\" data-id=\"ea50da2\" data-element_type=\"widget\" data-widget_type=\"text-editor.default\">\n\t\t\t\t<div class=\"elementor-widget-container\">\n\t\t\t\t\t\t\t\t\t<p class=\"p1\">Kiitos, ett\u00e4 harkitset Hakuna TV:t\u00e4 IPTV-tarpeissasi! Varmistaaksesi parhaan kokemuksen kaikille asiakkaillemme, lue seuraavat tiedot huolellisesti ennen tilauksen tekemist\u00e4.<\/p>\t\t\t\t\t\t\t\t<\/div>\n\t\t\t\t<\/div>\n\t\t\t\t<div class=\"elementor-element elementor-element-86f1216 elementor-widget elementor-widget-text-editor\" data-id=\"86f1216\" data-element_type=\"widget\" data-widget_type=\"text-editor.default\">\n\t\t\t\t<div class=\"elementor-widget-container\">\n\t\t\t\t\t\t\t\t\t<p class=\"p3\"><b>Kokeile ensin 1 p\u00e4iv\u00e4n lippuamme<\/b><b><\/b><\/p><p class=\"p1\">Suosittelemme aloittamaan meid\u00e4n <a href=\"https:\/\/hakuna-tv.com\/hakuna-finl\/#trial\"><b>1 p\u00e4iv\u00e4n lippu<\/b><\/a> testataksemme palveluitamme ennen sitoutumista kuukausi- tai vuosipakettiin. N\u00e4in voit kokea palveluidemme laadun ja vakauden omakohtaisesti. Kun olet tyytyv\u00e4inen, voit ostaa jonkin pidemm\u00e4n aikav\u00e4lin paketeistamme.<\/p>\t\t\t\t\t\t\t\t<\/div>\n\t\t\t\t<\/div>\n\t\t\t\t<div class=\"elementor-element elementor-element-2a80879 elementor-align-center elementor-mobile-align-center elementor-widget elementor-widget-button\" data-id=\"2a80879\" data-element_type=\"widget\" data-widget_type=\"button.default\">\n\t\t\t\t<div class=\"elementor-widget-container\">\n\t\t\t\t\t\t\t\t\t<div class=\"elementor-button-wrapper\">\n\t\t\t\t\t<a class=\"elementor-button elementor-button-link elementor-size-xs\" href=\"https:\/\/bit.ly\/4kLBOig\" target=\"_blank\" rel=\"nofollow\">\n\t\t\t\t\t\t<span class=\"elementor-button-content-wrapper\">\n\t\t\t\t\t\t\t\t\t<span class=\"elementor-button-text\">Hanki 1 p\u00e4iv\u00e4n lippusi<\/span>\n\t\t\t\t\t<\/span>\n\t\t\t\t\t<\/a>\n\t\t\t\t<\/div>\n\t\t\t\t\t\t\t\t<\/div>\n\t\t\t\t<\/div>\n\t\t\t\t<div class=\"elementor-element elementor-element-938917b elementor-align-center elementor-mobile-align-center elementor-widget elementor-widget-button\" data-id=\"938917b\" data-element_type=\"widget\" data-widget_type=\"button.default\">\n\t\t\t\t<div class=\"elementor-widget-container\">\n\t\t\t\t\t<style>.elementor-element-938917b{display:none !important}<\/style>\t\t\t\t<\/div>\n\t\t\t\t<\/div>\n\t\t\t\t<div class=\"elementor-element elementor-element-d3c3526 elementor-widget elementor-widget-spacer\" data-id=\"d3c3526\" data-element_type=\"widget\" data-widget_type=\"spacer.default\">\n\t\t\t\t<div class=\"elementor-widget-container\">\n\t\t\t\t\t\t\t<div class=\"elementor-spacer\">\n\t\t\t<div class=\"elementor-spacer-inner\"><\/div>\n\t\t<\/div>\n\t\t\t\t\t\t<\/div>\n\t\t\t\t<\/div>\n\t\t\t\t<div class=\"elementor-element elementor-element-8864d5c elementor-widget elementor-widget-spacer\" data-id=\"8864d5c\" data-element_type=\"widget\" data-widget_type=\"spacer.default\">\n\t\t\t\t<div class=\"elementor-widget-container\">\n\t\t\t\t\t\t\t<div class=\"elementor-spacer\">\n\t\t\t<div class=\"elementor-spacer-inner\"><\/div>\n\t\t<\/div>\n\t\t\t\t\t\t<\/div>\n\t\t\t\t<\/div>\n\t\t\t\t<div class=\"elementor-element elementor-element-4f87a8c elementor-widget elementor-widget-text-editor\" data-id=\"4f87a8c\" data-element_type=\"widget\" data-widget_type=\"text-editor.default\">\n\t\t\t\t<div class=\"elementor-widget-container\">\n\t\t\t\t\t\t\t\t\t<h4 class=\"p1\"><strong>Tilaa tilauksesi \u2013 ota yhteytt\u00e4<\/strong><b><\/b><\/h4><p class=\"p3\">Voit tehd\u00e4 tilauksen ottamalla meihin yhteytt\u00e4 kautta <a href=\"https:\/\/go.crisp.chat\/chat\/embed\/?website_id=e303af1e-9ff2-4b67-a21d-6463ed2e6935\"><b>Live Chat<\/b><\/a>. Agenttimme ovat valmiina auttamaan sinua. Ruuhka-aikoina vastaaminen voi kuitenkin kest\u00e4\u00e4 tavallista kauemmin. Pyyd\u00e4mme yst\u00e4v\u00e4llisesti k\u00e4rsiv\u00e4llisyytt\u00e4 ja ymm\u00e4rryst\u00e4. Voit olla varma, ett\u00e4 vastaamme kaikkiin tiedusteluihin, ja jos viivett\u00e4 ilmenee, otamme yhteytt\u00e4 s\u00e4hk\u00f6postitse.<\/p>\t\t\t\t\t\t\t\t<\/div>\n\t\t\t\t<\/div>\n\t\t\t\t<div class=\"elementor-element elementor-element-e7466e3 elementor-shape-circle elementor-grid-0 e-grid-align-center elementor-widget elementor-widget-social-icons\" data-id=\"e7466e3\" data-element_type=\"widget\" data-widget_type=\"social-icons.default\">\n\t\t\t\t<div class=\"elementor-widget-container\">\n\t\t\t\t\t\t\t<div class=\"elementor-social-icons-wrapper elementor-grid\">\n\t\t\t\t\t\t\t<span class=\"elementor-grid-item\">\n\t\t\t\t\t<a class=\"elementor-icon elementor-social-icon elementor-social-icon-rocketchat elementor-repeater-item-b14141a\" href=\"https:\/\/go.crisp.chat\/chat\/embed\/?website_id=e303af1e-9ff2-4b67-a21d-6463ed2e6935\" target=\"_blank\">\n\t\t\t\t\t\t<span class=\"elementor-screen-only\">Rocketchat<\/span>\n\t\t\t\t\t\t<i class=\"fab fa-rocketchat\"><\/i>\t\t\t\t\t<\/a>\n\t\t\t\t<\/span>\n\t\t\t\t\t<\/div>\n\t\t\t\t\t\t<\/div>\n\t\t\t\t<\/div>\n\t\t\t\t<div class=\"elementor-element elementor-element-ebc7d87 elementor-widget elementor-widget-spacer\" data-id=\"ebc7d87\" data-element_type=\"widget\" data-widget_type=\"spacer.default\">\n\t\t\t\t<div class=\"elementor-widget-container\">\n\t\t\t\t\t\t\t<div class=\"elementor-spacer\">\n\t\t\t<div class=\"elementor-spacer-inner\"><\/div>\n\t\t<\/div>\n\t\t\t\t\t\t<\/div>\n\t\t\t\t<\/div>\n\t\t\t\t<div class=\"elementor-element elementor-element-3b7f357 elementor-widget elementor-widget-text-editor\" data-id=\"3b7f357\" data-element_type=\"widget\" data-widget_type=\"text-editor.default\">\n\t\t\t\t<div class=\"elementor-widget-container\">\n\t\t\t\t\t\t\t\t\t<p class=\"p1\"><b>Takaisinveloitukset ja riidat<\/b><b><\/b><\/p><p class=\"p3\">Suosittelemme vahvasti olemaan avaamatta takaisinperint\u00f6j\u00e4 tai riita-asioita ottamatta meihin ensin yhteytt\u00e4. Olemme sitoutuneet ratkaisemaan kaikki ongelmat tai peruuttamaan tilauksesi tarvittaessa. Ymm\u00e4rr\u00e4 kuitenkin, ett\u00e4:<\/p><p class=\"p4\">\u2022 <b>Lainmukaisuus:<\/b> Jos asiakas kiist\u00e4\u00e4 palautusoikeusk\u00e4yt\u00e4nt\u00f6mme tai vaatii hyvityst\u00e4 tilauksen tekemisen j\u00e4lkeen, pid\u00e4t\u00e4mme oikeuden ryhty\u00e4 oikeustoimiin. K\u00e4ytt\u00e4m\u00e4ll\u00e4 palveluitamme sitoudut ratkaisemaan kaikki riidat soveltuvien lakien ja Hakuna TV:n tarjoamien palveluehtojen mukaisesti.<\/p><p class=\"p4\">\u2022 Ennen kuin aloitat riidan, ota meihin yhteytt\u00e4 live-chatin kautta ja anna meille riitt\u00e4v\u00e4sti aikaa auttaa sinua.<\/p><p class=\"p1\"><b>T\u00e4rkeit\u00e4 muistutuksia<\/b><b><\/b><\/p><p class=\"p4\">\u2022<b>Kiitos k\u00e4rsiv\u00e4llisyydest\u00e4:<\/b> Tiimimme ty\u00f6skentelee lujasti vastatakseen kaikille mahdollisimman nopeasti.<\/p><p class=\"p4\">\u2022<b>Lue kaikki k\u00e4yt\u00e4nn\u00f6t:<\/b> Varmista ennen tilaamista, ett\u00e4 olet lukenut ja ymm\u00e4rt\u00e4nyt hyvitysk\u00e4yt\u00e4nt\u00f6mme ja palveluehtomme.<\/p>\t\t\t\t\t\t\t\t<\/div>\n\t\t\t\t<\/div>\n\t\t\t\t<div class=\"elementor-element elementor-element-cba4c7a elementor-widget elementor-widget-text-editor\" data-id=\"cba4c7a\" data-element_type=\"widget\" data-widget_type=\"text-editor.default\">\n\t\t\t\t<div class=\"elementor-widget-container\">\n\t\t\t\t\t\t\t\t\t<p class=\"p1\">Kiitos, ett\u00e4 valitsit Hakuna TV:n. Olemme sitoutuneet tarjoamaan sinulle korkealaatuisia IPTV-palveluita ja parasta mahdollista tukea<\/p>\t\t\t\t\t\t\t\t<\/div>\n\t\t\t\t<\/div>\n\t\t\t\t<div class=\"elementor-element elementor-element-91c81fa elementor-widget elementor-widget-spacer\" data-id=\"91c81fa\" data-element_type=\"widget\" data-widget_type=\"spacer.default\">\n\t\t\t\t<div class=\"elementor-widget-container\">\n\t\t\t\t\t\t\t<div class=\"elementor-spacer\">\n\t\t\t<div class=\"elementor-spacer-inner\"><\/div>\n\t\t<\/div>\n\t\t\t\t\t\t<\/div>\n\t\t\t\t<\/div>\n\t\t\t\t\t<\/div>\n\t\t<\/div>\n\t\t\t\t\t<\/div>\n\t\t<\/section>\n\t\t\t\t<\/div>","protected":false},"excerpt":{"rendered":"<p>T\u00e4rke\u00e4\u00e4 tietoa ennen tilaamista Kiitos, ett\u00e4 harkitset Hakuna TV:t\u00e4 IPTV-tarpeissasi! Varmistaaksesi parhaan kokemuksen kaikille asiakkaillemme, lue seuraavat tiedot huolellisesti ennen tilauksen tekemist\u00e4. Kokeile ensin 1 p\u00e4iv\u00e4n lippuamme Suosittelemme aloittamaan 1 p\u00e4iv\u00e4n passillamme testataksesi palveluitamme ennen kuin sitoudut\u2026 <a title=\"Tilaa Hakuna TV\" class=\"read-more\" href=\"https:\/\/hakuna-tv.com\/hakuna-finl\/tilaa\/\" aria-label=\"Lue lis\u00e4\u00e4 maassa Tilaa Hakuna TV\">Lue lis\u00e4\u00e4<\/a><\/p>","protected":false},"author":1,"featured_media":0,"parent":0,"menu_order":0,"comment_status":"closed","ping_status":"closed","template":"","meta":{"_glsr_average":0,"_glsr_ranking":0,"_glsr_reviews":0,"footnotes":""},"class_list":["post-2382","page","type-page","status-publish"],"yoast_head":"<!-- This site is optimized with the Yoast SEO Premium plugin v25.4 (Yoast SEO v25.4) - https:\/\/yoast.com\/wordpress\/plugins\/seo\/ -->\n<title>Subscribe to Hakuna TV - Hakuna IPTV : All-In-One Quality IPTV Service<\/title>\n<meta name=\"robots\" content=\"index, follow, max-snippet:-1, max-image-preview:large, max-video-preview:-1\" \/>\n<link rel=\"canonical\" href=\"https:\/\/hakuna-tv.com\/hakuna-finl\/tilaa\/\" \/>\n<meta property=\"og:locale\" content=\"fi_FI\" \/>\n<meta property=\"og:type\" content=\"article\" \/>\n<meta property=\"og:title\" content=\"Subscribe to Hakuna TV\" \/>\n<meta property=\"og:description\" content=\"Important Information Before You Order Thank you for considering Hakuna TV for your IPTV needs! To ensure the best experience for all our clients, please carefully read the following information before placing your order. Try Our 1-Day Pass First We highly recommend starting with our 1-Day Pass to test our services before committing to a ... Lue lis\u00e4\u00e4\" \/>\n<meta property=\"og:url\" content=\"https:\/\/hakuna-tv.com\/hakuna-finl\/tilaa\/\" \/>\n<meta property=\"og:site_name\" content=\"Hakuna IPTV : All-In-One Quality IPTV Service\" \/>\n<meta property=\"article:modified_time\" content=\"2026-02-25T06:44:02+00:00\" \/>\n<meta name=\"twitter:card\" content=\"summary_large_image\" \/>\n<meta name=\"twitter:label1\" content=\"Arvioitu lukuaika\" \/>\n\t<meta name=\"twitter:data1\" content=\"2 minuuttia\" \/>\n<script type=\"application\/ld+json\" class=\"yoast-schema-graph\">{\"@context\":\"https:\/\/schema.org\",\"@graph\":[{\"@type\":\"WebPage\",\"@id\":\"https:\/\/hakuna-tv.com\/subscribe\/\",\"url\":\"https:\/\/hakuna-tv.com\/subscribe\/\",\"name\":\"Subscribe to Hakuna TV - Hakuna IPTV : All-In-One Quality IPTV Service\",\"isPartOf\":{\"@id\":\"https:\/\/hakuna-tv.com\/#website\"},\"datePublished\":\"2025-01-03T03:38:35+00:00\",\"dateModified\":\"2026-02-25T06:44:02+00:00\",\"breadcrumb\":{\"@id\":\"https:\/\/hakuna-tv.com\/subscribe\/#breadcrumb\"},\"inLanguage\":\"fi\",\"potentialAction\":[{\"@type\":\"ReadAction\",\"target\":[\"https:\/\/hakuna-tv.com\/subscribe\/\"]}]},{\"@type\":\"BreadcrumbList\",\"@id\":\"https:\/\/hakuna-tv.com\/subscribe\/#breadcrumb\",\"itemListElement\":[{\"@type\":\"ListItem\",\"position\":1,\"name\":\"Home\",\"item\":\"https:\/\/hakuna-tv.com\/\"},{\"@type\":\"ListItem\",\"position\":2,\"name\":\"Subscribe to Hakuna TV\"}]},{\"@type\":\"WebSite\",\"@id\":\"https:\/\/hakuna-tv.com\/#website\",\"url\":\"https:\/\/hakuna-tv.com\/\",\"name\":\"Hakuna IPTV : All-In-One Quality IPTV Service\",\"description\":\"\",\"publisher\":{\"@id\":\"https:\/\/hakuna-tv.com\/#organization\"},\"potentialAction\":[{\"@type\":\"SearchAction\",\"target\":{\"@type\":\"EntryPoint\",\"urlTemplate\":\"https:\/\/hakuna-tv.com\/?s={search_term_string}\"},\"query-input\":{\"@type\":\"PropertyValueSpecification\",\"valueRequired\":true,\"valueName\":\"search_term_string\"}}],\"inLanguage\":\"fi\"},{\"@type\":\"Organization\",\"@id\":\"https:\/\/hakuna-tv.com\/#organization\",\"name\":\"Hakuna IPTV : All-In-One Quality IPTV Service\",\"url\":\"https:\/\/hakuna-tv.com\/\",\"logo\":{\"@type\":\"ImageObject\",\"inLanguage\":\"fi\",\"@id\":\"https:\/\/hakuna-tv.com\/#\/schema\/logo\/image\/\",\"url\":\"https:\/\/hakuna-tv.com\/wp-content\/uploads\/2023\/10\/cropped-hakunaiptv-logo.png\",\"contentUrl\":\"https:\/\/hakuna-tv.com\/wp-content\/uploads\/2023\/10\/cropped-hakunaiptv-logo.png\",\"width\":363,\"height\":342,\"caption\":\"Hakuna IPTV : All-In-One Quality IPTV Service\"},\"image\":{\"@id\":\"https:\/\/hakuna-tv.com\/#\/schema\/logo\/image\/\"}}]}<\/script>\n<!-- \/ Yoast SEO Premium plugin. -->","yoast_head_json":{"title":"Subscribe to Hakuna TV - Hakuna IPTV : All-In-One Quality IPTV Service","robots":{"index":"index","follow":"follow","max-snippet":"max-snippet:-1","max-image-preview":"max-image-preview:large","max-video-preview":"max-video-preview:-1"},"canonical":"https:\/\/hakuna-tv.com\/hakuna-finl\/tilaa\/","og_locale":"fi_FI","og_type":"article","og_title":"Subscribe to Hakuna TV","og_description":"Important Information Before You Order Thank you for considering Hakuna TV for your IPTV needs! To ensure the best experience for all our clients, please carefully read the following information before placing your order. Try Our 1-Day Pass First We highly recommend starting with our 1-Day Pass to test our services before committing to a ... Lue lis\u00e4\u00e4","og_url":"https:\/\/hakuna-tv.com\/hakuna-finl\/tilaa\/","og_site_name":"Hakuna IPTV : All-In-One Quality IPTV Service","article_modified_time":"2026-02-25T06:44:02+00:00","twitter_card":"summary_large_image","twitter_misc":{"Arvioitu lukuaika":"2 minuuttia"},"schema":{"@context":"https:\/\/schema.org","@graph":[{"@type":"WebPage","@id":"https:\/\/hakuna-tv.com\/subscribe\/","url":"https:\/\/hakuna-tv.com\/subscribe\/","name":"Subscribe to Hakuna TV - Hakuna IPTV : All-In-One Quality IPTV Service","isPartOf":{"@id":"https:\/\/hakuna-tv.com\/#website"},"datePublished":"2025-01-03T03:38:35+00:00","dateModified":"2026-02-25T06:44:02+00:00","breadcrumb":{"@id":"https:\/\/hakuna-tv.com\/subscribe\/#breadcrumb"},"inLanguage":"fi","potentialAction":[{"@type":"ReadAction","target":["https:\/\/hakuna-tv.com\/subscribe\/"]}]},{"@type":"BreadcrumbList","@id":"https:\/\/hakuna-tv.com\/subscribe\/#breadcrumb","itemListElement":[{"@type":"ListItem","position":1,"name":"Home","item":"https:\/\/hakuna-tv.com\/"},{"@type":"ListItem","position":2,"name":"Subscribe to Hakuna TV"}]},{"@type":"WebSite","@id":"https:\/\/hakuna-tv.com\/#website","url":"https:\/\/hakuna-tv.com\/","name":"Hakuna IPTV : All-In-One Quality IPTV Service","description":"","publisher":{"@id":"https:\/\/hakuna-tv.com\/#organization"},"potentialAction":[{"@type":"SearchAction","target":{"@type":"EntryPoint","urlTemplate":"https:\/\/hakuna-tv.com\/?s={search_term_string}"},"query-input":{"@type":"PropertyValueSpecification","valueRequired":true,"valueName":"search_term_string"}}],"inLanguage":"fi"},{"@type":"Organization","@id":"https:\/\/hakuna-tv.com\/#organization","name":"Hakuna IPTV : All-In-One Quality IPTV Service","url":"https:\/\/hakuna-tv.com\/","logo":{"@type":"ImageObject","inLanguage":"fi","@id":"https:\/\/hakuna-tv.com\/#\/schema\/logo\/image\/","url":"https:\/\/hakuna-tv.com\/wp-content\/uploads\/2023\/10\/cropped-hakunaiptv-logo.png","contentUrl":"https:\/\/hakuna-tv.com\/wp-content\/uploads\/2023\/10\/cropped-hakunaiptv-logo.png","width":363,"height":342,"caption":"Hakuna IPTV : All-In-One Quality IPTV Service"},"image":{"@id":"https:\/\/hakuna-tv.com\/#\/schema\/logo\/image\/"}}]}},"_links":{"self":[{"href":"https:\/\/hakuna-tv.com\/hakuna-finl\/wp-json\/wp\/v2\/pages\/2382","targetHints":{"allow":["GET"]}}],"collection":[{"href":"https:\/\/hakuna-tv.com\/hakuna-finl\/wp-json\/wp\/v2\/pages"}],"about":[{"href":"https:\/\/hakuna-tv.com\/hakuna-finl\/wp-json\/wp\/v2\/types\/page"}],"author":[{"embeddable":true,"href":"https:\/\/hakuna-tv.com\/hakuna-finl\/wp-json\/wp\/v2\/users\/1"}],"replies":[{"embeddable":true,"href":"https:\/\/hakuna-tv.com\/hakuna-finl\/wp-json\/wp\/v2\/comments?post=2382"}],"version-history":[{"count":222,"href":"https:\/\/hakuna-tv.com\/hakuna-finl\/wp-json\/wp\/v2\/pages\/2382\/revisions"}],"predecessor-version":[{"id":3452,"href":"https:\/\/hakuna-tv.com\/hakuna-finl\/wp-json\/wp\/v2\/pages\/2382\/revisions\/3452"}],"wp:attachment":[{"href":"https:\/\/hakuna-tv.com\/hakuna-finl\/wp-json\/wp\/v2\/media?parent=2382"}],"curies":[{"name":"wp","href":"https:\/\/api.w.org\/{rel}","templated":true}]}}