{"id":1262,"date":"2023-10-04T19:52:34","date_gmt":"2023-10-04T19:52:34","guid":{"rendered":"https:\/\/hakuna-tv.com\/?page_id=1262"},"modified":"2023-10-04T19:54:39","modified_gmt":"2023-10-04T19:54:39","slug":"gdpr-kaytanto","status":"publish","type":"page","link":"https:\/\/hakuna-tv.com\/hakuna-finl\/gdpr-kaytanto\/","title":{"rendered":"GDPR-politiikka"},"content":{"rendered":"<div data-elementor-type=\"wp-page\" data-elementor-id=\"1262\" class=\"elementor elementor-1262\" data-elementor-post-type=\"page\">\n\t\t\t\t\t\t<section class=\"elementor-section elementor-top-section elementor-element elementor-element-0f8a65f elementor-section-boxed elementor-section-height-default elementor-section-height-default\" data-id=\"0f8a65f\" data-element_type=\"section\" data-e-type=\"section\" data-settings=\"{&quot;background_background&quot;:&quot;classic&quot;}\">\n\t\t\t\t\t\t\t<div class=\"elementor-background-overlay\"><\/div>\n\t\t\t\t\t\t\t<div class=\"elementor-container elementor-column-gap-default\">\n\t\t\t\t\t<div class=\"elementor-column elementor-col-100 elementor-top-column elementor-element elementor-element-d09dc73\" data-id=\"d09dc73\" data-element_type=\"column\" data-e-type=\"column\">\n\t\t\t<div class=\"elementor-widget-wrap\">\n\t\t\t\t\t\t\t<\/div>\n\t\t<\/div>\n\t\t\t\t\t<\/div>\n\t\t<\/section>\n\t\t\t\t<section class=\"elementor-section elementor-top-section elementor-element elementor-element-b4cf129 elementor-section-full_width elementor-section-height-default elementor-section-height-default\" data-id=\"b4cf129\" data-element_type=\"section\" data-e-type=\"section\" data-settings=\"{&quot;background_background&quot;:&quot;slideshow&quot;,&quot;background_slideshow_gallery&quot;:[],&quot;background_slideshow_loop&quot;:&quot;yes&quot;,&quot;background_slideshow_slide_duration&quot;:5000,&quot;background_slideshow_slide_transition&quot;:&quot;fade&quot;,&quot;background_slideshow_transition_duration&quot;:500}\">\n\t\t\t\t\t\t\t<div class=\"elementor-background-overlay\"><\/div>\n\t\t\t\t\t\t\t<div class=\"elementor-container elementor-column-gap-default\">\n\t\t\t\t\t<div class=\"elementor-column elementor-col-100 elementor-top-column elementor-element elementor-element-3ec8eeb\" data-id=\"3ec8eeb\" data-element_type=\"column\" data-e-type=\"column\">\n\t\t\t<div class=\"elementor-widget-wrap elementor-element-populated\">\n\t\t\t\t\t\t<div class=\"elementor-element elementor-element-790724d elementor-widget elementor-widget-spacer\" data-id=\"790724d\" data-element_type=\"widget\" data-e-type=\"widget\" data-widget_type=\"spacer.default\">\n\t\t\t\t<div class=\"elementor-widget-container\">\n\t\t\t\t\t\t\t<div class=\"elementor-spacer\">\n\t\t\t<div class=\"elementor-spacer-inner\"><\/div>\n\t\t<\/div>\n\t\t\t\t\t\t<\/div>\n\t\t\t\t<\/div>\n\t\t\t\t<div class=\"elementor-element elementor-element-cdadb86 elementor-widget elementor-widget-heading\" data-id=\"cdadb86\" data-element_type=\"widget\" data-e-type=\"widget\" data-widget_type=\"heading.default\">\n\t\t\t\t<div class=\"elementor-widget-container\">\n\t\t\t\t\t<h2 class=\"elementor-heading-title elementor-size-default\">GDPR-k\u00e4yt\u00e4nt\u00f6 \u2013 Hakuna IPTV<\/h2>\t\t\t\t<\/div>\n\t\t\t\t<\/div>\n\t\t\t\t<div class=\"elementor-element elementor-element-ea50da2 elementor-widget elementor-widget-text-editor\" data-id=\"ea50da2\" data-element_type=\"widget\" data-e-type=\"widget\" data-widget_type=\"text-editor.default\">\n\t\t\t\t<div class=\"elementor-widget-container\">\n\t\t\t\t\t\t\t\t\t<div class=\"elementor-element elementor-element-9ebf88b elementor-widget elementor-widget-text-editor\" data-id=\"9ebf88b\" data-element_type=\"widget\" data-widget_type=\"text-editor.default\"><div class=\"elementor-widget-container\"><div id=\"content\" class=\"site-content\"><div class=\"ast-container\"><div id=\"primary\" class=\"content-area primary\"><main id=\"main\" class=\"site-main\"><article id=\"post-4121\" class=\"post-4121 page type-page status-publish ast-article-single\"><div class=\"entry-content clear\"><div class=\"elementor elementor-4121\" data-elementor-type=\"wp-page\" data-elementor-id=\"4121\"><section class=\"elementor-section elementor-top-section elementor-element elementor-element-ccd8f0b elementor-section-boxed elementor-section-height-default elementor-section-height-default\" data-particle_enable=\"false\" data-particle-mobile-disabled=\"false\" data-id=\"ccd8f0b\" data-element_type=\"section\"><div class=\"elementor-container elementor-column-gap-default\"><div class=\"elementor-column elementor-col-100 elementor-top-column elementor-element elementor-element-a6e4cb1\" data-id=\"a6e4cb1\" data-element_type=\"column\"><div class=\"elementor-widget-wrap elementor-element-populated\"><div class=\"elementor-element elementor-element-3879892 elementor-widget elementor-widget-text-editor\" data-id=\"3879892\" data-element_type=\"widget\" data-widget_type=\"text-editor.default\"><div class=\"elementor-widget-container\"><p>Voimaantulo: 5.4.2018<\/p><\/div><\/div><div class=\"elementor-element elementor-element-2a780ac elementor-widget elementor-widget-text-editor\" data-id=\"2a780ac\" data-element_type=\"widget\" data-widget_type=\"text-editor.default\"><div class=\"elementor-widget-container\"><p>Olemme Hakuna IPTV:ss\u00e4 sitoutuneet suojaamaan k\u00e4ytt\u00e4jiemme henkil\u00f6kohtaisia tietoja ja noudattamaan EU:n yleist\u00e4 tietosuoja-asetusta (&quot;GDPR&quot;) ja muita sovellettavia tietosuojalakeja.<br \/><br \/>Tiedonkeruu ja k\u00e4ytt\u00f6<br \/>Ker\u00e4\u00e4mme ja k\u00e4sittelemme henkil\u00f6tietoja k\u00e4ytt\u00e4jist\u00e4mme tarjotaksemme palveluitamme, kuten tilin luomista, tilausten hallintaa ja asiakastukea. Ker\u00e4\u00e4mi\u00e4mme henkil\u00f6tietoja voivat olla nimesi, s\u00e4hk\u00f6postiosoitteesi, puhelinnumerosi, laskutustiedot ja muut tiedot, jotka p\u00e4\u00e4t\u00e4t antaa meille.<br \/><br \/>K\u00e4sittelemme henkil\u00f6tietoja vain laillisiin tarkoituksiin emmek\u00e4 k\u00e4yt\u00e4 niit\u00e4 tarkoituksiin, jotka eiv\u00e4t ole yhteensopivia sen alkuper\u00e4isen tarkoituksen kanssa, jota varten ne on ker\u00e4tty. Saamme suostumuksesi ennen kuin k\u00e4yt\u00e4mme henkil\u00f6tietojasi muihin tarkoituksiin.<br \/><br \/>Yksityisyys<br \/>Ryhdymme asianmukaisiin teknisiin ja organisatorisiin toimenpiteisiin varmistaaksemme henkil\u00f6tietojesi turvallisuuden, mukaan lukien suojan luvattomalta tai laittomalta k\u00e4sittelylt\u00e4, vahingossa tapahtuvalta katoamiselta, tuhoutumiselta tai vahingoittumiselta. Olemme ottaneet k\u00e4ytt\u00f6\u00f6n tietoturvatoimenpiteit\u00e4, kuten salauksen, palomuurit ja p\u00e4\u00e4synvalvontatoimenpiteet henkil\u00f6tietojesi suojaamiseksi.<br \/><br \/>rekister\u00f6idyn oikeudet<br \/>Sinulla on oikeus saada tietoja, oikaista, poistaa, rajoittaa ja vastustaa henkil\u00f6tietojesi k\u00e4sittely\u00e4. Sinulla on my\u00f6s oikeus tietojen siirrett\u00e4vyyteen ja oikeus peruuttaa suostumuksesi milloin tahansa.<br \/><br \/>Jos haluat k\u00e4ytt\u00e4\u00e4 jotakin n\u00e4ist\u00e4 oikeuksista tai tehd\u00e4 valituksen henkil\u00f6tietojesi k\u00e4sittelyst\u00e4, ota meihin yhteytt\u00e4 k\u00e4ytt\u00e4m\u00e4ll\u00e4 t\u00e4m\u00e4n GDPR-k\u00e4yt\u00e4nn\u00f6n lopussa olevia yhteystietoja.<br \/><br \/>tiedonsiirrot<br \/>Voimme siirt\u00e4\u00e4 henkil\u00f6tietojasi Euroopan talousalueen (&quot;ETA&quot;) ulkopuolelle kolmansille osapuolille, mukaan lukien palveluntarjoajillemme ja yhteisty\u00f6kumppaneillemme. Jaamme henkil\u00f6tietojasi vain kolmansille osapuolille, joilla on asianmukaiset suojatoimet henkil\u00f6tietojesi suojaamiseksi.<br \/><br \/>tietojen s\u00e4ilytt\u00e4minen<br \/>S\u00e4ilyt\u00e4mme henkil\u00f6tietojasi niin kauan kuin on tarpeen palveluidemme tarjoamiseksi sinulle ja lakis\u00e4\u00e4teisten velvoitteiden noudattamiseksi. Kun henkil\u00f6tietojasi ei en\u00e4\u00e4 tarvita n\u00e4ihin tarkoituksiin, poistamme tai anonymisoimme ne turvallisesti.<br \/><br \/>P\u00e4ivityksi\u00e4 t\u00e4h\u00e4n GDPR-k\u00e4yt\u00e4nt\u00f6\u00f6n<br \/>Saatamme p\u00e4ivitt\u00e4\u00e4 t\u00e4t\u00e4 GDPR-k\u00e4yt\u00e4nt\u00f6\u00e4 ajoittain vastaamaan k\u00e4yt\u00e4nt\u00f6jemme tai lakis\u00e4\u00e4teisten vaatimusten muutoksia. Suosittelemme tarkistamaan ajoittain t\u00e4m\u00e4 GDPR-k\u00e4yt\u00e4nt\u00f6 muutosten varalta.<br \/><br \/>Ota meihin yhteytt\u00e4<br \/>Jos sinulla on kysytt\u00e4v\u00e4\u00e4 tai huolenaiheita koskien henkil\u00f6tietojesi k\u00e4sittely\u00e4 tai haluat k\u00e4ytt\u00e4\u00e4 oikeuksiasi rekister\u00f6ityn\u00e4, ota meihin yhteytt\u00e4 osoitteessa:<br \/><br \/>Hakuna IPTV<br \/>contact@hakuna-iptv.com<\/p><\/div><\/div><\/div><\/div><\/div><\/section><\/div><\/div><\/article><\/main><\/div><\/div><\/div><footer id=\"colophon\" class=\"site-footer\"><div class=\"site-primary-footer-wrap ast-builder-grid-row-container site-footer-focus-item ast-builder-grid-row-4-equal ast-builder-grid-row-tablet-4-equal ast-builder-grid-row-mobile-full ast-footer-row-stack ast-footer-row-tablet-stack ast-footer-row-mobile-stack\" data-section=\"section-primary-footer-builder\"><div class=\"ast-builder-grid-row-container-inner\"><div class=\"ast-builder-footer-grid-columns site-primary-footer-inner-wrap ast-builder-grid-row\"><div class=\"site-footer-primary-section-1 site-footer-section site-footer-section-1\"><div class=\"ast-builder-layout-element ast-flex site-footer-focus-item ast-footer-copyright\" data-section=\"section-footer-builder\"><div class=\"ast-footer-copyright\">\u00a0<\/div><\/div><\/div><\/div><\/div><\/div><\/footer><\/div><\/div>\t\t\t\t\t\t\t\t<\/div>\n\t\t\t\t<\/div>\n\t\t\t\t<div class=\"elementor-element elementor-element-d3c3526 elementor-widget elementor-widget-spacer\" data-id=\"d3c3526\" data-element_type=\"widget\" data-e-type=\"widget\" data-widget_type=\"spacer.default\">\n\t\t\t\t<div class=\"elementor-widget-container\">\n\t\t\t\t\t\t\t<div class=\"elementor-spacer\">\n\t\t\t<div class=\"elementor-spacer-inner\"><\/div>\n\t\t<\/div>\n\t\t\t\t\t\t<\/div>\n\t\t\t\t<\/div>\n\t\t\t\t\t<\/div>\n\t\t<\/div>\n\t\t\t\t\t<\/div>\n\t\t<\/section>\n\t\t\t\t<\/div>","protected":false},"excerpt":{"rendered":"<p>GDPR-k\u00e4yt\u00e4nt\u00f6 \u2013 Hakuna IPTV Voimaantulop\u00e4iv\u00e4: 5. huhtikuuta 2018 Hakuna IPTV:ss\u00e4 olemme sitoutuneet suojaamaan k\u00e4ytt\u00e4jiemme henkil\u00f6kohtaisia tietoja ja noudattamaan EU:n yleist\u00e4 tietosuoja-asetusta (&quot;GDPR&quot;) ja muita sovellettavia tietosuojalakeja. Tiedonkeruu ja k\u00e4ytt\u00f6 Ker\u00e4\u00e4mme ja k\u00e4sittelemme henkil\u00f6tietoja k\u00e4ytt\u00e4jist\u00e4mme tarjotaksemme palveluitamme, kuten\u2026 <a title=\"GDPR-politiikka\" class=\"read-more\" href=\"https:\/\/hakuna-tv.com\/hakuna-finl\/gdpr-kaytanto\/\" aria-label=\"Lue lis\u00e4\u00e4 aiheesta GDPR Policy\">Lue lis\u00e4\u00e4<\/a><\/p>","protected":false},"author":1,"featured_media":0,"parent":0,"menu_order":0,"comment_status":"closed","ping_status":"closed","template":"","meta":{"footnotes":""},"class_list":["post-1262","page","type-page","status-publish"],"yoast_head":"<!-- This site is optimized with the Yoast SEO plugin v27.5 - https:\/\/yoast.com\/product\/yoast-seo-wordpress\/ -->\n<title>GDPR Policy - Hakuna IPTV : All-In-One Quality IPTV Service<\/title>\n<meta name=\"robots\" content=\"index, follow, max-snippet:-1, max-image-preview:large, max-video-preview:-1\" \/>\n<link rel=\"canonical\" href=\"https:\/\/hakuna-tv.com\/hakuna-finl\/gdpr-kaytanto\/\" \/>\n<meta property=\"og:locale\" content=\"fi_FI\" \/>\n<meta property=\"og:type\" content=\"article\" \/>\n<meta property=\"og:title\" content=\"GDPR Policy - Hakuna IPTV : All-In-One Quality IPTV Service\" \/>\n<meta property=\"og:description\" content=\"GDPR Policy &#8211; Hakuna IPTV Effective Date: April 5, 2018 At Hakuna IPTV, we are committed to protecting our users&#8217; personal information and complying with the EU General Data Protection Regulation (\u201cGDPR\u201d) and other applicable privacy laws. Data Collection and UseWe collect and process personal data about our users to provide our services such as ... Lue lis\u00e4\u00e4\" \/>\n<meta property=\"og:url\" content=\"https:\/\/hakuna-tv.com\/hakuna-finl\/gdpr-kaytanto\/\" \/>\n<meta property=\"og:site_name\" content=\"Hakuna IPTV : All-In-One Quality IPTV Service\" \/>\n<meta property=\"article:modified_time\" content=\"2023-10-04T19:54:39+00:00\" \/>\n<meta name=\"twitter:card\" content=\"summary_large_image\" \/>\n<meta name=\"twitter:label1\" content=\"Arvioitu lukuaika\" \/>\n\t<meta name=\"twitter:data1\" content=\"14 minuuttia\" \/>\n<script type=\"application\/ld+json\" class=\"yoast-schema-graph\">{\"@context\":\"https:\\\/\\\/schema.org\",\"@graph\":[{\"@type\":\"WebPage\",\"@id\":\"https:\\\/\\\/hakuna-tv.com\\\/gdpr-policy\\\/\",\"url\":\"https:\\\/\\\/hakuna-tv.com\\\/gdpr-policy\\\/\",\"name\":\"GDPR Policy - Hakuna IPTV : All-In-One Quality IPTV Service\",\"isPartOf\":{\"@id\":\"https:\\\/\\\/hakuna-tv.com\\\/hakuna-swedn\\\/#website\"},\"datePublished\":\"2023-10-04T19:52:34+00:00\",\"dateModified\":\"2023-10-04T19:54:39+00:00\",\"breadcrumb\":{\"@id\":\"https:\\\/\\\/hakuna-tv.com\\\/gdpr-policy\\\/#breadcrumb\"},\"inLanguage\":\"fi\",\"potentialAction\":[{\"@type\":\"ReadAction\",\"target\":[\"https:\\\/\\\/hakuna-tv.com\\\/gdpr-policy\\\/\"]}]},{\"@type\":\"BreadcrumbList\",\"@id\":\"https:\\\/\\\/hakuna-tv.com\\\/gdpr-policy\\\/#breadcrumb\",\"itemListElement\":[{\"@type\":\"ListItem\",\"position\":1,\"name\":\"Home\",\"item\":\"https:\\\/\\\/hakuna-tv.com\\\/\"},{\"@type\":\"ListItem\",\"position\":2,\"name\":\"GDPR Policy\"}]},{\"@type\":\"WebSite\",\"@id\":\"https:\\\/\\\/hakuna-tv.com\\\/hakuna-swedn\\\/#website\",\"url\":\"https:\\\/\\\/hakuna-tv.com\\\/hakuna-swedn\\\/\",\"name\":\"Hakuna IPTV : All-In-One Quality IPTV Service\",\"description\":\"\",\"publisher\":{\"@id\":\"https:\\\/\\\/hakuna-tv.com\\\/hakuna-swedn\\\/#organization\"},\"potentialAction\":[{\"@type\":\"SearchAction\",\"target\":{\"@type\":\"EntryPoint\",\"urlTemplate\":\"https:\\\/\\\/hakuna-tv.com\\\/hakuna-swedn\\\/?s={search_term_string}\"},\"query-input\":{\"@type\":\"PropertyValueSpecification\",\"valueRequired\":true,\"valueName\":\"search_term_string\"}}],\"inLanguage\":\"fi\"},{\"@type\":\"Organization\",\"@id\":\"https:\\\/\\\/hakuna-tv.com\\\/hakuna-swedn\\\/#organization\",\"name\":\"Hakuna IPTV : All-In-One Quality IPTV Service\",\"url\":\"https:\\\/\\\/hakuna-tv.com\\\/hakuna-swedn\\\/\",\"logo\":{\"@type\":\"ImageObject\",\"inLanguage\":\"fi\",\"@id\":\"https:\\\/\\\/hakuna-tv.com\\\/hakuna-swedn\\\/#\\\/schema\\\/logo\\\/image\\\/\",\"url\":\"https:\\\/\\\/hakuna-tv.com\\\/wp-content\\\/uploads\\\/2023\\\/10\\\/cropped-hakunaiptv-logo.png\",\"contentUrl\":\"https:\\\/\\\/hakuna-tv.com\\\/wp-content\\\/uploads\\\/2023\\\/10\\\/cropped-hakunaiptv-logo.png\",\"width\":363,\"height\":342,\"caption\":\"Hakuna IPTV : All-In-One Quality IPTV Service\"},\"image\":{\"@id\":\"https:\\\/\\\/hakuna-tv.com\\\/hakuna-swedn\\\/#\\\/schema\\\/logo\\\/image\\\/\"}}]}<\/script>\n<!-- \/ Yoast SEO plugin. -->","yoast_head_json":{"title":"GDPR-k\u00e4yt\u00e4nt\u00f6 - Hakuna IPTV: All-in-One-laadukas IPTV-palvelu","robots":{"index":"index","follow":"follow","max-snippet":"max-snippet:-1","max-image-preview":"max-image-preview:large","max-video-preview":"max-video-preview:-1"},"canonical":"https:\/\/hakuna-tv.com\/hakuna-finl\/gdpr-kaytanto\/","og_locale":"fi_FI","og_type":"article","og_title":"GDPR Policy - Hakuna IPTV : All-In-One Quality IPTV Service","og_description":"GDPR Policy &#8211; Hakuna IPTV Effective Date: April 5, 2018 At Hakuna IPTV, we are committed to protecting our users&#8217; personal information and complying with the EU General Data Protection Regulation (\u201cGDPR\u201d) and other applicable privacy laws. Data Collection and UseWe collect and process personal data about our users to provide our services such as ... Lue lis\u00e4\u00e4","og_url":"https:\/\/hakuna-tv.com\/hakuna-finl\/gdpr-kaytanto\/","og_site_name":"Hakuna IPTV : All-In-One Quality IPTV Service","article_modified_time":"2023-10-04T19:54:39+00:00","twitter_card":"summary_large_image","twitter_misc":{"Arvioitu lukuaika":"14 minuuttia"},"schema":{"@context":"https:\/\/schema.org","@graph":[{"@type":"WebPage","@id":"https:\/\/hakuna-tv.com\/gdpr-policy\/","url":"https:\/\/hakuna-tv.com\/gdpr-policy\/","name":"GDPR-k\u00e4yt\u00e4nt\u00f6 - Hakuna IPTV: All-in-One-laadukas IPTV-palvelu","isPartOf":{"@id":"https:\/\/hakuna-tv.com\/hakuna-swedn\/#website"},"datePublished":"2023-10-04T19:52:34+00:00","dateModified":"2023-10-04T19:54:39+00:00","breadcrumb":{"@id":"https:\/\/hakuna-tv.com\/gdpr-policy\/#breadcrumb"},"inLanguage":"fi","potentialAction":[{"@type":"ReadAction","target":["https:\/\/hakuna-tv.com\/gdpr-policy\/"]}]},{"@type":"BreadcrumbList","@id":"https:\/\/hakuna-tv.com\/gdpr-policy\/#breadcrumb","itemListElement":[{"@type":"ListItem","position":1,"name":"Home","item":"https:\/\/hakuna-tv.com\/"},{"@type":"ListItem","position":2,"name":"GDPR Policy"}]},{"@type":"WebSite","@id":"https:\/\/hakuna-tv.com\/hakuna-swedn\/#website","url":"https:\/\/hakuna-tv.com\/hakuna-swedn\/","name":"Hakuna IPTV: All-In-One-laadukas IPTV-palvelu","description":"","publisher":{"@id":"https:\/\/hakuna-tv.com\/hakuna-swedn\/#organization"},"potentialAction":[{"@type":"SearchAction","target":{"@type":"EntryPoint","urlTemplate":"https:\/\/hakuna-tv.com\/hakuna-swedn\/?s={search_term_string}"},"query-input":{"@type":"PropertyValueSpecification","valueRequired":true,"valueName":"search_term_string"}}],"inLanguage":"fi"},{"@type":"Organization","@id":"https:\/\/hakuna-tv.com\/hakuna-swedn\/#organization","name":"Hakuna IPTV: All-In-One-laadukas IPTV-palvelu","url":"https:\/\/hakuna-tv.com\/hakuna-swedn\/","logo":{"@type":"ImageObject","inLanguage":"fi","@id":"https:\/\/hakuna-tv.com\/hakuna-swedn\/#\/schema\/logo\/image\/","url":"https:\/\/hakuna-tv.com\/wp-content\/uploads\/2023\/10\/cropped-hakunaiptv-logo.png","contentUrl":"https:\/\/hakuna-tv.com\/wp-content\/uploads\/2023\/10\/cropped-hakunaiptv-logo.png","width":363,"height":342,"caption":"Hakuna IPTV : All-In-One Quality IPTV Service"},"image":{"@id":"https:\/\/hakuna-tv.com\/hakuna-swedn\/#\/schema\/logo\/image\/"}}]}},"_links":{"self":[{"href":"https:\/\/hakuna-tv.com\/hakuna-finl\/wp-json\/wp\/v2\/pages\/1262","targetHints":{"allow":["GET"]}}],"collection":[{"href":"https:\/\/hakuna-tv.com\/hakuna-finl\/wp-json\/wp\/v2\/pages"}],"about":[{"href":"https:\/\/hakuna-tv.com\/hakuna-finl\/wp-json\/wp\/v2\/types\/page"}],"author":[{"embeddable":true,"href":"https:\/\/hakuna-tv.com\/hakuna-finl\/wp-json\/wp\/v2\/users\/1"}],"replies":[{"embeddable":true,"href":"https:\/\/hakuna-tv.com\/hakuna-finl\/wp-json\/wp\/v2\/comments?post=1262"}],"version-history":[{"count":0,"href":"https:\/\/hakuna-tv.com\/hakuna-finl\/wp-json\/wp\/v2\/pages\/1262\/revisions"}],"wp:attachment":[{"href":"https:\/\/hakuna-tv.com\/hakuna-finl\/wp-json\/wp\/v2\/media?parent=1262"}],"curies":[{"name":"wp","href":"https:\/\/api.w.org\/{rel}","templated":true}]}}