{"id":1251,"date":"2023-10-04T19:42:46","date_gmt":"2023-10-04T19:42:46","guid":{"rendered":"https:\/\/hakuna-tv.com\/?page_id=1251"},"modified":"2025-05-15T01:26:28","modified_gmt":"2025-05-15T01:26:28","slug":"hyvitykset","status":"publish","type":"page","link":"https:\/\/hakuna-tv.com\/hakuna-finl\/hyvitykset\/","title":{"rendered":"Palautusoikeus"},"content":{"rendered":"<div data-elementor-type=\"wp-page\" data-elementor-id=\"1251\" class=\"elementor elementor-1251\" data-elementor-post-type=\"page\">\n\t\t\t\t\t\t<section class=\"elementor-section elementor-top-section elementor-element elementor-element-0f8a65f elementor-section-boxed elementor-section-height-default elementor-section-height-default\" data-id=\"0f8a65f\" data-element_type=\"section\" data-settings=\"{&quot;background_background&quot;:&quot;classic&quot;}\">\n\t\t\t\t\t\t\t<div class=\"elementor-background-overlay\"><\/div>\n\t\t\t\t\t\t\t<div class=\"elementor-container elementor-column-gap-default\">\n\t\t\t\t\t<div class=\"elementor-column elementor-col-100 elementor-top-column elementor-element elementor-element-d09dc73\" data-id=\"d09dc73\" data-element_type=\"column\">\n\t\t\t<div class=\"elementor-widget-wrap\">\n\t\t\t\t\t\t\t<\/div>\n\t\t<\/div>\n\t\t\t\t\t<\/div>\n\t\t<\/section>\n\t\t\t\t<section class=\"elementor-section elementor-top-section elementor-element elementor-element-b4cf129 elementor-section-full_width elementor-section-height-default elementor-section-height-default\" data-id=\"b4cf129\" data-element_type=\"section\" data-settings=\"{&quot;background_background&quot;:&quot;slideshow&quot;,&quot;background_slideshow_gallery&quot;:[],&quot;background_slideshow_loop&quot;:&quot;yes&quot;,&quot;background_slideshow_slide_duration&quot;:5000,&quot;background_slideshow_slide_transition&quot;:&quot;fade&quot;,&quot;background_slideshow_transition_duration&quot;:500}\">\n\t\t\t\t\t\t\t<div class=\"elementor-background-overlay\"><\/div>\n\t\t\t\t\t\t\t<div class=\"elementor-container elementor-column-gap-default\">\n\t\t\t\t\t<div class=\"elementor-column elementor-col-100 elementor-top-column elementor-element elementor-element-3ec8eeb\" data-id=\"3ec8eeb\" data-element_type=\"column\">\n\t\t\t<div class=\"elementor-widget-wrap elementor-element-populated\">\n\t\t\t\t\t\t<div class=\"elementor-element elementor-element-790724d elementor-widget elementor-widget-spacer\" data-id=\"790724d\" data-element_type=\"widget\" data-widget_type=\"spacer.default\">\n\t\t\t\t<div class=\"elementor-widget-container\">\n\t\t\t\t\t\t\t<div class=\"elementor-spacer\">\n\t\t\t<div class=\"elementor-spacer-inner\"><\/div>\n\t\t<\/div>\n\t\t\t\t\t\t<\/div>\n\t\t\t\t<\/div>\n\t\t\t\t<div class=\"elementor-element elementor-element-cdadb86 elementor-widget elementor-widget-heading\" data-id=\"cdadb86\" data-element_type=\"widget\" data-widget_type=\"heading.default\">\n\t\t\t\t<div class=\"elementor-widget-container\">\n\t\t\t\t\t<h2 class=\"elementor-heading-title elementor-size-default\">Palautusoikeus<\/h2>\t\t\t\t<\/div>\n\t\t\t\t<\/div>\n\t\t\t\t<div class=\"elementor-element elementor-element-ea50da2 elementor-widget elementor-widget-text-editor\" data-id=\"ea50da2\" data-element_type=\"widget\" data-widget_type=\"text-editor.default\">\n\t\t\t\t<div class=\"elementor-widget-container\">\n\t\t\t\t\t\t\t\t\t<p class=\"p1\">Olemme Hakuna TV:ss\u00e4 sitoutuneet tarjoamaan korkealaatuisia palveluita ja varmistamaan asiakastyytyv\u00e4isyyden. Toimintamme eheyden ja johdonmukaisuuden s\u00e4ilytt\u00e4miseksi meill\u00e4 on tiukat <b>Ei hyvitysk\u00e4yt\u00e4nt\u00f6\u00e4<\/b>. Tekem\u00e4ll\u00e4 tilauksen alustallamme asiakkaat hyv\u00e4ksyv\u00e4t alla kuvatut k\u00e4ytt\u00f6ehdot.<\/p><p class=\"p3\"><b>1 p\u00e4iv\u00e4n lippu ennen ostoa<\/b><b><\/b><\/p><p class=\"p1\">Suosittelemme, ett\u00e4 kaikki potentiaaliset asiakkaat k\u00e4ytt\u00e4v\u00e4t meid\u00e4n <b>1 p\u00e4iv\u00e4n lippu<\/b> testata palveluitamme ennen tilauksen tekemist\u00e4. T\u00e4m\u00e4 varmistaa, ett\u00e4 voit arvioida tarjontaamme ja m\u00e4\u00e4ritt\u00e4\u00e4, vastaavatko ne tarpeitasi ennen ostoksen tekemist\u00e4.<\/p><p class=\"p3\"><b>K\u00e4yt\u00e4nt\u00f6jen hyv\u00e4ksyminen<\/b><b><\/b><\/p><p class=\"p1\">T\u00e4ytt\u00e4m\u00e4ll\u00e4 tilauksen <b>hakuna-tv.com<\/b>, hyv\u00e4ksyt k\u00e4ytt\u00f6ehtomme ja k\u00e4yt\u00e4nt\u00f6mme ja sitoudut noudattamaan niit\u00e4. N\u00e4m\u00e4 k\u00e4yt\u00e4nn\u00f6t on suunniteltu luomaan avoin ja ammattimainen ymp\u00e4rist\u00f6 molemmille osapuolille.<\/p><p class=\"p3\"><b>Lainmukaisuus<\/b><b><\/b><\/p><p class=\"p1\">Jos asiakas kiist\u00e4\u00e4 palautusk\u00e4yt\u00e4nn\u00f6n tai vaatii hyvityst\u00e4 tilauksen tekemisen j\u00e4lkeen, pid\u00e4t\u00e4mme oikeuden vied\u00e4 asia eteenp\u00e4in laillisia kanavia pitkin. K\u00e4ytt\u00e4m\u00e4ll\u00e4 palveluitamme sitoudut ratkaisemaan kaikki riidat soveltuvien lakien ja Hakuna TV:n tarjoamien palveluehtojen mukaisesti.<\/p><p class=\"p3\"><b>Yhteystiedot<\/b><b><\/b><\/p><p class=\"p1\">Jos sinulla on kysytt\u00e4v\u00e4\u00e4 palautusk\u00e4yt\u00e4nn\u00f6st\u00e4mme tai tarvitset lis\u00e4selvityksi\u00e4, ota meihin yhteytt\u00e4 osoitteessa <b>contact@hakuna-iptv.com<\/b>. Tiimimme on t\u00e4\u00e4ll\u00e4 auttamaan sinua kaikissa kysymyksiss\u00e4si.<\/p><p class=\"p1\">Arvostamme ymm\u00e4rryst\u00e4si ja yhteisty\u00f6t\u00e4si k\u00e4yt\u00e4nt\u00f6jemme noudattamisessa. Hakuna TV:ll\u00e4 pyrimme tarjoamaan sujuvan ja nautinnollisen kokemuksen kaikille asiakkaillemme.<\/p>\t\t\t\t\t\t\t\t<\/div>\n\t\t\t\t<\/div>\n\t\t\t\t<div class=\"elementor-element elementor-element-d3c3526 elementor-widget elementor-widget-spacer\" data-id=\"d3c3526\" data-element_type=\"widget\" data-widget_type=\"spacer.default\">\n\t\t\t\t<div class=\"elementor-widget-container\">\n\t\t\t\t\t\t\t<div class=\"elementor-spacer\">\n\t\t\t<div class=\"elementor-spacer-inner\"><\/div>\n\t\t<\/div>\n\t\t\t\t\t\t<\/div>\n\t\t\t\t<\/div>\n\t\t\t\t\t<\/div>\n\t\t<\/div>\n\t\t\t\t\t<\/div>\n\t\t<\/section>\n\t\t\t\t<\/div>","protected":false},"excerpt":{"rendered":"<p>Hyvityspolitiikka Olemme Hakuna TV:ll\u00e4 sitoutuneet tarjoamaan korkealaatuisia palveluita ja varmistamaan asiakastyytyv\u00e4isyyden. Toimintamme eheyden ja johdonmukaisuuden s\u00e4ilytt\u00e4miseksi meill\u00e4 on tiukka ei hyvitysk\u00e4yt\u00e4nt\u00f6. Tekem\u00e4ll\u00e4 tilauksen alustallamme asiakkaat hyv\u00e4ksyv\u00e4t alla kuvatut k\u00e4ytt\u00f6ehdot. 1 p\u00e4iv\u00e4n lippu ennen ostoa Olemme vahvasti\u2026 <a title=\"Palautusoikeus\" class=\"read-more\" href=\"https:\/\/hakuna-tv.com\/hakuna-finl\/hyvitykset\/\" aria-label=\"Lue lis\u00e4\u00e4 keskim\u00e4\u00e4r\u00e4isesti hyvitysk\u00e4yt\u00e4nt\u00f6\">Lue lis\u00e4\u00e4<\/a><\/p>","protected":false},"author":1,"featured_media":0,"parent":0,"menu_order":0,"comment_status":"closed","ping_status":"closed","template":"","meta":{"_glsr_average":0,"_glsr_ranking":0,"_glsr_reviews":0,"footnotes":""},"class_list":["post-1251","page","type-page","status-publish"],"yoast_head":"<!-- This site is optimized with the Yoast SEO Premium plugin v25.4 (Yoast SEO v25.4) - https:\/\/yoast.com\/wordpress\/plugins\/seo\/ -->\n<title>Refund Policy - Hakuna IPTV : All-In-One Quality IPTV Service<\/title>\n<meta name=\"robots\" content=\"index, follow, max-snippet:-1, max-image-preview:large, max-video-preview:-1\" \/>\n<link rel=\"canonical\" href=\"https:\/\/hakuna-tv.com\/hakuna-finl\/hyvitykset\/\" \/>\n<meta property=\"og:locale\" content=\"fi_FI\" \/>\n<meta property=\"og:type\" content=\"article\" \/>\n<meta property=\"og:title\" content=\"Refund Policy\" \/>\n<meta property=\"og:description\" content=\"Refund Policy At Hakuna TV, we are committed to providing high-quality services and ensuring customer satisfaction. To maintain the integrity and consistency of our operations, we have a strict No Refund Policy. By placing an order on our platform, customers agree to our terms and conditions as outlined below. 1-Day Pass Before Purchase We strongly ... Lue lis\u00e4\u00e4\" \/>\n<meta property=\"og:url\" content=\"https:\/\/hakuna-tv.com\/hakuna-finl\/hyvitykset\/\" \/>\n<meta property=\"og:site_name\" content=\"Hakuna IPTV : All-In-One Quality IPTV Service\" \/>\n<meta property=\"article:modified_time\" content=\"2025-05-15T01:26:28+00:00\" \/>\n<meta name=\"twitter:card\" content=\"summary_large_image\" \/>\n<meta name=\"twitter:label1\" content=\"Arvioitu lukuaika\" \/>\n\t<meta name=\"twitter:data1\" content=\"2 minuuttia\" \/>\n<script type=\"application\/ld+json\" class=\"yoast-schema-graph\">{\"@context\":\"https:\/\/schema.org\",\"@graph\":[{\"@type\":\"WebPage\",\"@id\":\"https:\/\/hakuna-tv.com\/refunds\/\",\"url\":\"https:\/\/hakuna-tv.com\/refunds\/\",\"name\":\"Refund Policy - Hakuna IPTV : All-In-One Quality IPTV Service\",\"isPartOf\":{\"@id\":\"https:\/\/hakuna-tv.com\/#website\"},\"datePublished\":\"2023-10-04T19:42:46+00:00\",\"dateModified\":\"2025-05-15T01:26:28+00:00\",\"breadcrumb\":{\"@id\":\"https:\/\/hakuna-tv.com\/refunds\/#breadcrumb\"},\"inLanguage\":\"fi\",\"potentialAction\":[{\"@type\":\"ReadAction\",\"target\":[\"https:\/\/hakuna-tv.com\/refunds\/\"]}]},{\"@type\":\"BreadcrumbList\",\"@id\":\"https:\/\/hakuna-tv.com\/refunds\/#breadcrumb\",\"itemListElement\":[{\"@type\":\"ListItem\",\"position\":1,\"name\":\"Home\",\"item\":\"https:\/\/hakuna-tv.com\/\"},{\"@type\":\"ListItem\",\"position\":2,\"name\":\"Refund Policy\"}]},{\"@type\":\"WebSite\",\"@id\":\"https:\/\/hakuna-tv.com\/#website\",\"url\":\"https:\/\/hakuna-tv.com\/\",\"name\":\"Hakuna IPTV : All-In-One Quality IPTV Service\",\"description\":\"\",\"publisher\":{\"@id\":\"https:\/\/hakuna-tv.com\/#organization\"},\"potentialAction\":[{\"@type\":\"SearchAction\",\"target\":{\"@type\":\"EntryPoint\",\"urlTemplate\":\"https:\/\/hakuna-tv.com\/?s={search_term_string}\"},\"query-input\":{\"@type\":\"PropertyValueSpecification\",\"valueRequired\":true,\"valueName\":\"search_term_string\"}}],\"inLanguage\":\"fi\"},{\"@type\":\"Organization\",\"@id\":\"https:\/\/hakuna-tv.com\/#organization\",\"name\":\"Hakuna IPTV : All-In-One Quality IPTV Service\",\"url\":\"https:\/\/hakuna-tv.com\/\",\"logo\":{\"@type\":\"ImageObject\",\"inLanguage\":\"fi\",\"@id\":\"https:\/\/hakuna-tv.com\/#\/schema\/logo\/image\/\",\"url\":\"https:\/\/hakuna-tv.com\/wp-content\/uploads\/2023\/10\/cropped-hakunaiptv-logo.png\",\"contentUrl\":\"https:\/\/hakuna-tv.com\/wp-content\/uploads\/2023\/10\/cropped-hakunaiptv-logo.png\",\"width\":363,\"height\":342,\"caption\":\"Hakuna IPTV : All-In-One Quality IPTV Service\"},\"image\":{\"@id\":\"https:\/\/hakuna-tv.com\/#\/schema\/logo\/image\/\"}}]}<\/script>\n<!-- \/ Yoast SEO Premium plugin. -->","yoast_head_json":{"title":"Refund Policy - Hakuna IPTV : All-In-One Quality IPTV Service","robots":{"index":"index","follow":"follow","max-snippet":"max-snippet:-1","max-image-preview":"max-image-preview:large","max-video-preview":"max-video-preview:-1"},"canonical":"https:\/\/hakuna-tv.com\/hakuna-finl\/hyvitykset\/","og_locale":"fi_FI","og_type":"article","og_title":"Refund Policy","og_description":"Refund Policy At Hakuna TV, we are committed to providing high-quality services and ensuring customer satisfaction. To maintain the integrity and consistency of our operations, we have a strict No Refund Policy. By placing an order on our platform, customers agree to our terms and conditions as outlined below. 1-Day Pass Before Purchase We strongly ... Lue lis\u00e4\u00e4","og_url":"https:\/\/hakuna-tv.com\/hakuna-finl\/hyvitykset\/","og_site_name":"Hakuna IPTV : All-In-One Quality IPTV Service","article_modified_time":"2025-05-15T01:26:28+00:00","twitter_card":"summary_large_image","twitter_misc":{"Arvioitu lukuaika":"2 minuuttia"},"schema":{"@context":"https:\/\/schema.org","@graph":[{"@type":"WebPage","@id":"https:\/\/hakuna-tv.com\/refunds\/","url":"https:\/\/hakuna-tv.com\/refunds\/","name":"Refund Policy - Hakuna IPTV : All-In-One Quality IPTV Service","isPartOf":{"@id":"https:\/\/hakuna-tv.com\/#website"},"datePublished":"2023-10-04T19:42:46+00:00","dateModified":"2025-05-15T01:26:28+00:00","breadcrumb":{"@id":"https:\/\/hakuna-tv.com\/refunds\/#breadcrumb"},"inLanguage":"fi","potentialAction":[{"@type":"ReadAction","target":["https:\/\/hakuna-tv.com\/refunds\/"]}]},{"@type":"BreadcrumbList","@id":"https:\/\/hakuna-tv.com\/refunds\/#breadcrumb","itemListElement":[{"@type":"ListItem","position":1,"name":"Home","item":"https:\/\/hakuna-tv.com\/"},{"@type":"ListItem","position":2,"name":"Refund Policy"}]},{"@type":"WebSite","@id":"https:\/\/hakuna-tv.com\/#website","url":"https:\/\/hakuna-tv.com\/","name":"Hakuna IPTV : All-In-One Quality IPTV Service","description":"","publisher":{"@id":"https:\/\/hakuna-tv.com\/#organization"},"potentialAction":[{"@type":"SearchAction","target":{"@type":"EntryPoint","urlTemplate":"https:\/\/hakuna-tv.com\/?s={search_term_string}"},"query-input":{"@type":"PropertyValueSpecification","valueRequired":true,"valueName":"search_term_string"}}],"inLanguage":"fi"},{"@type":"Organization","@id":"https:\/\/hakuna-tv.com\/#organization","name":"Hakuna IPTV : All-In-One Quality IPTV Service","url":"https:\/\/hakuna-tv.com\/","logo":{"@type":"ImageObject","inLanguage":"fi","@id":"https:\/\/hakuna-tv.com\/#\/schema\/logo\/image\/","url":"https:\/\/hakuna-tv.com\/wp-content\/uploads\/2023\/10\/cropped-hakunaiptv-logo.png","contentUrl":"https:\/\/hakuna-tv.com\/wp-content\/uploads\/2023\/10\/cropped-hakunaiptv-logo.png","width":363,"height":342,"caption":"Hakuna IPTV : All-In-One Quality IPTV Service"},"image":{"@id":"https:\/\/hakuna-tv.com\/#\/schema\/logo\/image\/"}}]}},"_links":{"self":[{"href":"https:\/\/hakuna-tv.com\/hakuna-finl\/wp-json\/wp\/v2\/pages\/1251","targetHints":{"allow":["GET"]}}],"collection":[{"href":"https:\/\/hakuna-tv.com\/hakuna-finl\/wp-json\/wp\/v2\/pages"}],"about":[{"href":"https:\/\/hakuna-tv.com\/hakuna-finl\/wp-json\/wp\/v2\/types\/page"}],"author":[{"embeddable":true,"href":"https:\/\/hakuna-tv.com\/hakuna-finl\/wp-json\/wp\/v2\/users\/1"}],"replies":[{"embeddable":true,"href":"https:\/\/hakuna-tv.com\/hakuna-finl\/wp-json\/wp\/v2\/comments?post=1251"}],"version-history":[{"count":0,"href":"https:\/\/hakuna-tv.com\/hakuna-finl\/wp-json\/wp\/v2\/pages\/1251\/revisions"}],"wp:attachment":[{"href":"https:\/\/hakuna-tv.com\/hakuna-finl\/wp-json\/wp\/v2\/media?parent=1251"}],"curies":[{"name":"wp","href":"https:\/\/api.w.org\/{rel}","templated":true}]}}