{"id":1239,"date":"2023-10-04T19:33:14","date_gmt":"2023-10-04T19:33:14","guid":{"rendered":"https:\/\/hakuna-tv.com\/?page_id=1239"},"modified":"2025-11-05T05:22:52","modified_gmt":"2025-11-05T05:22:52","slug":"tietosuoja","status":"publish","type":"page","link":"https:\/\/hakuna-tv.com\/hakuna-finl\/tietosuoja\/","title":{"rendered":"Tietosuojak\u00e4yt\u00e4nt\u00f6"},"content":{"rendered":"<div data-elementor-type=\"wp-page\" data-elementor-id=\"1239\" class=\"elementor elementor-1239\" data-elementor-post-type=\"page\">\n\t\t\t\t\t\t<section class=\"elementor-section elementor-top-section elementor-element elementor-element-0f8a65f elementor-section-boxed elementor-section-height-default elementor-section-height-default\" data-id=\"0f8a65f\" data-element_type=\"section\" data-settings=\"{&quot;background_background&quot;:&quot;classic&quot;}\">\n\t\t\t\t\t\t\t<div class=\"elementor-background-overlay\"><\/div>\n\t\t\t\t\t\t\t<div class=\"elementor-container elementor-column-gap-default\">\n\t\t\t\t\t<div class=\"elementor-column elementor-col-100 elementor-top-column elementor-element elementor-element-d09dc73\" data-id=\"d09dc73\" data-element_type=\"column\">\n\t\t\t<div class=\"elementor-widget-wrap\">\n\t\t\t\t\t\t\t<\/div>\n\t\t<\/div>\n\t\t\t\t\t<\/div>\n\t\t<\/section>\n\t\t\t\t<section class=\"elementor-section elementor-top-section elementor-element elementor-element-b4cf129 elementor-section-full_width elementor-section-height-default elementor-section-height-default\" data-id=\"b4cf129\" data-element_type=\"section\" data-settings=\"{&quot;background_background&quot;:&quot;slideshow&quot;,&quot;background_slideshow_gallery&quot;:[],&quot;background_slideshow_loop&quot;:&quot;yes&quot;,&quot;background_slideshow_slide_duration&quot;:5000,&quot;background_slideshow_slide_transition&quot;:&quot;fade&quot;,&quot;background_slideshow_transition_duration&quot;:500}\">\n\t\t\t\t\t\t\t<div class=\"elementor-background-overlay\"><\/div>\n\t\t\t\t\t\t\t<div class=\"elementor-container elementor-column-gap-default\">\n\t\t\t\t\t<div class=\"elementor-column elementor-col-100 elementor-top-column elementor-element elementor-element-3ec8eeb\" data-id=\"3ec8eeb\" data-element_type=\"column\">\n\t\t\t<div class=\"elementor-widget-wrap elementor-element-populated\">\n\t\t\t\t\t\t<div class=\"elementor-element elementor-element-790724d elementor-widget elementor-widget-spacer\" data-id=\"790724d\" data-element_type=\"widget\" data-widget_type=\"spacer.default\">\n\t\t\t\t<div class=\"elementor-widget-container\">\n\t\t\t\t\t\t\t<div class=\"elementor-spacer\">\n\t\t\t<div class=\"elementor-spacer-inner\"><\/div>\n\t\t<\/div>\n\t\t\t\t\t\t<\/div>\n\t\t\t\t<\/div>\n\t\t\t\t<div class=\"elementor-element elementor-element-cdadb86 elementor-widget elementor-widget-heading\" data-id=\"cdadb86\" data-element_type=\"widget\" data-widget_type=\"heading.default\">\n\t\t\t\t<div class=\"elementor-widget-container\">\n\t\t\t\t\t<h2 class=\"elementor-heading-title elementor-size-default\">Tietosuojak\u00e4yt\u00e4nt\u00f6<\/h2>\t\t\t\t<\/div>\n\t\t\t\t<\/div>\n\t\t\t\t<div class=\"elementor-element elementor-element-ea50da2 elementor-widget elementor-widget-text-editor\" data-id=\"ea50da2\" data-element_type=\"widget\" data-widget_type=\"text-editor.default\">\n\t\t\t\t<div class=\"elementor-widget-container\">\n\t\t\t\t\t\t\t\t\t<p>Seuraavat yleiset myyntiehdot koskevat kaikkia hakuna-tv.com verkkokatalogissa suoritettuja tapahtumia.<\/p><p>Kaikki t\u00e4ll\u00e4 verkkosivustolla tehdyt tilaukset merkitsev\u00e4t asiakkaan ehdotonta ja peruuttamatonta hyv\u00e4ksynt\u00e4\u00e4 n\u00e4m\u00e4 ehdot.<\/p><p>1 artikla: Aihe<\/p><p>T\u00e4m\u00e4 sopimus on et\u00e4sopimus, jonka tarkoituksena on m\u00e4\u00e4ritt\u00e4\u00e4 osapuolten oikeudet ja velvollisuudet IPTV-tuotteiden myynnin yhteydess\u00e4 Internetiss\u00e4 myym\u00e4l\u00e4mme kautta.<\/p><p>Artikla 2 \u2013 Hinta<\/p><p>Tuotteidemme hinnat on ilmoitettu sis\u00e4lt\u00e4en kaikki verot (alv ja muut tilausp\u00e4iv\u00e4n\u00e4 voimassa olevat verot), ellei toisin mainita.<\/p><p>www.hakuna-tv.com pid\u00e4tt\u00e4\u00e4 oikeuden muuttaa hintojaan milloin tahansa, mutta tuote laskutetaan tilauksen vahvistamishetkell\u00e4 voimassa olevan hinnan ja saatavuuden mukaan.<\/p><p>3 artikla \u2013 M\u00e4\u00e4r\u00e4ykset<\/p><p>Voit tilata:<\/p><p>M\u00e4\u00e4rit\u00e4 valitut menetelm\u00e4t, esimerkiksi:<\/p><p>\u2022 Internetiss\u00e4: www.hakuna-tv.com<\/p><p>\u2022 WhatsAppin kautta maanantaista sunnuntaihin ymp\u00e4ri vuorokauden.<\/p><p>Artikla 4 \u2013 Tilauksesi vahvistus<\/p><p>Kaikki verkkosivuilla www.hakuna-tv.com n\u00e4kyv\u00e4t tilaukset merkitsev\u00e4t n\u00e4iden yleisten k\u00e4ytt\u00f6ehtojen hyv\u00e4ksymist\u00e4. Jokainen tilausvahvistus tarkoittaa, ett\u00e4 hyv\u00e4ksyt n\u00e4m\u00e4 yleiset myyntiehdot ilman poikkeuksia tai varauksia.<\/p><p>Kaikki toimitetut tiedot ja tallennettu vahvistus katsotaan todisteeksi kaupasta.<\/p><p>Vakuutat, ett\u00e4 sinulla on t\u00e4ysi tieto t\u00e4st\u00e4.<\/p><p>Yhteenveto tilaustiedoistasi ja n\u00e4ist\u00e4 k\u00e4ytt\u00f6ehdoista l\u00e4hetet\u00e4\u00e4n sinulle pyynn\u00f6st\u00e4 PDF-muodossa s\u00e4hk\u00f6postiosoitteeseen.<\/p><p>Artikla 5 \u2013 Maksaminen Maksaaksesi tilauksesi, valitse maksusivulta yksi www.hakuna-tv.com:n tarjoamista maksutavoista.<\/p><p>T\u00e4ss\u00e4 tapauksessa tapahtuma siirret\u00e4\u00e4n tililt\u00e4si v\u00e4litt\u00f6m\u00e4sti toimitusvahvistuksen kanssa.<\/p><p>Kuluttaja takaa HAKUNA IPTV:lle, ett\u00e4 h\u00e4nell\u00e4 on tilauslomakkeen vahvistamisen aikana tarvittavat valtuudet k\u00e4ytt\u00e4\u00e4 valitsemaansa maksutapaa.<\/p><p>Luottokortilla maksamisessa noudatetaan maksuv\u00e4lineiden vilpillisen k\u00e4yt\u00f6n s\u00e4\u00e4nn\u00f6ksi\u00e4, joista m\u00e4\u00e4r\u00e4t\u00e4\u00e4n kuluttajan ja kortin my\u00f6nt\u00e4j\u00e4n v\u00e4lill\u00e4 www.hakuna-tv.com:n ja h\u00e4nen pankinsa v\u00e4lill\u00e4 tehdyiss\u00e4 sopimuksissa. .<\/p><p>Tilauksesi vahvistus velvoittaa sinut maksamaan ilmoitetun hinnan.<\/p><p>Artikla 6 \u2013 Saatavuus<\/p><p>Tuotteitamme tarjotaan niin kauan kuin ne ovat n\u00e4ht\u00e4vill\u00e4 verkkosivuilla www.hakuna-tv.com ja k\u00e4ytett\u00e4viss\u00e4 olevien varastojen rajoissa.<\/p><p>Mik\u00e4li tuotetta ei ole saatavilla tilauksen j\u00e4lkeen, ilmoitamme sinulle s\u00e4hk\u00f6postitse. Tilauksesi peruuntuu automaattisesti eik\u00e4 pankkiveloitusta perit\u00e4.<\/p><p>Artikla 7 \u2013 Toimitus<\/p><p>Tuotteet toimitetaan tilausprosessin aikana ilmoitettuun s\u00e4hk\u00f6postiosoitteeseen tai puhelinnumeroon (Whatsapp) tilausvahvistussivulla mainitun ajan kuluessa.<\/p><p>Toimituksen viiv\u00e4styess\u00e4 saat s\u00e4hk\u00f6postiviestin, jossa kerrotaan mahdollisista vaikutuksista sinulle ilmoitettuun toimitusaikaan.<\/p><p>8 artikla \u2013 Takuu<\/p><p>Kaikilla tuotteillamme on lakis\u00e4\u00e4teinen vaatimustenmukaisuustakuu ja takuu piilevi\u00e4 vikoja vastaan. Mik\u00e4li myyty tuote ei ole vaatimustenmukainen, se voidaan palauttaa.<\/p><p>Kaikki valitukset ja palautuspyynn\u00f6t tulee tehd\u00e4 s\u00e4hk\u00f6postitse: 48 tunnin kuluessa toimituksesta.<\/p><p>9 artikla \u2013 Todisteiden arkistointi<\/p><p>Hakuna-IPTV arkistoi tilaukset ja laskut luotettavalle ja kest\u00e4v\u00e4lle v\u00e4lineelle, joka on siviililain mukainen uskollinen kopio.<\/p><p>10 artikla \u2013 Ylivoimainen este<\/p><p>www.hakuna-tv.com on velvollinen t\u00e4ytt\u00e4m\u00e4\u00e4n velvoitteensa vain, ellei ylivoimainen este est\u00e4 t\u00e4t\u00e4<\/p>\t\t\t\t\t\t\t\t<\/div>\n\t\t\t\t<\/div>\n\t\t\t\t<div class=\"elementor-element elementor-element-d3c3526 elementor-widget elementor-widget-spacer\" data-id=\"d3c3526\" data-element_type=\"widget\" data-widget_type=\"spacer.default\">\n\t\t\t\t<div class=\"elementor-widget-container\">\n\t\t\t\t\t\t\t<div class=\"elementor-spacer\">\n\t\t\t<div class=\"elementor-spacer-inner\"><\/div>\n\t\t<\/div>\n\t\t\t\t\t\t<\/div>\n\t\t\t\t<\/div>\n\t\t\t\t\t<\/div>\n\t\t<\/div>\n\t\t\t\t\t<\/div>\n\t\t<\/section>\n\t\t\t\t<\/div>","protected":false},"excerpt":{"rendered":"<p>Yksityisyyden suoja Seuraavat yleiset myyntiehdot koskevat kaikkia hakuna-tv.com-verkkoluettelossa suoritettuja tapahtumia. Kaikki t\u00e4ll\u00e4 verkkosivustolla tehdyt tilaukset merkitsev\u00e4t asiakkaan ehdotonta ja peruuttamatonta hyv\u00e4ksynt\u00e4\u00e4 n\u00e4m\u00e4 ehdot. Artikla 1: Kohde T\u00e4m\u00e4 sopimus on et\u00e4sopimus, jonka tarkoituksena on m\u00e4\u00e4ritt\u00e4\u00e4 osapuolten oikeudet ja velvollisuudet\u2026 <a title=\"Tietosuojak\u00e4yt\u00e4nt\u00f6\" class=\"read-more\" href=\"https:\/\/hakuna-tv.com\/hakuna-finl\/tietosuoja\/\" aria-label=\"Lue lis\u00e4\u00e4 aiheesta Tietosuojak\u00e4yt\u00e4nt\u00f6\">Lue lis\u00e4\u00e4<\/a><\/p>","protected":false},"author":1,"featured_media":0,"parent":0,"menu_order":0,"comment_status":"closed","ping_status":"closed","template":"","meta":{"_glsr_average":0,"_glsr_ranking":0,"_glsr_reviews":0,"footnotes":""},"class_list":["post-1239","page","type-page","status-publish"],"yoast_head":"<!-- This site is optimized with the Yoast SEO Premium plugin v25.4 (Yoast SEO v25.4) - https:\/\/yoast.com\/wordpress\/plugins\/seo\/ -->\n<title>Privacy Policy - Hakuna IPTV : All-In-One Quality IPTV Service<\/title>\n<meta name=\"robots\" content=\"index, follow, max-snippet:-1, max-image-preview:large, max-video-preview:-1\" \/>\n<link rel=\"canonical\" href=\"https:\/\/hakuna-tv.com\/hakuna-finl\/tietosuoja\/\" \/>\n<meta property=\"og:locale\" content=\"fi_FI\" \/>\n<meta property=\"og:type\" content=\"article\" \/>\n<meta property=\"og:title\" content=\"Privacy Policy\" \/>\n<meta property=\"og:description\" content=\"Privacy Policy The following general conditions of sale govern all transactions carried out in the hakuna-tv.com web catalog. All orders placed on this website imply the unconditional and irrevocable acceptance by the customer of these conditions. Article 1: Subject This Agreement is a distance contract aimed at determining the rights and obligations of the parties ... Lue lis\u00e4\u00e4\" \/>\n<meta property=\"og:url\" content=\"https:\/\/hakuna-tv.com\/hakuna-finl\/tietosuoja\/\" \/>\n<meta property=\"og:site_name\" content=\"Hakuna IPTV : All-In-One Quality IPTV Service\" \/>\n<meta property=\"article:modified_time\" content=\"2025-11-05T05:22:52+00:00\" \/>\n<meta name=\"twitter:card\" content=\"summary_large_image\" \/>\n<meta name=\"twitter:label1\" content=\"Arvioitu lukuaika\" \/>\n\t<meta name=\"twitter:data1\" content=\"3 minuuttia\" \/>\n<script type=\"application\/ld+json\" class=\"yoast-schema-graph\">{\"@context\":\"https:\/\/schema.org\",\"@graph\":[{\"@type\":\"WebPage\",\"@id\":\"https:\/\/hakuna-tv.com\/data-protection\/\",\"url\":\"https:\/\/hakuna-tv.com\/data-protection\/\",\"name\":\"Privacy Policy - Hakuna IPTV : All-In-One Quality IPTV Service\",\"isPartOf\":{\"@id\":\"https:\/\/hakuna-tv.com\/#website\"},\"datePublished\":\"2023-10-04T19:33:14+00:00\",\"dateModified\":\"2025-11-05T05:22:52+00:00\",\"breadcrumb\":{\"@id\":\"https:\/\/hakuna-tv.com\/data-protection\/#breadcrumb\"},\"inLanguage\":\"fi\",\"potentialAction\":[{\"@type\":\"ReadAction\",\"target\":[\"https:\/\/hakuna-tv.com\/data-protection\/\"]}]},{\"@type\":\"BreadcrumbList\",\"@id\":\"https:\/\/hakuna-tv.com\/data-protection\/#breadcrumb\",\"itemListElement\":[{\"@type\":\"ListItem\",\"position\":1,\"name\":\"Home\",\"item\":\"https:\/\/hakuna-tv.com\/\"},{\"@type\":\"ListItem\",\"position\":2,\"name\":\"Privacy Policy\"}]},{\"@type\":\"WebSite\",\"@id\":\"https:\/\/hakuna-tv.com\/#website\",\"url\":\"https:\/\/hakuna-tv.com\/\",\"name\":\"Hakuna IPTV : All-In-One Quality IPTV Service\",\"description\":\"\",\"publisher\":{\"@id\":\"https:\/\/hakuna-tv.com\/#organization\"},\"potentialAction\":[{\"@type\":\"SearchAction\",\"target\":{\"@type\":\"EntryPoint\",\"urlTemplate\":\"https:\/\/hakuna-tv.com\/?s={search_term_string}\"},\"query-input\":{\"@type\":\"PropertyValueSpecification\",\"valueRequired\":true,\"valueName\":\"search_term_string\"}}],\"inLanguage\":\"fi\"},{\"@type\":\"Organization\",\"@id\":\"https:\/\/hakuna-tv.com\/#organization\",\"name\":\"Hakuna IPTV : All-In-One Quality IPTV Service\",\"url\":\"https:\/\/hakuna-tv.com\/\",\"logo\":{\"@type\":\"ImageObject\",\"inLanguage\":\"fi\",\"@id\":\"https:\/\/hakuna-tv.com\/#\/schema\/logo\/image\/\",\"url\":\"https:\/\/hakuna-tv.com\/wp-content\/uploads\/2023\/10\/cropped-hakunaiptv-logo.png\",\"contentUrl\":\"https:\/\/hakuna-tv.com\/wp-content\/uploads\/2023\/10\/cropped-hakunaiptv-logo.png\",\"width\":363,\"height\":342,\"caption\":\"Hakuna IPTV : All-In-One Quality IPTV Service\"},\"image\":{\"@id\":\"https:\/\/hakuna-tv.com\/#\/schema\/logo\/image\/\"}}]}<\/script>\n<!-- \/ Yoast SEO Premium plugin. -->","yoast_head_json":{"title":"Privacy Policy - Hakuna IPTV : All-In-One Quality IPTV Service","robots":{"index":"index","follow":"follow","max-snippet":"max-snippet:-1","max-image-preview":"max-image-preview:large","max-video-preview":"max-video-preview:-1"},"canonical":"https:\/\/hakuna-tv.com\/hakuna-finl\/tietosuoja\/","og_locale":"fi_FI","og_type":"article","og_title":"Privacy Policy","og_description":"Privacy Policy The following general conditions of sale govern all transactions carried out in the hakuna-tv.com web catalog. All orders placed on this website imply the unconditional and irrevocable acceptance by the customer of these conditions. Article 1: Subject This Agreement is a distance contract aimed at determining the rights and obligations of the parties ... Lue lis\u00e4\u00e4","og_url":"https:\/\/hakuna-tv.com\/hakuna-finl\/tietosuoja\/","og_site_name":"Hakuna IPTV : All-In-One Quality IPTV Service","article_modified_time":"2025-11-05T05:22:52+00:00","twitter_card":"summary_large_image","twitter_misc":{"Arvioitu lukuaika":"3 minuuttia"},"schema":{"@context":"https:\/\/schema.org","@graph":[{"@type":"WebPage","@id":"https:\/\/hakuna-tv.com\/data-protection\/","url":"https:\/\/hakuna-tv.com\/data-protection\/","name":"Privacy Policy - Hakuna IPTV : All-In-One Quality IPTV Service","isPartOf":{"@id":"https:\/\/hakuna-tv.com\/#website"},"datePublished":"2023-10-04T19:33:14+00:00","dateModified":"2025-11-05T05:22:52+00:00","breadcrumb":{"@id":"https:\/\/hakuna-tv.com\/data-protection\/#breadcrumb"},"inLanguage":"fi","potentialAction":[{"@type":"ReadAction","target":["https:\/\/hakuna-tv.com\/data-protection\/"]}]},{"@type":"BreadcrumbList","@id":"https:\/\/hakuna-tv.com\/data-protection\/#breadcrumb","itemListElement":[{"@type":"ListItem","position":1,"name":"Home","item":"https:\/\/hakuna-tv.com\/"},{"@type":"ListItem","position":2,"name":"Privacy Policy"}]},{"@type":"WebSite","@id":"https:\/\/hakuna-tv.com\/#website","url":"https:\/\/hakuna-tv.com\/","name":"Hakuna IPTV : All-In-One Quality IPTV Service","description":"","publisher":{"@id":"https:\/\/hakuna-tv.com\/#organization"},"potentialAction":[{"@type":"SearchAction","target":{"@type":"EntryPoint","urlTemplate":"https:\/\/hakuna-tv.com\/?s={search_term_string}"},"query-input":{"@type":"PropertyValueSpecification","valueRequired":true,"valueName":"search_term_string"}}],"inLanguage":"fi"},{"@type":"Organization","@id":"https:\/\/hakuna-tv.com\/#organization","name":"Hakuna IPTV : All-In-One Quality IPTV Service","url":"https:\/\/hakuna-tv.com\/","logo":{"@type":"ImageObject","inLanguage":"fi","@id":"https:\/\/hakuna-tv.com\/#\/schema\/logo\/image\/","url":"https:\/\/hakuna-tv.com\/wp-content\/uploads\/2023\/10\/cropped-hakunaiptv-logo.png","contentUrl":"https:\/\/hakuna-tv.com\/wp-content\/uploads\/2023\/10\/cropped-hakunaiptv-logo.png","width":363,"height":342,"caption":"Hakuna IPTV : All-In-One Quality IPTV Service"},"image":{"@id":"https:\/\/hakuna-tv.com\/#\/schema\/logo\/image\/"}}]}},"_links":{"self":[{"href":"https:\/\/hakuna-tv.com\/hakuna-finl\/wp-json\/wp\/v2\/pages\/1239","targetHints":{"allow":["GET"]}}],"collection":[{"href":"https:\/\/hakuna-tv.com\/hakuna-finl\/wp-json\/wp\/v2\/pages"}],"about":[{"href":"https:\/\/hakuna-tv.com\/hakuna-finl\/wp-json\/wp\/v2\/types\/page"}],"author":[{"embeddable":true,"href":"https:\/\/hakuna-tv.com\/hakuna-finl\/wp-json\/wp\/v2\/users\/1"}],"replies":[{"embeddable":true,"href":"https:\/\/hakuna-tv.com\/hakuna-finl\/wp-json\/wp\/v2\/comments?post=1239"}],"version-history":[{"count":3,"href":"https:\/\/hakuna-tv.com\/hakuna-finl\/wp-json\/wp\/v2\/pages\/1239\/revisions"}],"predecessor-version":[{"id":3066,"href":"https:\/\/hakuna-tv.com\/hakuna-finl\/wp-json\/wp\/v2\/pages\/1239\/revisions\/3066"}],"wp:attachment":[{"href":"https:\/\/hakuna-tv.com\/hakuna-finl\/wp-json\/wp\/v2\/media?parent=1239"}],"curies":[{"name":"wp","href":"https:\/\/api.w.org\/{rel}","templated":true}]}}