{"id":1262,"date":"2023-10-04T19:52:34","date_gmt":"2023-10-04T19:52:34","guid":{"rendered":"https:\/\/hakuna-tv.com\/?page_id=1262"},"modified":"2023-10-04T19:54:39","modified_gmt":"2023-10-04T19:54:39","slug":"dsgvo-richtlinie","status":"publish","type":"page","link":"https:\/\/hakuna-tv.com\/hakuna-deut\/dsgvo-richtlinie\/","title":{"rendered":"GDPR Policy"},"content":{"rendered":"<div data-elementor-type=\"wp-page\" data-elementor-id=\"1262\" class=\"elementor elementor-1262\" data-elementor-post-type=\"page\">\n\t\t\t\t\t\t<section class=\"elementor-section elementor-top-section elementor-element elementor-element-0f8a65f elementor-section-boxed elementor-section-height-default elementor-section-height-default\" data-id=\"0f8a65f\" data-element_type=\"section\" data-e-type=\"section\" data-settings=\"{&quot;background_background&quot;:&quot;classic&quot;}\">\n\t\t\t\t\t\t\t<div class=\"elementor-background-overlay\"><\/div>\n\t\t\t\t\t\t\t<div class=\"elementor-container elementor-column-gap-default\">\n\t\t\t\t\t<div class=\"elementor-column elementor-col-100 elementor-top-column elementor-element elementor-element-d09dc73\" data-id=\"d09dc73\" data-element_type=\"column\" data-e-type=\"column\">\n\t\t\t<div class=\"elementor-widget-wrap\">\n\t\t\t\t\t\t\t<\/div>\n\t\t<\/div>\n\t\t\t\t\t<\/div>\n\t\t<\/section>\n\t\t\t\t<section class=\"elementor-section elementor-top-section elementor-element elementor-element-b4cf129 elementor-section-full_width elementor-section-height-default elementor-section-height-default\" data-id=\"b4cf129\" data-element_type=\"section\" data-e-type=\"section\" data-settings=\"{&quot;background_background&quot;:&quot;slideshow&quot;,&quot;background_slideshow_gallery&quot;:[],&quot;background_slideshow_loop&quot;:&quot;yes&quot;,&quot;background_slideshow_slide_duration&quot;:5000,&quot;background_slideshow_slide_transition&quot;:&quot;fade&quot;,&quot;background_slideshow_transition_duration&quot;:500}\">\n\t\t\t\t\t\t\t<div class=\"elementor-background-overlay\"><\/div>\n\t\t\t\t\t\t\t<div class=\"elementor-container elementor-column-gap-default\">\n\t\t\t\t\t<div class=\"elementor-column elementor-col-100 elementor-top-column elementor-element elementor-element-3ec8eeb\" data-id=\"3ec8eeb\" data-element_type=\"column\" data-e-type=\"column\">\n\t\t\t<div class=\"elementor-widget-wrap elementor-element-populated\">\n\t\t\t\t\t\t<div class=\"elementor-element elementor-element-790724d elementor-widget elementor-widget-spacer\" data-id=\"790724d\" data-element_type=\"widget\" data-e-type=\"widget\" data-widget_type=\"spacer.default\">\n\t\t\t\t<div class=\"elementor-widget-container\">\n\t\t\t\t\t\t\t<div class=\"elementor-spacer\">\n\t\t\t<div class=\"elementor-spacer-inner\"><\/div>\n\t\t<\/div>\n\t\t\t\t\t\t<\/div>\n\t\t\t\t<\/div>\n\t\t\t\t<div class=\"elementor-element elementor-element-cdadb86 elementor-widget elementor-widget-heading\" data-id=\"cdadb86\" data-element_type=\"widget\" data-e-type=\"widget\" data-widget_type=\"heading.default\">\n\t\t\t\t<div class=\"elementor-widget-container\">\n\t\t\t\t\t<h2 class=\"elementor-heading-title elementor-size-default\">DSGVO-Richtlinie \u2013 Hakuna IPTV<\/h2>\t\t\t\t<\/div>\n\t\t\t\t<\/div>\n\t\t\t\t<div class=\"elementor-element elementor-element-ea50da2 elementor-widget elementor-widget-text-editor\" data-id=\"ea50da2\" data-element_type=\"widget\" data-e-type=\"widget\" data-widget_type=\"text-editor.default\">\n\t\t\t\t<div class=\"elementor-widget-container\">\n\t\t\t\t\t\t\t\t\t<div class=\"elementor-element elementor-element-9ebf88b elementor-widget elementor-widget-text-editor\" data-id=\"9ebf88b\" data-element_type=\"widget\" data-widget_type=\"text-editor.default\"><div class=\"elementor-widget-container\"><div id=\"content\" class=\"site-content\"><div class=\"ast-container\"><div id=\"primary\" class=\"content-area primary\"><main id=\"main\" class=\"site-main\"><article id=\"post-4121\" class=\"post-4121 page type-page status-publish ast-article-single\"><div class=\"entry-content clear\"><div class=\"elementor elementor-4121\" data-elementor-type=\"wp-page\" data-elementor-id=\"4121\"><section class=\"elementor-section elementor-top-section elementor-element elementor-element-ccd8f0b elementor-section-boxed elementor-section-height-default elementor-section-height-default\" data-particle_enable=\"false\" data-particle-mobile-disabled=\"false\" data-id=\"ccd8f0b\" data-element_type=\"section\"><div class=\"elementor-container elementor-column-gap-default\"><div class=\"elementor-column elementor-col-100 elementor-top-column elementor-element elementor-element-a6e4cb1\" data-id=\"a6e4cb1\" data-element_type=\"column\"><div class=\"elementor-widget-wrap elementor-element-populated\"><div class=\"elementor-element elementor-element-3879892 elementor-widget elementor-widget-text-editor\" data-id=\"3879892\" data-element_type=\"widget\" data-widget_type=\"text-editor.default\"><div class=\"elementor-widget-container\"><p>Datum des Inkrafttretens: 5. April 2018<\/p><\/div><\/div><div class=\"elementor-element elementor-element-2a780ac elementor-widget elementor-widget-text-editor\" data-id=\"2a780ac\" data-element_type=\"widget\" data-widget_type=\"text-editor.default\"><div class=\"elementor-widget-container\"><p>Bei Hakuna IPTV verpflichten wir uns, die pers\u00f6nlichen Daten unserer Nutzer zu sch\u00fctzen und die EU-Datenschutz-Grundverordnung (\u201eDSGVO\u201c) und andere geltende Datenschutzgesetze einzuhalten.<br \/><br \/>Datenerhebung und -nutzung<br \/>Wir erheben und verarbeiten personenbezogene Daten unserer Nutzer, um unsere Dienste wie Kontoerstellung, Abonnementverwaltung und Kundensupport bereitzustellen. Zu den von uns erfassten personenbezogenen Daten k\u00f6nnen Ihr Name, Ihre E-Mail-Adresse, Ihre Telefonnummer, Rechnungsinformationen und andere Informationen geh\u00f6ren, die Sie uns freiwillig zur Verf\u00fcgung stellen.<br \/><br \/>Wir verarbeiten personenbezogene Daten nur f\u00fcr rechtm\u00e4\u00dfige Zwecke und verwenden sie nicht f\u00fcr Zwecke, die mit dem urspr\u00fcnglichen Zweck, f\u00fcr den sie erhoben wurden, unvereinbar sind. Bevor wir Ihre personenbezogenen Daten f\u00fcr andere Zwecke verwenden, holen wir Ihr Einverst\u00e4ndnis ein.<br \/><br \/>Privatsph\u00e4re<br \/>Wir ergreifen geeignete technische und organisatorische Ma\u00dfnahmen, um die Sicherheit Ihrer personenbezogenen Daten zu gew\u00e4hrleisten, einschlie\u00dflich des Schutzes vor unbefugter oder rechtswidriger Verarbeitung, unbeabsichtigtem Verlust, Zerst\u00f6rung oder Besch\u00e4digung. Wir haben Sicherheitsma\u00dfnahmen wie Verschl\u00fcsselung, Firewalls und Zugriffskontrollen implementiert, um Ihre pers\u00f6nlichen Daten zu sch\u00fctzen.<br \/><br \/>Rechte der betroffenen Person<br \/>Sie haben das Recht auf Auskunft, Berichtigung, L\u00f6schung, Einschr\u00e4nkung und Widerspruch gegen die Verarbeitung Ihrer personenbezogenen Daten. Sie haben au\u00dferdem das Recht auf Daten\u00fcbertragbarkeit und das Recht, Ihre Einwilligung jederzeit zu widerrufen.<br \/><br \/>Um eines dieser Rechte auszu\u00fcben oder eine Beschwerde \u00fcber die Verarbeitung Ihrer personenbezogenen Daten durch uns einzureichen, kontaktieren Sie uns bitte \u00fcber die am Ende dieser DSGVO-Richtlinie angegebenen Kontaktinformationen.<br \/><br \/>Daten\u00fcbertragungen<br \/>Wir k\u00f6nnen Ihre personenbezogenen Daten au\u00dferhalb des Europ\u00e4ischen Wirtschaftsraums (\u201eEWR\u201c) an Dritte weitergeben, einschlie\u00dflich unserer Dienstleister und Partner. Wir geben Ihre pers\u00f6nlichen Daten nur an Dritte weiter, die \u00fcber angemessene Sicherheitsvorkehrungen zum Schutz Ihrer pers\u00f6nlichen Daten verf\u00fcgen.<br \/><br \/>Vorratsdatenspeicherung<br \/>Wir bewahren Ihre personenbezogenen Daten so lange auf, wie es f\u00fcr die Erbringung unserer Dienstleistungen f\u00fcr Sie und die Einhaltung gesetzlicher Verpflichtungen erforderlich ist. Wenn Ihre pers\u00f6nlichen Daten f\u00fcr diese Zwecke nicht mehr ben\u00f6tigt werden, werden wir sie sicher l\u00f6schen oder anonymisieren.<br \/><br \/>Aktualisierungen dieser DSGVO-Richtlinie<br \/>Wir k\u00f6nnen diese DSGVO-Richtlinie von Zeit zu Zeit aktualisieren, um \u00c4nderungen in unseren Praktiken oder rechtlichen Anforderungen Rechnung zu tragen. Wir empfehlen Ihnen, diese DSGVO-Richtlinie regelm\u00e4\u00dfig auf \u00c4nderungen zu \u00fcberpr\u00fcfen.<br \/><br \/>Kontaktiere uns<br \/>Wenn Sie Fragen oder Bedenken hinsichtlich unserer Verarbeitung Ihrer personenbezogenen Daten haben oder Ihre Rechte als betroffene Person aus\u00fcben m\u00f6chten, kontaktieren Sie uns bitte unter:<br \/><br \/>Hakuna IPTV<br \/>contact@hakuna-iptv.com<\/p><\/div><\/div><\/div><\/div><\/div><\/section><\/div><\/div><\/article><\/main><\/div><\/div><\/div><footer id=\"colophon\" class=\"site-footer\"><div class=\"site-primary-footer-wrap ast-builder-grid-row-container site-footer-focus-item ast-builder-grid-row-4-equal ast-builder-grid-row-tablet-4-equal ast-builder-grid-row-mobile-full ast-footer-row-stack ast-footer-row-tablet-stack ast-footer-row-mobile-stack\" data-section=\"section-primary-footer-builder\"><div class=\"ast-builder-grid-row-container-inner\"><div class=\"ast-builder-footer-grid-columns site-primary-footer-inner-wrap ast-builder-grid-row\"><div class=\"site-footer-primary-section-1 site-footer-section site-footer-section-1\"><div class=\"ast-builder-layout-element ast-flex site-footer-focus-item ast-footer-copyright\" data-section=\"section-footer-builder\"><div class=\"ast-footer-copyright\">\u00a0<\/div><\/div><\/div><\/div><\/div><\/div><\/footer><\/div><\/div>\t\t\t\t\t\t\t\t<\/div>\n\t\t\t\t<\/div>\n\t\t\t\t<div class=\"elementor-element elementor-element-d3c3526 elementor-widget elementor-widget-spacer\" data-id=\"d3c3526\" data-element_type=\"widget\" data-e-type=\"widget\" data-widget_type=\"spacer.default\">\n\t\t\t\t<div class=\"elementor-widget-container\">\n\t\t\t\t\t\t\t<div class=\"elementor-spacer\">\n\t\t\t<div class=\"elementor-spacer-inner\"><\/div>\n\t\t<\/div>\n\t\t\t\t\t\t<\/div>\n\t\t\t\t<\/div>\n\t\t\t\t\t<\/div>\n\t\t<\/div>\n\t\t\t\t\t<\/div>\n\t\t<\/section>\n\t\t\t\t<\/div>","protected":false},"excerpt":{"rendered":"<p>DSGVO-Richtlinie \u2013 Hakuna IPTV Datum des Inkrafttretens: 5. April 2018 Bei Hakuna IPTV verpflichten wir uns, die pers\u00f6nlichen Daten unserer Benutzer zu sch\u00fctzen und die EU-Datenschutzgrundverordnung (\u201eDSGVO\u201c) und andere geltende Datenschutzgesetze einzuhalten. Datenerhebung und -verwendung Wir erheben und verarbeiten personenbezogene Daten unserer Nutzer zur Bereitstellung unserer Dienste wie \u2026 <a title=\"GDPR Policy\" class=\"read-more\" href=\"https:\/\/hakuna-tv.com\/hakuna-deut\/dsgvo-richtlinie\/\" aria-label=\"Weitere Informationen zur DSGVO-Richtlinie\">Weiterlesen \u2026<\/a><\/p>","protected":false},"author":1,"featured_media":0,"parent":0,"menu_order":0,"comment_status":"closed","ping_status":"closed","template":"","meta":{"footnotes":""},"class_list":["post-1262","page","type-page","status-publish"],"yoast_head":"<!-- This site is optimized with the Yoast SEO plugin v27.5 - https:\/\/yoast.com\/product\/yoast-seo-wordpress\/ -->\n<title>GDPR Policy - Hakuna IPTV : All-In-One Quality IPTV Service<\/title>\n<meta name=\"robots\" content=\"index, follow, max-snippet:-1, max-image-preview:large, max-video-preview:-1\" \/>\n<link rel=\"canonical\" href=\"https:\/\/hakuna-tv.com\/hakuna-deut\/dsgvo-richtlinie\/\" \/>\n<meta property=\"og:locale\" content=\"de_DE\" \/>\n<meta property=\"og:type\" content=\"article\" \/>\n<meta property=\"og:title\" content=\"GDPR Policy - Hakuna IPTV : All-In-One Quality IPTV Service\" \/>\n<meta property=\"og:description\" content=\"GDPR Policy &#8211; Hakuna IPTV Effective Date: April 5, 2018 At Hakuna IPTV, we are committed to protecting our users&#8217; personal information and complying with the EU General Data Protection Regulation (\u201cGDPR\u201d) and other applicable privacy laws. Data Collection and UseWe collect and process personal data about our users to provide our services such as ... Weiterlesen ...\" \/>\n<meta property=\"og:url\" content=\"https:\/\/hakuna-tv.com\/hakuna-deut\/dsgvo-richtlinie\/\" \/>\n<meta property=\"og:site_name\" content=\"Hakuna IPTV : All-In-One Quality IPTV Service\" \/>\n<meta property=\"article:modified_time\" content=\"2023-10-04T19:54:39+00:00\" \/>\n<meta name=\"twitter:card\" content=\"summary_large_image\" \/>\n<meta name=\"twitter:label1\" content=\"Gesch\u00e4tzte Lesezeit\" \/>\n\t<meta name=\"twitter:data1\" content=\"14\u00a0Minuten\" \/>\n<script type=\"application\/ld+json\" class=\"yoast-schema-graph\">{\"@context\":\"https:\\\/\\\/schema.org\",\"@graph\":[{\"@type\":\"WebPage\",\"@id\":\"https:\\\/\\\/hakuna-tv.com\\\/gdpr-policy\\\/\",\"url\":\"https:\\\/\\\/hakuna-tv.com\\\/gdpr-policy\\\/\",\"name\":\"GDPR Policy - Hakuna IPTV : All-In-One Quality IPTV Service\",\"isPartOf\":{\"@id\":\"https:\\\/\\\/hakuna-tv.com\\\/hakuna-swedn\\\/#website\"},\"datePublished\":\"2023-10-04T19:52:34+00:00\",\"dateModified\":\"2023-10-04T19:54:39+00:00\",\"breadcrumb\":{\"@id\":\"https:\\\/\\\/hakuna-tv.com\\\/gdpr-policy\\\/#breadcrumb\"},\"inLanguage\":\"de\",\"potentialAction\":[{\"@type\":\"ReadAction\",\"target\":[\"https:\\\/\\\/hakuna-tv.com\\\/gdpr-policy\\\/\"]}]},{\"@type\":\"BreadcrumbList\",\"@id\":\"https:\\\/\\\/hakuna-tv.com\\\/gdpr-policy\\\/#breadcrumb\",\"itemListElement\":[{\"@type\":\"ListItem\",\"position\":1,\"name\":\"Home\",\"item\":\"https:\\\/\\\/hakuna-tv.com\\\/\"},{\"@type\":\"ListItem\",\"position\":2,\"name\":\"GDPR Policy\"}]},{\"@type\":\"WebSite\",\"@id\":\"https:\\\/\\\/hakuna-tv.com\\\/hakuna-swedn\\\/#website\",\"url\":\"https:\\\/\\\/hakuna-tv.com\\\/hakuna-swedn\\\/\",\"name\":\"Hakuna IPTV : All-In-One Quality IPTV Service\",\"description\":\"\",\"publisher\":{\"@id\":\"https:\\\/\\\/hakuna-tv.com\\\/hakuna-swedn\\\/#organization\"},\"potentialAction\":[{\"@type\":\"SearchAction\",\"target\":{\"@type\":\"EntryPoint\",\"urlTemplate\":\"https:\\\/\\\/hakuna-tv.com\\\/hakuna-swedn\\\/?s={search_term_string}\"},\"query-input\":{\"@type\":\"PropertyValueSpecification\",\"valueRequired\":true,\"valueName\":\"search_term_string\"}}],\"inLanguage\":\"de\"},{\"@type\":\"Organization\",\"@id\":\"https:\\\/\\\/hakuna-tv.com\\\/hakuna-swedn\\\/#organization\",\"name\":\"Hakuna IPTV : All-In-One Quality IPTV Service\",\"url\":\"https:\\\/\\\/hakuna-tv.com\\\/hakuna-swedn\\\/\",\"logo\":{\"@type\":\"ImageObject\",\"inLanguage\":\"de\",\"@id\":\"https:\\\/\\\/hakuna-tv.com\\\/hakuna-swedn\\\/#\\\/schema\\\/logo\\\/image\\\/\",\"url\":\"https:\\\/\\\/hakuna-tv.com\\\/wp-content\\\/uploads\\\/2023\\\/10\\\/cropped-hakunaiptv-logo.png\",\"contentUrl\":\"https:\\\/\\\/hakuna-tv.com\\\/wp-content\\\/uploads\\\/2023\\\/10\\\/cropped-hakunaiptv-logo.png\",\"width\":363,\"height\":342,\"caption\":\"Hakuna IPTV : All-In-One Quality IPTV Service\"},\"image\":{\"@id\":\"https:\\\/\\\/hakuna-tv.com\\\/hakuna-swedn\\\/#\\\/schema\\\/logo\\\/image\\\/\"}}]}<\/script>\n<!-- \/ Yoast SEO plugin. -->","yoast_head_json":{"title":"DSGVO-Richtlinie - Hakuna IPTV: All-in-One-IPTV-Dienst in Topqualit\u00e4t","robots":{"index":"index","follow":"follow","max-snippet":"max-snippet:-1","max-image-preview":"max-image-preview:large","max-video-preview":"max-video-preview:-1"},"canonical":"https:\/\/hakuna-tv.com\/hakuna-deut\/dsgvo-richtlinie\/","og_locale":"de_DE","og_type":"article","og_title":"GDPR Policy - Hakuna IPTV : All-In-One Quality IPTV Service","og_description":"GDPR Policy &#8211; Hakuna IPTV Effective Date: April 5, 2018 At Hakuna IPTV, we are committed to protecting our users&#8217; personal information and complying with the EU General Data Protection Regulation (\u201cGDPR\u201d) and other applicable privacy laws. Data Collection and UseWe collect and process personal data about our users to provide our services such as ... Weiterlesen ...","og_url":"https:\/\/hakuna-tv.com\/hakuna-deut\/dsgvo-richtlinie\/","og_site_name":"Hakuna IPTV : All-In-One Quality IPTV Service","article_modified_time":"2023-10-04T19:54:39+00:00","twitter_card":"summary_large_image","twitter_misc":{"Gesch\u00e4tzte Lesezeit":"14\u00a0Minuten"},"schema":{"@context":"https:\/\/schema.org","@graph":[{"@type":"WebPage","@id":"https:\/\/hakuna-tv.com\/gdpr-policy\/","url":"https:\/\/hakuna-tv.com\/gdpr-policy\/","name":"DSGVO-Richtlinie - Hakuna IPTV: All-in-One-IPTV-Dienst in Topqualit\u00e4t","isPartOf":{"@id":"https:\/\/hakuna-tv.com\/hakuna-swedn\/#website"},"datePublished":"2023-10-04T19:52:34+00:00","dateModified":"2023-10-04T19:54:39+00:00","breadcrumb":{"@id":"https:\/\/hakuna-tv.com\/gdpr-policy\/#breadcrumb"},"inLanguage":"de","potentialAction":[{"@type":"ReadAction","target":["https:\/\/hakuna-tv.com\/gdpr-policy\/"]}]},{"@type":"BreadcrumbList","@id":"https:\/\/hakuna-tv.com\/gdpr-policy\/#breadcrumb","itemListElement":[{"@type":"ListItem","position":1,"name":"Home","item":"https:\/\/hakuna-tv.com\/"},{"@type":"ListItem","position":2,"name":"GDPR Policy"}]},{"@type":"WebSite","@id":"https:\/\/hakuna-tv.com\/hakuna-swedn\/#website","url":"https:\/\/hakuna-tv.com\/hakuna-swedn\/","name":"Hakuna IPTV: All-in-One-Qualit\u00e4ts-IPTV-Dienst","description":"","publisher":{"@id":"https:\/\/hakuna-tv.com\/hakuna-swedn\/#organization"},"potentialAction":[{"@type":"SearchAction","target":{"@type":"EntryPoint","urlTemplate":"https:\/\/hakuna-tv.com\/hakuna-swedn\/?s={search_term_string}"},"query-input":{"@type":"PropertyValueSpecification","valueRequired":true,"valueName":"search_term_string"}}],"inLanguage":"de"},{"@type":"Organization","@id":"https:\/\/hakuna-tv.com\/hakuna-swedn\/#organization","name":"Hakuna IPTV: All-in-One-Qualit\u00e4ts-IPTV-Dienst","url":"https:\/\/hakuna-tv.com\/hakuna-swedn\/","logo":{"@type":"ImageObject","inLanguage":"de","@id":"https:\/\/hakuna-tv.com\/hakuna-swedn\/#\/schema\/logo\/image\/","url":"https:\/\/hakuna-tv.com\/wp-content\/uploads\/2023\/10\/cropped-hakunaiptv-logo.png","contentUrl":"https:\/\/hakuna-tv.com\/wp-content\/uploads\/2023\/10\/cropped-hakunaiptv-logo.png","width":363,"height":342,"caption":"Hakuna IPTV : All-In-One Quality IPTV Service"},"image":{"@id":"https:\/\/hakuna-tv.com\/hakuna-swedn\/#\/schema\/logo\/image\/"}}]}},"_links":{"self":[{"href":"https:\/\/hakuna-tv.com\/hakuna-deut\/wp-json\/wp\/v2\/pages\/1262","targetHints":{"allow":["GET"]}}],"collection":[{"href":"https:\/\/hakuna-tv.com\/hakuna-deut\/wp-json\/wp\/v2\/pages"}],"about":[{"href":"https:\/\/hakuna-tv.com\/hakuna-deut\/wp-json\/wp\/v2\/types\/page"}],"author":[{"embeddable":true,"href":"https:\/\/hakuna-tv.com\/hakuna-deut\/wp-json\/wp\/v2\/users\/1"}],"replies":[{"embeddable":true,"href":"https:\/\/hakuna-tv.com\/hakuna-deut\/wp-json\/wp\/v2\/comments?post=1262"}],"version-history":[{"count":0,"href":"https:\/\/hakuna-tv.com\/hakuna-deut\/wp-json\/wp\/v2\/pages\/1262\/revisions"}],"wp:attachment":[{"href":"https:\/\/hakuna-tv.com\/hakuna-deut\/wp-json\/wp\/v2\/media?parent=1262"}],"curies":[{"name":"wp","href":"https:\/\/api.w.org\/{rel}","templated":true}]}}