{"id":2382,"date":"2025-01-03T03:38:35","date_gmt":"2025-01-03T03:38:35","guid":{"rendered":"https:\/\/hakuna-tv.com\/?page_id=2382"},"modified":"2026-02-25T06:44:02","modified_gmt":"2026-02-25T06:44:02","slug":"abonner","status":"publish","type":"page","link":"https:\/\/hakuna-tv.com\/hakuna-danmk\/abonner\/","title":{"rendered":"Abonner p\u00e5 Hakuna TV"},"content":{"rendered":"<div data-elementor-type=\"wp-page\" data-elementor-id=\"2382\" class=\"elementor elementor-2382\" data-elementor-post-type=\"page\">\n\t\t\t\t\t\t<section class=\"elementor-section elementor-top-section elementor-element elementor-element-0f8a65f elementor-section-boxed elementor-section-height-default elementor-section-height-default\" data-id=\"0f8a65f\" data-element_type=\"section\" data-settings=\"{&quot;background_background&quot;:&quot;classic&quot;}\">\n\t\t\t\t\t\t\t<div class=\"elementor-background-overlay\"><\/div>\n\t\t\t\t\t\t\t<div class=\"elementor-container elementor-column-gap-default\">\n\t\t\t\t\t<div class=\"elementor-column elementor-col-100 elementor-top-column elementor-element elementor-element-d09dc73\" data-id=\"d09dc73\" data-element_type=\"column\">\n\t\t\t<div class=\"elementor-widget-wrap\">\n\t\t\t\t\t\t\t<\/div>\n\t\t<\/div>\n\t\t\t\t\t<\/div>\n\t\t<\/section>\n\t\t\t\t<section class=\"elementor-section elementor-top-section elementor-element elementor-element-b4cf129 elementor-section-full_width elementor-section-height-default elementor-section-height-default\" data-id=\"b4cf129\" data-element_type=\"section\" data-settings=\"{&quot;background_background&quot;:&quot;slideshow&quot;,&quot;background_slideshow_gallery&quot;:[],&quot;background_slideshow_loop&quot;:&quot;yes&quot;,&quot;background_slideshow_slide_duration&quot;:5000,&quot;background_slideshow_slide_transition&quot;:&quot;fade&quot;,&quot;background_slideshow_transition_duration&quot;:500}\">\n\t\t\t\t\t\t\t<div class=\"elementor-background-overlay\"><\/div>\n\t\t\t\t\t\t\t<div class=\"elementor-container elementor-column-gap-default\">\n\t\t\t\t\t<div class=\"elementor-column elementor-col-100 elementor-top-column elementor-element elementor-element-3ec8eeb\" data-id=\"3ec8eeb\" data-element_type=\"column\">\n\t\t\t<div class=\"elementor-widget-wrap elementor-element-populated\">\n\t\t\t\t\t\t<div class=\"elementor-element elementor-element-790724d elementor-widget elementor-widget-spacer\" data-id=\"790724d\" data-element_type=\"widget\" data-widget_type=\"spacer.default\">\n\t\t\t\t<div class=\"elementor-widget-container\">\n\t\t\t\t\t\t\t<div class=\"elementor-spacer\">\n\t\t\t<div class=\"elementor-spacer-inner\"><\/div>\n\t\t<\/div>\n\t\t\t\t\t\t<\/div>\n\t\t\t\t<\/div>\n\t\t\t\t<div class=\"elementor-element elementor-element-cdadb86 elementor-widget elementor-widget-heading\" data-id=\"cdadb86\" data-element_type=\"widget\" data-widget_type=\"heading.default\">\n\t\t\t\t<div class=\"elementor-widget-container\">\n\t\t\t\t\t<h2 class=\"elementor-heading-title elementor-size-default\">Vigtig information f\u00f8r du bestiller<\/h2>\t\t\t\t<\/div>\n\t\t\t\t<\/div>\n\t\t\t\t<div class=\"elementor-element elementor-element-680ffec elementor-widget elementor-widget-spacer\" data-id=\"680ffec\" data-element_type=\"widget\" data-widget_type=\"spacer.default\">\n\t\t\t\t<div class=\"elementor-widget-container\">\n\t\t\t\t\t\t\t<div class=\"elementor-spacer\">\n\t\t\t<div class=\"elementor-spacer-inner\"><\/div>\n\t\t<\/div>\n\t\t\t\t\t\t<\/div>\n\t\t\t\t<\/div>\n\t\t\t\t<div class=\"elementor-element elementor-element-ea50da2 elementor-widget elementor-widget-text-editor\" data-id=\"ea50da2\" data-element_type=\"widget\" data-widget_type=\"text-editor.default\">\n\t\t\t\t<div class=\"elementor-widget-container\">\n\t\t\t\t\t\t\t\t\t<p class=\"p1\">Tak fordi du overvejede Hakuna TV til dine IPTV-behov! For at sikre den bedste oplevelse for alle vores kunder, bedes du l\u00e6se f\u00f8lgende information omhyggeligt, f\u00f8r du afgiver din ordre.<\/p>\t\t\t\t\t\t\t\t<\/div>\n\t\t\t\t<\/div>\n\t\t\t\t<div class=\"elementor-element elementor-element-86f1216 elementor-widget elementor-widget-text-editor\" data-id=\"86f1216\" data-element_type=\"widget\" data-widget_type=\"text-editor.default\">\n\t\t\t\t<div class=\"elementor-widget-container\">\n\t\t\t\t\t\t\t\t\t<p class=\"p3\"><b>Pr\u00f8v vores 1-dagskort f\u00f8rst<\/b><b><\/b><\/p><p class=\"p1\">Vi anbefaler st\u00e6rkt at starte med vores <a href=\"https:\/\/hakuna-tv.com\/hakuna-danmk\/#trial\"><b>1-dags kort<\/b><\/a> at teste vores tjenester, f\u00f8r du forpligter dig til en m\u00e5nedlig eller \u00e5rlig pakke. Dette giver dig mulighed for at opleve kvaliteten og stabiliteten af vores tjenester p\u00e5 f\u00f8rste h\u00e5nd. N\u00e5r du er tilfreds, kan du forts\u00e6tte med at k\u00f8be en af vores l\u00e6ngerevarende pakker.<\/p>\t\t\t\t\t\t\t\t<\/div>\n\t\t\t\t<\/div>\n\t\t\t\t<div class=\"elementor-element elementor-element-2a80879 elementor-align-center elementor-mobile-align-center elementor-widget elementor-widget-button\" data-id=\"2a80879\" data-element_type=\"widget\" data-widget_type=\"button.default\">\n\t\t\t\t<div class=\"elementor-widget-container\">\n\t\t\t\t\t\t\t\t\t<div class=\"elementor-button-wrapper\">\n\t\t\t\t\t<a class=\"elementor-button elementor-button-link elementor-size-xs\" href=\"https:\/\/bit.ly\/4kLBOig\" target=\"_blank\" rel=\"nofollow\">\n\t\t\t\t\t\t<span class=\"elementor-button-content-wrapper\">\n\t\t\t\t\t\t\t\t\t<span class=\"elementor-button-text\">F\u00e5 dit 1-dagskort<\/span>\n\t\t\t\t\t<\/span>\n\t\t\t\t\t<\/a>\n\t\t\t\t<\/div>\n\t\t\t\t\t\t\t\t<\/div>\n\t\t\t\t<\/div>\n\t\t\t\t<div class=\"elementor-element elementor-element-938917b elementor-align-center elementor-mobile-align-center elementor-widget elementor-widget-button\" data-id=\"938917b\" data-element_type=\"widget\" data-widget_type=\"button.default\">\n\t\t\t\t<div class=\"elementor-widget-container\">\n\t\t\t\t\t<style>.elementor-element-938917b{display:none !important}<\/style>\t\t\t\t<\/div>\n\t\t\t\t<\/div>\n\t\t\t\t<div class=\"elementor-element elementor-element-d3c3526 elementor-widget elementor-widget-spacer\" data-id=\"d3c3526\" data-element_type=\"widget\" data-widget_type=\"spacer.default\">\n\t\t\t\t<div class=\"elementor-widget-container\">\n\t\t\t\t\t\t\t<div class=\"elementor-spacer\">\n\t\t\t<div class=\"elementor-spacer-inner\"><\/div>\n\t\t<\/div>\n\t\t\t\t\t\t<\/div>\n\t\t\t\t<\/div>\n\t\t\t\t<div class=\"elementor-element elementor-element-8864d5c elementor-widget elementor-widget-spacer\" data-id=\"8864d5c\" data-element_type=\"widget\" data-widget_type=\"spacer.default\">\n\t\t\t\t<div class=\"elementor-widget-container\">\n\t\t\t\t\t\t\t<div class=\"elementor-spacer\">\n\t\t\t<div class=\"elementor-spacer-inner\"><\/div>\n\t\t<\/div>\n\t\t\t\t\t\t<\/div>\n\t\t\t\t<\/div>\n\t\t\t\t<div class=\"elementor-element elementor-element-4f87a8c elementor-widget elementor-widget-text-editor\" data-id=\"4f87a8c\" data-element_type=\"widget\" data-widget_type=\"text-editor.default\">\n\t\t\t\t<div class=\"elementor-widget-container\">\n\t\t\t\t\t\t\t\t\t<h4 class=\"p1\"><strong>Bestil dit abonnement \u2013 Kontakt os<\/strong><b><\/b><\/h4><p class=\"p3\">For at afgive en ordre, bedes du kontakte os via <a href=\"https:\/\/go.crisp.chat\/chat\/embed\/?website_id=e303af1e-9ff2-4b67-a21d-6463ed2e6935\"><b>Live Chat<\/b><\/a>. Vores agenter st\u00e5r klar til at hj\u00e6lpe dig. Men i spidsbelastningsperioder kan svar tage l\u00e6ngere tid end normalt. Vi beder om din t\u00e5lmodighed og forst\u00e5else. Du kan v\u00e6re sikker p\u00e5, at vi vil besvare alle henvendelser, og hvis der er en forsinkelse, vil vi f\u00f8lge op via e-mail.<\/p>\t\t\t\t\t\t\t\t<\/div>\n\t\t\t\t<\/div>\n\t\t\t\t<div class=\"elementor-element elementor-element-e7466e3 elementor-shape-circle elementor-grid-0 e-grid-align-center elementor-widget elementor-widget-social-icons\" data-id=\"e7466e3\" data-element_type=\"widget\" data-widget_type=\"social-icons.default\">\n\t\t\t\t<div class=\"elementor-widget-container\">\n\t\t\t\t\t\t\t<div class=\"elementor-social-icons-wrapper elementor-grid\">\n\t\t\t\t\t\t\t<span class=\"elementor-grid-item\">\n\t\t\t\t\t<a class=\"elementor-icon elementor-social-icon elementor-social-icon-rocketchat elementor-repeater-item-b14141a\" href=\"https:\/\/go.crisp.chat\/chat\/embed\/?website_id=e303af1e-9ff2-4b67-a21d-6463ed2e6935\" target=\"_blank\">\n\t\t\t\t\t\t<span class=\"elementor-screen-only\">Rocketchat<\/span>\n\t\t\t\t\t\t<i class=\"fab fa-rocketchat\"><\/i>\t\t\t\t\t<\/a>\n\t\t\t\t<\/span>\n\t\t\t\t\t<\/div>\n\t\t\t\t\t\t<\/div>\n\t\t\t\t<\/div>\n\t\t\t\t<div class=\"elementor-element elementor-element-ebc7d87 elementor-widget elementor-widget-spacer\" data-id=\"ebc7d87\" data-element_type=\"widget\" data-widget_type=\"spacer.default\">\n\t\t\t\t<div class=\"elementor-widget-container\">\n\t\t\t\t\t\t\t<div class=\"elementor-spacer\">\n\t\t\t<div class=\"elementor-spacer-inner\"><\/div>\n\t\t<\/div>\n\t\t\t\t\t\t<\/div>\n\t\t\t\t<\/div>\n\t\t\t\t<div class=\"elementor-element elementor-element-3b7f357 elementor-widget elementor-widget-text-editor\" data-id=\"3b7f357\" data-element_type=\"widget\" data-widget_type=\"text-editor.default\">\n\t\t\t\t<div class=\"elementor-widget-container\">\n\t\t\t\t\t\t\t\t\t<p class=\"p1\"><b>Tilbagef\u00f8rsler og tvister<\/b><b><\/b><\/p><p class=\"p3\">Vi frar\u00e5der p\u00e5 det kraftigste at \u00e5bne tilbagef\u00f8rsler eller tvister uden at kontakte os f\u00f8rst. Vi er forpligtet til at l\u00f8se eventuelle problemer eller annullere dit abonnement, hvis det er n\u00f8dvendigt. Du skal dog forst\u00e5, at:<\/p><p class=\"p4\">\u2022 <b>Lovlig overholdelse:<\/b> Hvis en kunde bestrider vores ingen refusionspolitik eller kr\u00e6ver en refusion efter at have afgivet en ordre, forbeholder vi os retten til at tage retslige skridt. Ved at bruge vores tjenester accepterer du at l\u00f8se eventuelle tvister i overensstemmelse med g\u00e6ldende love og servicevilk\u00e5rene leveret af Hakuna TV.<\/p><p class=\"p4\">\u2022 F\u00f8r du \u00e5bner en tvist, skal du kontakte os via live chat og give os tilstr\u00e6kkelig tid til at hj\u00e6lpe dig.<\/p><p class=\"p1\"><b>Vigtige p\u00e5mindelser<\/b><b><\/b><\/p><p class=\"p4\">\u2022<b>T\u00e5lmodighed er v\u00e6rdsat:<\/b> Vores team arbejder h\u00e5rdt p\u00e5 at svare alle s\u00e5 hurtigt som muligt.<\/p><p class=\"p4\">\u2022<b>L\u00e6s alle politikker:<\/b> F\u00f8r du bestiller, skal du sikre dig, at du har l\u00e6st og forst\u00e5et vores refusionspolitik og servicevilk\u00e5r.<\/p>\t\t\t\t\t\t\t\t<\/div>\n\t\t\t\t<\/div>\n\t\t\t\t<div class=\"elementor-element elementor-element-cba4c7a elementor-widget elementor-widget-text-editor\" data-id=\"cba4c7a\" data-element_type=\"widget\" data-widget_type=\"text-editor.default\">\n\t\t\t\t<div class=\"elementor-widget-container\">\n\t\t\t\t\t\t\t\t\t<p class=\"p1\">Tak fordi du valgte Hakuna TV. Vi er forpligtet til at give dig IPTV-tjenester af h\u00f8j kvalitet og den bedst mulige support<\/p>\t\t\t\t\t\t\t\t<\/div>\n\t\t\t\t<\/div>\n\t\t\t\t<div class=\"elementor-element elementor-element-91c81fa elementor-widget elementor-widget-spacer\" data-id=\"91c81fa\" data-element_type=\"widget\" data-widget_type=\"spacer.default\">\n\t\t\t\t<div class=\"elementor-widget-container\">\n\t\t\t\t\t\t\t<div class=\"elementor-spacer\">\n\t\t\t<div class=\"elementor-spacer-inner\"><\/div>\n\t\t<\/div>\n\t\t\t\t\t\t<\/div>\n\t\t\t\t<\/div>\n\t\t\t\t\t<\/div>\n\t\t<\/div>\n\t\t\t\t\t<\/div>\n\t\t<\/section>\n\t\t\t\t<\/div>","protected":false},"excerpt":{"rendered":"<p>Vigtig information f\u00f8r du bestiller Tak fordi du overvejede Hakuna TV til dine IPTV-behov! For at sikre den bedste oplevelse for alle vores kunder, bedes du l\u00e6se f\u00f8lgende information omhyggeligt, f\u00f8r du afgiver din ordre. Pr\u00f8v vores 1-dagspas f\u00f8rst. Vi anbefaler st\u00e6rkt, at du starter med vores 1-dagspas for at teste vores tjenester, f\u00f8r du forpligter dig til en \u2026 <a title=\"Abonner p\u00e5 Hakuna TV\" class=\"read-more\" href=\"https:\/\/hakuna-tv.com\/hakuna-danmk\/abonner\/\" aria-label=\"L\u00e6s mere om at abonnere p\u00e5 Hakuna TV\">L\u00e6s mere<\/a><\/p>","protected":false},"author":1,"featured_media":0,"parent":0,"menu_order":0,"comment_status":"closed","ping_status":"closed","template":"","meta":{"_glsr_average":0,"_glsr_ranking":0,"_glsr_reviews":0,"footnotes":""},"class_list":["post-2382","page","type-page","status-publish"],"yoast_head":"<!-- This site is optimized with the Yoast SEO Premium plugin v25.4 (Yoast SEO v25.4) - https:\/\/yoast.com\/wordpress\/plugins\/seo\/ -->\n<title>Subscribe to Hakuna TV - Hakuna IPTV : All-In-One Quality IPTV Service<\/title>\n<meta name=\"robots\" content=\"index, follow, max-snippet:-1, max-image-preview:large, max-video-preview:-1\" \/>\n<link rel=\"canonical\" href=\"https:\/\/hakuna-tv.com\/hakuna-danmk\/abonner\/\" \/>\n<meta property=\"og:locale\" content=\"da_DK\" \/>\n<meta property=\"og:type\" content=\"article\" \/>\n<meta property=\"og:title\" content=\"Subscribe to Hakuna TV\" \/>\n<meta property=\"og:description\" content=\"Important Information Before You Order Thank you for considering Hakuna TV for your IPTV needs! To ensure the best experience for all our clients, please carefully read the following information before placing your order. Try Our 1-Day Pass First We highly recommend starting with our 1-Day Pass to test our services before committing to a ... L\u00e6s Mere\" \/>\n<meta property=\"og:url\" content=\"https:\/\/hakuna-tv.com\/hakuna-danmk\/abonner\/\" \/>\n<meta property=\"og:site_name\" content=\"Hakuna IPTV : All-In-One Quality IPTV Service\" \/>\n<meta property=\"article:modified_time\" content=\"2026-02-25T06:44:02+00:00\" \/>\n<meta name=\"twitter:card\" content=\"summary_large_image\" \/>\n<meta name=\"twitter:label1\" content=\"Estimeret l\u00e6setid\" \/>\n\t<meta name=\"twitter:data1\" content=\"2 minutter\" \/>\n<script type=\"application\/ld+json\" class=\"yoast-schema-graph\">{\"@context\":\"https:\/\/schema.org\",\"@graph\":[{\"@type\":\"WebPage\",\"@id\":\"https:\/\/hakuna-tv.com\/subscribe\/\",\"url\":\"https:\/\/hakuna-tv.com\/subscribe\/\",\"name\":\"Subscribe to Hakuna TV - Hakuna IPTV : All-In-One Quality IPTV Service\",\"isPartOf\":{\"@id\":\"https:\/\/hakuna-tv.com\/#website\"},\"datePublished\":\"2025-01-03T03:38:35+00:00\",\"dateModified\":\"2026-02-25T06:44:02+00:00\",\"breadcrumb\":{\"@id\":\"https:\/\/hakuna-tv.com\/subscribe\/#breadcrumb\"},\"inLanguage\":\"da-DK\",\"potentialAction\":[{\"@type\":\"ReadAction\",\"target\":[\"https:\/\/hakuna-tv.com\/subscribe\/\"]}]},{\"@type\":\"BreadcrumbList\",\"@id\":\"https:\/\/hakuna-tv.com\/subscribe\/#breadcrumb\",\"itemListElement\":[{\"@type\":\"ListItem\",\"position\":1,\"name\":\"Home\",\"item\":\"https:\/\/hakuna-tv.com\/\"},{\"@type\":\"ListItem\",\"position\":2,\"name\":\"Subscribe to Hakuna TV\"}]},{\"@type\":\"WebSite\",\"@id\":\"https:\/\/hakuna-tv.com\/#website\",\"url\":\"https:\/\/hakuna-tv.com\/\",\"name\":\"Hakuna IPTV : All-In-One Quality IPTV Service\",\"description\":\"\",\"publisher\":{\"@id\":\"https:\/\/hakuna-tv.com\/#organization\"},\"potentialAction\":[{\"@type\":\"SearchAction\",\"target\":{\"@type\":\"EntryPoint\",\"urlTemplate\":\"https:\/\/hakuna-tv.com\/?s={search_term_string}\"},\"query-input\":{\"@type\":\"PropertyValueSpecification\",\"valueRequired\":true,\"valueName\":\"search_term_string\"}}],\"inLanguage\":\"da-DK\"},{\"@type\":\"Organization\",\"@id\":\"https:\/\/hakuna-tv.com\/#organization\",\"name\":\"Hakuna IPTV : All-In-One Quality IPTV Service\",\"url\":\"https:\/\/hakuna-tv.com\/\",\"logo\":{\"@type\":\"ImageObject\",\"inLanguage\":\"da-DK\",\"@id\":\"https:\/\/hakuna-tv.com\/#\/schema\/logo\/image\/\",\"url\":\"https:\/\/hakuna-tv.com\/wp-content\/uploads\/2023\/10\/cropped-hakunaiptv-logo.png\",\"contentUrl\":\"https:\/\/hakuna-tv.com\/wp-content\/uploads\/2023\/10\/cropped-hakunaiptv-logo.png\",\"width\":363,\"height\":342,\"caption\":\"Hakuna IPTV : All-In-One Quality IPTV Service\"},\"image\":{\"@id\":\"https:\/\/hakuna-tv.com\/#\/schema\/logo\/image\/\"}}]}<\/script>\n<!-- \/ Yoast SEO Premium plugin. -->","yoast_head_json":{"title":"Subscribe to Hakuna TV - Hakuna IPTV : All-In-One Quality IPTV Service","robots":{"index":"index","follow":"follow","max-snippet":"max-snippet:-1","max-image-preview":"max-image-preview:large","max-video-preview":"max-video-preview:-1"},"canonical":"https:\/\/hakuna-tv.com\/hakuna-danmk\/abonner\/","og_locale":"da_DK","og_type":"article","og_title":"Subscribe to Hakuna TV","og_description":"Important Information Before You Order Thank you for considering Hakuna TV for your IPTV needs! To ensure the best experience for all our clients, please carefully read the following information before placing your order. Try Our 1-Day Pass First We highly recommend starting with our 1-Day Pass to test our services before committing to a ... L\u00e6s Mere","og_url":"https:\/\/hakuna-tv.com\/hakuna-danmk\/abonner\/","og_site_name":"Hakuna IPTV : All-In-One Quality IPTV Service","article_modified_time":"2026-02-25T06:44:02+00:00","twitter_card":"summary_large_image","twitter_misc":{"Estimeret l\u00e6setid":"2 minutter"},"schema":{"@context":"https:\/\/schema.org","@graph":[{"@type":"WebPage","@id":"https:\/\/hakuna-tv.com\/subscribe\/","url":"https:\/\/hakuna-tv.com\/subscribe\/","name":"Subscribe to Hakuna TV - Hakuna IPTV : All-In-One Quality IPTV Service","isPartOf":{"@id":"https:\/\/hakuna-tv.com\/#website"},"datePublished":"2025-01-03T03:38:35+00:00","dateModified":"2026-02-25T06:44:02+00:00","breadcrumb":{"@id":"https:\/\/hakuna-tv.com\/subscribe\/#breadcrumb"},"inLanguage":"da-DK","potentialAction":[{"@type":"ReadAction","target":["https:\/\/hakuna-tv.com\/subscribe\/"]}]},{"@type":"BreadcrumbList","@id":"https:\/\/hakuna-tv.com\/subscribe\/#breadcrumb","itemListElement":[{"@type":"ListItem","position":1,"name":"Home","item":"https:\/\/hakuna-tv.com\/"},{"@type":"ListItem","position":2,"name":"Subscribe to Hakuna TV"}]},{"@type":"WebSite","@id":"https:\/\/hakuna-tv.com\/#website","url":"https:\/\/hakuna-tv.com\/","name":"Hakuna IPTV : All-In-One Quality IPTV Service","description":"","publisher":{"@id":"https:\/\/hakuna-tv.com\/#organization"},"potentialAction":[{"@type":"SearchAction","target":{"@type":"EntryPoint","urlTemplate":"https:\/\/hakuna-tv.com\/?s={search_term_string}"},"query-input":{"@type":"PropertyValueSpecification","valueRequired":true,"valueName":"search_term_string"}}],"inLanguage":"da-DK"},{"@type":"Organization","@id":"https:\/\/hakuna-tv.com\/#organization","name":"Hakuna IPTV : All-In-One Quality IPTV Service","url":"https:\/\/hakuna-tv.com\/","logo":{"@type":"ImageObject","inLanguage":"da-DK","@id":"https:\/\/hakuna-tv.com\/#\/schema\/logo\/image\/","url":"https:\/\/hakuna-tv.com\/wp-content\/uploads\/2023\/10\/cropped-hakunaiptv-logo.png","contentUrl":"https:\/\/hakuna-tv.com\/wp-content\/uploads\/2023\/10\/cropped-hakunaiptv-logo.png","width":363,"height":342,"caption":"Hakuna IPTV : All-In-One Quality IPTV Service"},"image":{"@id":"https:\/\/hakuna-tv.com\/#\/schema\/logo\/image\/"}}]}},"_links":{"self":[{"href":"https:\/\/hakuna-tv.com\/hakuna-danmk\/wp-json\/wp\/v2\/pages\/2382","targetHints":{"allow":["GET"]}}],"collection":[{"href":"https:\/\/hakuna-tv.com\/hakuna-danmk\/wp-json\/wp\/v2\/pages"}],"about":[{"href":"https:\/\/hakuna-tv.com\/hakuna-danmk\/wp-json\/wp\/v2\/types\/page"}],"author":[{"embeddable":true,"href":"https:\/\/hakuna-tv.com\/hakuna-danmk\/wp-json\/wp\/v2\/users\/1"}],"replies":[{"embeddable":true,"href":"https:\/\/hakuna-tv.com\/hakuna-danmk\/wp-json\/wp\/v2\/comments?post=2382"}],"version-history":[{"count":222,"href":"https:\/\/hakuna-tv.com\/hakuna-danmk\/wp-json\/wp\/v2\/pages\/2382\/revisions"}],"predecessor-version":[{"id":3452,"href":"https:\/\/hakuna-tv.com\/hakuna-danmk\/wp-json\/wp\/v2\/pages\/2382\/revisions\/3452"}],"wp:attachment":[{"href":"https:\/\/hakuna-tv.com\/hakuna-danmk\/wp-json\/wp\/v2\/media?parent=2382"}],"curies":[{"name":"wp","href":"https:\/\/api.w.org\/{rel}","templated":true}]}}