{"id":1239,"date":"2023-10-04T19:33:14","date_gmt":"2023-10-04T19:33:14","guid":{"rendered":"https:\/\/hakuna-tv.com\/?page_id=1239"},"modified":"2025-11-05T05:22:52","modified_gmt":"2025-11-05T05:22:52","slug":"databeskyttelse","status":"publish","type":"page","link":"https:\/\/hakuna-tv.com\/hakuna-danmk\/databeskyttelse\/","title":{"rendered":"Fortrolighedspolitik"},"content":{"rendered":"<div data-elementor-type=\"wp-page\" data-elementor-id=\"1239\" class=\"elementor elementor-1239\" data-elementor-post-type=\"page\">\n\t\t\t\t\t\t<section class=\"elementor-section elementor-top-section elementor-element elementor-element-0f8a65f elementor-section-boxed elementor-section-height-default elementor-section-height-default\" data-id=\"0f8a65f\" data-element_type=\"section\" data-settings=\"{&quot;background_background&quot;:&quot;classic&quot;}\">\n\t\t\t\t\t\t\t<div class=\"elementor-background-overlay\"><\/div>\n\t\t\t\t\t\t\t<div class=\"elementor-container elementor-column-gap-default\">\n\t\t\t\t\t<div class=\"elementor-column elementor-col-100 elementor-top-column elementor-element elementor-element-d09dc73\" data-id=\"d09dc73\" data-element_type=\"column\">\n\t\t\t<div class=\"elementor-widget-wrap\">\n\t\t\t\t\t\t\t<\/div>\n\t\t<\/div>\n\t\t\t\t\t<\/div>\n\t\t<\/section>\n\t\t\t\t<section class=\"elementor-section elementor-top-section elementor-element elementor-element-b4cf129 elementor-section-full_width elementor-section-height-default elementor-section-height-default\" data-id=\"b4cf129\" data-element_type=\"section\" data-settings=\"{&quot;background_background&quot;:&quot;slideshow&quot;,&quot;background_slideshow_gallery&quot;:[],&quot;background_slideshow_loop&quot;:&quot;yes&quot;,&quot;background_slideshow_slide_duration&quot;:5000,&quot;background_slideshow_slide_transition&quot;:&quot;fade&quot;,&quot;background_slideshow_transition_duration&quot;:500}\">\n\t\t\t\t\t\t\t<div class=\"elementor-background-overlay\"><\/div>\n\t\t\t\t\t\t\t<div class=\"elementor-container elementor-column-gap-default\">\n\t\t\t\t\t<div class=\"elementor-column elementor-col-100 elementor-top-column elementor-element elementor-element-3ec8eeb\" data-id=\"3ec8eeb\" data-element_type=\"column\">\n\t\t\t<div class=\"elementor-widget-wrap elementor-element-populated\">\n\t\t\t\t\t\t<div class=\"elementor-element elementor-element-790724d elementor-widget elementor-widget-spacer\" data-id=\"790724d\" data-element_type=\"widget\" data-widget_type=\"spacer.default\">\n\t\t\t\t<div class=\"elementor-widget-container\">\n\t\t\t\t\t\t\t<div class=\"elementor-spacer\">\n\t\t\t<div class=\"elementor-spacer-inner\"><\/div>\n\t\t<\/div>\n\t\t\t\t\t\t<\/div>\n\t\t\t\t<\/div>\n\t\t\t\t<div class=\"elementor-element elementor-element-cdadb86 elementor-widget elementor-widget-heading\" data-id=\"cdadb86\" data-element_type=\"widget\" data-widget_type=\"heading.default\">\n\t\t\t\t<div class=\"elementor-widget-container\">\n\t\t\t\t\t<h2 class=\"elementor-heading-title elementor-size-default\">Fortrolighedspolitik<\/h2>\t\t\t\t<\/div>\n\t\t\t\t<\/div>\n\t\t\t\t<div class=\"elementor-element elementor-element-ea50da2 elementor-widget elementor-widget-text-editor\" data-id=\"ea50da2\" data-element_type=\"widget\" data-widget_type=\"text-editor.default\">\n\t\t\t\t<div class=\"elementor-widget-container\">\n\t\t\t\t\t\t\t\t\t<p>De f\u00f8lgende generelle salgsbetingelser regulerer alle transaktioner, der udf\u00f8res i hakuna-tv.com-webkataloget.<\/p><p>Alle ordrer afgivet p\u00e5 denne hjemmeside indeb\u00e6rer ubetinget og uigenkaldelig accept fra kundens side af disse betingelser.<\/p><p>Artikel 1: Emne<\/p><p>Denne aftale er en fjernaftale, der har til form\u00e5l at fastl\u00e6gge parternes rettigheder og forpligtelser i forbindelse med salg af IPTV-produkter p\u00e5 internettet gennem vores butik.<\/p><p>Artikel 2 \u2013 Pris<\/p><p>Priserne p\u00e5 vores produkter er angivet inklusive alle afgifter (moms og andre afgifter, der er g\u00e6ldende p\u00e5 bestillingsdagen), medmindre andet er angivet.<\/p><p>www.hakuna-tv.com forbeholder sig retten til at \u00e6ndre sine priser til enhver tid, men produktet vil blive faktureret baseret p\u00e5 den g\u00e6ldende pris p\u00e5 det tidspunkt, hvor ordren bekr\u00e6ftes og afh\u00e6ngig af tilg\u00e6ngelighed.<\/p><p>Artikel 3 \u2013 Bekendtg\u00f8relser<\/p><p>Du kan bestille:<\/p><p>Angiv de valgte metoder, for eksempel:<\/p><p>\u2022 P\u00e5 internettet: www.hakuna-tv.com<\/p><p>\u2022 Via WhatsApp fra mandag til s\u00f8ndag d\u00f8gnet rundt.<\/p><p>Artikel 4 \u2013 Bekr\u00e6ftelse af din ordre<\/p><p>Enhver ordre, der vises p\u00e5 hjemmesiden www.hakuna-tv.com, indeb\u00e6rer accept af disse generelle vilk\u00e5r og betingelser. Hver ordrebekr\u00e6ftelse indeb\u00e6rer din fulde accept af disse generelle salgsbetingelser, uden undtagelse eller forbehold.<\/p><p>Alle data leveret og registreret bekr\u00e6ftelse betragtes som bevis for transaktionen.<\/p><p>Du erkl\u00e6rer, at du har fuld viden om dette.<\/p><p>Et resum\u00e9 af dine ordreoplysninger og disse vilk\u00e5r og betingelser vil blive sendt til dig efter anmodning i PDF-format via e-mailadresse.<\/p><p>Artikel 5 \u2013 Betaling For at betale for din ordre skal du v\u00e6lge en af de betalingsmetoder, der tilbydes af www.hakuna-tv.com p\u00e5 betalingssiden.<\/p><p>I dette tilf\u00e6lde vil transaktionen blive overf\u00f8rt til at debitere din konto med det samme med forsendelsesbekr\u00e6ftelsen.<\/p><p>Forbrugeren garanterer HAKUNA IPTV, at han under valideringen af bestillingsformularen har de n\u00f8dvendige tilladelser til at bruge den betalingsmetode, han har valgt.<\/p><p>Ved betaling med kreditkort g\u00e6lder bestemmelserne om svigagtig brug af betalingsmidler, som er fastsat i de aftaler, der er indg\u00e5et mellem forbrugeren og udstederen af kortet mellem www.hakuna-tv.com og dennes bank. .<\/p><p>Bekr\u00e6ftelse af din ordre forpligter dig til at betale den angivne pris.<\/p><p>Artikel 6 - Tilg\u00e6ngelighed<\/p><p>Vores produkter tilbydes, s\u00e5 l\u00e6nge de er synlige p\u00e5 hjemmesiden www.hakuna-tv.com og inden for gr\u00e6nserne af tilg\u00e6ngelige lagerbeholdninger.<\/p><p>I tilf\u00e6lde af manglende tilg\u00e6ngelighed af produktet efter din bestilling, vil vi informere dig via e-mail. Din ordre vil automatisk blive annulleret, og der vil ikke blive opkr\u00e6vet et bankgebyr.<\/p><p>Artikel 7 \u2013 Levering<\/p><p>Produkterne vil blive leveret til den e-mailadresse eller telefonnummer (Whatsapp), der er angivet under bestillingsprocessen, inden for den tid, der er angivet p\u00e5 ordrebekr\u00e6ftelsessiden.<\/p><p>I tilf\u00e6lde af en leveringsforsinkelse, vil du modtage en e-mail for at informere dig om enhver indvirkning p\u00e5 den opgivne leveringstid.<\/p><p>Artikel 8 \u2013 Garanti<\/p><p>Alle vores produkter nyder godt af den juridiske garanti for overensstemmelse og garantien mod skjulte fejl. I tilf\u00e6lde af manglende overensstemmelse med et solgt produkt, kan det refunderes.<\/p><p>Alle klager, anmodninger om tilbagebetaling skal ske via e-mail: inden for 48 timer efter levering.<\/p><p>Artikel 9 \u2013 Arkivering af beviser<\/p><p>Hakuna-IPTV arkiverer ordrer og fakturaer p\u00e5 et p\u00e5lideligt og holdbart medium, der repr\u00e6senterer en tro kopi i overensstemmelse med Civil Code.<\/p><p>Artikel 10 \u2013 Force Majeure<\/p><p>www.hakuna-tv.com er kun forpligtet til at opfylde sine forpligtelser, medmindre en begivenhed af force majeure forhindrer dette<\/p>\t\t\t\t\t\t\t\t<\/div>\n\t\t\t\t<\/div>\n\t\t\t\t<div class=\"elementor-element elementor-element-d3c3526 elementor-widget elementor-widget-spacer\" data-id=\"d3c3526\" data-element_type=\"widget\" data-widget_type=\"spacer.default\">\n\t\t\t\t<div class=\"elementor-widget-container\">\n\t\t\t\t\t\t\t<div class=\"elementor-spacer\">\n\t\t\t<div class=\"elementor-spacer-inner\"><\/div>\n\t\t<\/div>\n\t\t\t\t\t\t<\/div>\n\t\t\t\t<\/div>\n\t\t\t\t\t<\/div>\n\t\t<\/div>\n\t\t\t\t\t<\/div>\n\t\t<\/section>\n\t\t\t\t<\/div>","protected":false},"excerpt":{"rendered":"<p>Fortrolighedspolitik F\u00f8lgende generelle salgsbetingelser regulerer alle transaktioner, der udf\u00f8res i webkataloget hakuna-tv.com. Alle ordrer afgivet p\u00e5 denne hjemmeside indeb\u00e6rer ubetinget og uigenkaldelig accept fra kundens side af disse betingelser. Artikel 1: Genstand Denne aftale er en fjernsalgsaftale, der har til form\u00e5l at fastl\u00e6gge parternes rettigheder og forpligtelser... <a title=\"Fortrolighedspolitik\" class=\"read-more\" href=\"https:\/\/hakuna-tv.com\/hakuna-danmk\/databeskyttelse\/\" aria-label=\"L\u00e6s mere om privatlivspolitikken\">L\u00e6s mere<\/a><\/p>","protected":false},"author":1,"featured_media":0,"parent":0,"menu_order":0,"comment_status":"closed","ping_status":"closed","template":"","meta":{"_glsr_average":0,"_glsr_ranking":0,"_glsr_reviews":0,"footnotes":""},"class_list":["post-1239","page","type-page","status-publish"],"yoast_head":"<!-- This site is optimized with the Yoast SEO Premium plugin v25.4 (Yoast SEO v25.4) - https:\/\/yoast.com\/wordpress\/plugins\/seo\/ -->\n<title>Privacy Policy - Hakuna IPTV : All-In-One Quality IPTV Service<\/title>\n<meta name=\"robots\" content=\"index, follow, max-snippet:-1, max-image-preview:large, max-video-preview:-1\" \/>\n<link rel=\"canonical\" href=\"https:\/\/hakuna-tv.com\/hakuna-danmk\/databeskyttelse\/\" \/>\n<meta property=\"og:locale\" content=\"da_DK\" \/>\n<meta property=\"og:type\" content=\"article\" \/>\n<meta property=\"og:title\" content=\"Privacy Policy\" \/>\n<meta property=\"og:description\" content=\"Privacy Policy The following general conditions of sale govern all transactions carried out in the hakuna-tv.com web catalog. All orders placed on this website imply the unconditional and irrevocable acceptance by the customer of these conditions. Article 1: Subject This Agreement is a distance contract aimed at determining the rights and obligations of the parties ... L\u00e6s Mere\" \/>\n<meta property=\"og:url\" content=\"https:\/\/hakuna-tv.com\/hakuna-danmk\/databeskyttelse\/\" \/>\n<meta property=\"og:site_name\" content=\"Hakuna IPTV : All-In-One Quality IPTV Service\" \/>\n<meta property=\"article:modified_time\" content=\"2025-11-05T05:22:52+00:00\" \/>\n<meta name=\"twitter:card\" content=\"summary_large_image\" \/>\n<meta name=\"twitter:label1\" content=\"Estimeret l\u00e6setid\" \/>\n\t<meta name=\"twitter:data1\" content=\"3 minutter\" \/>\n<script type=\"application\/ld+json\" class=\"yoast-schema-graph\">{\"@context\":\"https:\/\/schema.org\",\"@graph\":[{\"@type\":\"WebPage\",\"@id\":\"https:\/\/hakuna-tv.com\/data-protection\/\",\"url\":\"https:\/\/hakuna-tv.com\/data-protection\/\",\"name\":\"Privacy Policy - Hakuna IPTV : All-In-One Quality IPTV Service\",\"isPartOf\":{\"@id\":\"https:\/\/hakuna-tv.com\/#website\"},\"datePublished\":\"2023-10-04T19:33:14+00:00\",\"dateModified\":\"2025-11-05T05:22:52+00:00\",\"breadcrumb\":{\"@id\":\"https:\/\/hakuna-tv.com\/data-protection\/#breadcrumb\"},\"inLanguage\":\"da-DK\",\"potentialAction\":[{\"@type\":\"ReadAction\",\"target\":[\"https:\/\/hakuna-tv.com\/data-protection\/\"]}]},{\"@type\":\"BreadcrumbList\",\"@id\":\"https:\/\/hakuna-tv.com\/data-protection\/#breadcrumb\",\"itemListElement\":[{\"@type\":\"ListItem\",\"position\":1,\"name\":\"Home\",\"item\":\"https:\/\/hakuna-tv.com\/\"},{\"@type\":\"ListItem\",\"position\":2,\"name\":\"Privacy Policy\"}]},{\"@type\":\"WebSite\",\"@id\":\"https:\/\/hakuna-tv.com\/#website\",\"url\":\"https:\/\/hakuna-tv.com\/\",\"name\":\"Hakuna IPTV : All-In-One Quality IPTV Service\",\"description\":\"\",\"publisher\":{\"@id\":\"https:\/\/hakuna-tv.com\/#organization\"},\"potentialAction\":[{\"@type\":\"SearchAction\",\"target\":{\"@type\":\"EntryPoint\",\"urlTemplate\":\"https:\/\/hakuna-tv.com\/?s={search_term_string}\"},\"query-input\":{\"@type\":\"PropertyValueSpecification\",\"valueRequired\":true,\"valueName\":\"search_term_string\"}}],\"inLanguage\":\"da-DK\"},{\"@type\":\"Organization\",\"@id\":\"https:\/\/hakuna-tv.com\/#organization\",\"name\":\"Hakuna IPTV : All-In-One Quality IPTV Service\",\"url\":\"https:\/\/hakuna-tv.com\/\",\"logo\":{\"@type\":\"ImageObject\",\"inLanguage\":\"da-DK\",\"@id\":\"https:\/\/hakuna-tv.com\/#\/schema\/logo\/image\/\",\"url\":\"https:\/\/hakuna-tv.com\/wp-content\/uploads\/2023\/10\/cropped-hakunaiptv-logo.png\",\"contentUrl\":\"https:\/\/hakuna-tv.com\/wp-content\/uploads\/2023\/10\/cropped-hakunaiptv-logo.png\",\"width\":363,\"height\":342,\"caption\":\"Hakuna IPTV : All-In-One Quality IPTV Service\"},\"image\":{\"@id\":\"https:\/\/hakuna-tv.com\/#\/schema\/logo\/image\/\"}}]}<\/script>\n<!-- \/ Yoast SEO Premium plugin. -->","yoast_head_json":{"title":"Privacy Policy - Hakuna IPTV : All-In-One Quality IPTV Service","robots":{"index":"index","follow":"follow","max-snippet":"max-snippet:-1","max-image-preview":"max-image-preview:large","max-video-preview":"max-video-preview:-1"},"canonical":"https:\/\/hakuna-tv.com\/hakuna-danmk\/databeskyttelse\/","og_locale":"da_DK","og_type":"article","og_title":"Privacy Policy","og_description":"Privacy Policy The following general conditions of sale govern all transactions carried out in the hakuna-tv.com web catalog. All orders placed on this website imply the unconditional and irrevocable acceptance by the customer of these conditions. Article 1: Subject This Agreement is a distance contract aimed at determining the rights and obligations of the parties ... L\u00e6s Mere","og_url":"https:\/\/hakuna-tv.com\/hakuna-danmk\/databeskyttelse\/","og_site_name":"Hakuna IPTV : All-In-One Quality IPTV Service","article_modified_time":"2025-11-05T05:22:52+00:00","twitter_card":"summary_large_image","twitter_misc":{"Estimeret l\u00e6setid":"3 minutter"},"schema":{"@context":"https:\/\/schema.org","@graph":[{"@type":"WebPage","@id":"https:\/\/hakuna-tv.com\/data-protection\/","url":"https:\/\/hakuna-tv.com\/data-protection\/","name":"Privacy Policy - Hakuna IPTV : All-In-One Quality IPTV Service","isPartOf":{"@id":"https:\/\/hakuna-tv.com\/#website"},"datePublished":"2023-10-04T19:33:14+00:00","dateModified":"2025-11-05T05:22:52+00:00","breadcrumb":{"@id":"https:\/\/hakuna-tv.com\/data-protection\/#breadcrumb"},"inLanguage":"da-DK","potentialAction":[{"@type":"ReadAction","target":["https:\/\/hakuna-tv.com\/data-protection\/"]}]},{"@type":"BreadcrumbList","@id":"https:\/\/hakuna-tv.com\/data-protection\/#breadcrumb","itemListElement":[{"@type":"ListItem","position":1,"name":"Home","item":"https:\/\/hakuna-tv.com\/"},{"@type":"ListItem","position":2,"name":"Privacy Policy"}]},{"@type":"WebSite","@id":"https:\/\/hakuna-tv.com\/#website","url":"https:\/\/hakuna-tv.com\/","name":"Hakuna IPTV : All-In-One Quality IPTV Service","description":"","publisher":{"@id":"https:\/\/hakuna-tv.com\/#organization"},"potentialAction":[{"@type":"SearchAction","target":{"@type":"EntryPoint","urlTemplate":"https:\/\/hakuna-tv.com\/?s={search_term_string}"},"query-input":{"@type":"PropertyValueSpecification","valueRequired":true,"valueName":"search_term_string"}}],"inLanguage":"da-DK"},{"@type":"Organization","@id":"https:\/\/hakuna-tv.com\/#organization","name":"Hakuna IPTV : All-In-One Quality IPTV Service","url":"https:\/\/hakuna-tv.com\/","logo":{"@type":"ImageObject","inLanguage":"da-DK","@id":"https:\/\/hakuna-tv.com\/#\/schema\/logo\/image\/","url":"https:\/\/hakuna-tv.com\/wp-content\/uploads\/2023\/10\/cropped-hakunaiptv-logo.png","contentUrl":"https:\/\/hakuna-tv.com\/wp-content\/uploads\/2023\/10\/cropped-hakunaiptv-logo.png","width":363,"height":342,"caption":"Hakuna IPTV : All-In-One Quality IPTV Service"},"image":{"@id":"https:\/\/hakuna-tv.com\/#\/schema\/logo\/image\/"}}]}},"_links":{"self":[{"href":"https:\/\/hakuna-tv.com\/hakuna-danmk\/wp-json\/wp\/v2\/pages\/1239","targetHints":{"allow":["GET"]}}],"collection":[{"href":"https:\/\/hakuna-tv.com\/hakuna-danmk\/wp-json\/wp\/v2\/pages"}],"about":[{"href":"https:\/\/hakuna-tv.com\/hakuna-danmk\/wp-json\/wp\/v2\/types\/page"}],"author":[{"embeddable":true,"href":"https:\/\/hakuna-tv.com\/hakuna-danmk\/wp-json\/wp\/v2\/users\/1"}],"replies":[{"embeddable":true,"href":"https:\/\/hakuna-tv.com\/hakuna-danmk\/wp-json\/wp\/v2\/comments?post=1239"}],"version-history":[{"count":3,"href":"https:\/\/hakuna-tv.com\/hakuna-danmk\/wp-json\/wp\/v2\/pages\/1239\/revisions"}],"predecessor-version":[{"id":3066,"href":"https:\/\/hakuna-tv.com\/hakuna-danmk\/wp-json\/wp\/v2\/pages\/1239\/revisions\/3066"}],"wp:attachment":[{"href":"https:\/\/hakuna-tv.com\/hakuna-danmk\/wp-json\/wp\/v2\/media?parent=1239"}],"curies":[{"name":"wp","href":"https:\/\/api.w.org\/{rel}","templated":true}]}}